{"id":998,"date":"2025-09-08T09:47:02","date_gmt":"2025-09-08T07:47:02","guid":{"rendered":"https:\/\/ujoldal.asvanyekszerek.com\/index.php\/termek\/white-rose-gold-baratsag-karkoto\/"},"modified":"2025-09-17T12:05:41","modified_gmt":"2025-09-17T10:05:41","slug":"white-rose-gold-baratsag-karkoto","status":"publish","type":"product","link":"https:\/\/ujoldal.asvanyekszerek.com\/index.php\/termek\/white-rose-gold-baratsag-karkoto\/","title":{"rendered":"White-rose gold bar\u00e1ts\u00e1g kark\u00f6t\u0151"},"content":{"rendered":"<p><strong>Hegyikrist\u00e1ly<\/strong>: Sejtregener\u00e1l\u00f3, immuner\u0151s\u00edt\u0151, idegrendszer nyugtat\u00f3, m\u00e9regtelen\u00edt\u0151. Serkenti az agyi funkci\u00f3kat \u00e9s az anyagcser\u00e9t. Egyens\u00falyban tartja a hormonh\u00e1ztart\u00e1st \u00e9s a v\u00e9rcukorszintet.<\/p>\n<p><strong>Hematit: <\/strong>V\u00e9r \u00e9s sejt k\u00e9pz\u0151, gyors\u00edtja a betegs\u00e9gek ut\u00e1ni fel\u00e9p\u00fcl\u00e9st. Stabiliz\u00e1lja a v\u00e9rnyom\u00e1st. Jav\u00edtja az agyi funkci\u00f3kat \u00e9s az oxig\u00e9n ell\u00e1t\u00e1st.<\/p>\n<p><strong>Jade:<\/strong> Szerencsehoz\u00f3, vesetiszt\u00edt\u00f3, m\u00e9regtelen\u00edt\u0151, sejtregener\u00e1l\u00f3, lelki b\u00e9k\u00e9t seg\u00edt\u0151, idegrendszer \u00e9s alv\u00e1s jav\u00edt\u00f3, v\u00e9delmez\u0151 \u00e9s term\u00e9kenys\u00e9get seg\u00edt\u0151.<\/p>\n","protected":false},"excerpt":{"rendered":"<p>Egyedi elk\u00e9pzel\u00e9s alapj\u00e1n k\u00e9sz\u00fclt n\u0151i bar\u00e1ts\u00e1g kark\u00f6t\u0151 szett, amely hegyikrist\u00e1lyb\u00f3l, jade-b\u00f3l \u00e9s hematitb\u00f3l \u00e1ll. T\u00f6k\u00e9letes aj\u00e1nd\u00e9k lehet sz\u00fclet\u00e9snapra, n\u00e9vnapra vagy b\u00e1rmilyen m\u00e1s alkalomra.<\/p>\n<p>A term\u00e9k k\u00fcl\u00f6nb\u00f6z\u0151 m\u00e9retben rendelhet\u0151, \u00edgy k\u00e9rlek a rendel\u00e9s v\u00e9g\u00e9n l\u00e9v\u0151 megjegyz\u00e9sben add meg a pontos m\u00e9retet!<\/p>\n","protected":false},"featured_media":999,"comment_status":"open","ping_status":"open","template":"","meta":{"_seopress_robots_primary_cat":"","_seopress_titles_title":"","_seopress_titles_desc":"","_seopress_robots_index":""},"product_brand":[],"product_cat":[21],"product_tag":[],"class_list":{"0":"post-998","1":"product","2":"type-product","3":"status-publish","4":"has-post-thumbnail","6":"product_cat-csaladi-kollekcio","8":"first","9":"onbackorder","10":"shipping-taxable","11":"purchasable","12":"product-type-simple"},"_links":{"self":[{"href":"https:\/\/ujoldal.asvanyekszerek.com\/index.php\/wp-json\/wp\/v2\/product\/998","targetHints":{"allow":["GET"]}}],"collection":[{"href":"https:\/\/ujoldal.asvanyekszerek.com\/index.php\/wp-json\/wp\/v2\/product"}],"about":[{"href":"https:\/\/ujoldal.asvanyekszerek.com\/index.php\/wp-json\/wp\/v2\/types\/product"}],"replies":[{"embeddable":true,"href":"https:\/\/ujoldal.asvanyekszerek.com\/index.php\/wp-json\/wp\/v2\/comments?post=998"}],"wp:featuredmedia":[{"embeddable":true,"href":"https:\/\/ujoldal.asvanyekszerek.com\/index.php\/wp-json\/wp\/v2\/media\/999"}],"wp:attachment":[{"href":"https:\/\/ujoldal.asvanyekszerek.com\/index.php\/wp-json\/wp\/v2\/media?parent=998"}],"wp:term":[{"taxonomy":"product_brand","embeddable":true,"href":"https:\/\/ujoldal.asvanyekszerek.com\/index.php\/wp-json\/wp\/v2\/product_brand?post=998"},{"taxonomy":"product_cat","embeddable":true,"href":"https:\/\/ujoldal.asvanyekszerek.com\/index.php\/wp-json\/wp\/v2\/product_cat?post=998"},{"taxonomy":"product_tag","embeddable":true,"href":"https:\/\/ujoldal.asvanyekszerek.com\/index.php\/wp-json\/wp\/v2\/product_tag?post=998"}],"curies":[{"name":"wp","href":"https:\/\/api.w.org\/{rel}","templated":true}]}}