{"id":972,"date":"2025-09-08T09:45:18","date_gmt":"2025-09-08T07:45:18","guid":{"rendered":"https:\/\/ujoldal.asvanyekszerek.com\/index.php\/termek\/doris-luxe-karkoto\/"},"modified":"2025-09-17T12:05:07","modified_gmt":"2025-09-17T10:05:07","slug":"doris-luxe-karkoto","status":"publish","type":"product","link":"https:\/\/ujoldal.asvanyekszerek.com\/index.php\/termek\/doris-luxe-karkoto\/","title":{"rendered":"Doris luxe kark\u00f6t\u0151"},"content":{"rendered":"<p><strong>R\u00f3zsakvarc<em>:<\/em><\/strong> A r\u00f3zsakvarc, a felt\u00e9tel n\u00e9lk\u00fcli szeretet \u00e9s a v\u00e9gtelen b\u00e9ke k\u00f6ve.\u00a0Term\u00e9kenys\u00e9gfokoz\u00f3, nyugtat\u00f3, kommunik\u00e1ci\u00f3t er\u0151s\u00edt\u0151, m\u00e9regtelen\u00edt\u0151, vesejav\u00edt\u00f3, v\u00e9rnyom\u00e1s stabiliz\u00e1l\u00f3 \u00e9s b\u0151rregener\u00e1l\u00f3. Figyelem! Visel\u00e9s hat\u00e1s\u00e1ra elsz\u00fcrk\u00fclhet, kifeh\u00e9redhet.<\/p>\n<p><strong>Hegyikrist\u00e1ly<\/strong>: Sejtregener\u00e1l\u00f3, immuner\u0151s\u00edt\u0151, idegrendszer nyugtat\u00f3, m\u00e9regtelen\u00edt\u0151. Serkenti az agyi funkci\u00f3kat \u00e9s az anyagcser\u00e9t. Egyens\u00falyban tartja a hormonh\u00e1ztart\u00e1st \u00e9s a v\u00e9rcukorszintet.<\/p>\n<p><strong>J\u00e1spis: <\/strong>Szer\u00e9nys\u00e9gre, \u00f6nzetlens\u00e9gre, egy\u00fctt\u00e9rz\u00e9sre \u00e9s t\u00fcrelemre k\u00e9sztet. Jav\u00edtja a kering\u00e9st. Aktiv\u00e1lja a m\u00e1j, epe, l\u00e9p \u00e9s a hasny\u00e1lmirigy m\u0171k\u00f6d\u00e9s\u00e9t.<\/p>\n","protected":false},"excerpt":{"rendered":"<p style=\"margin: 0cm; margin-bottom: .0001pt;\">Egyedi desing alapj\u00e1n k\u00e9sz\u00fclt n\u0151i \u00e1sv\u00e1nykark\u00f6t\u0151 szett, amely r\u00f3zsakvarcot, hegyikrist\u00e1lyt \u00e9s sz\u00fcrke j\u00e1spist tartalmaz. T\u00f6k\u00e9letes aj\u00e1nd\u00e9k lehet sz\u00fclet\u00e9snapra \u00e9s n\u00e9vnapra.<\/p>\n<p style=\"margin: 0cm; margin-bottom: .0001pt;\">A term\u00e9k k\u00fcl\u00f6nb\u00f6z\u0151 m\u00e9retben rendelhet\u0151, \u00edgy k\u00e9rlek a rendel\u00e9s v\u00e9g\u00e9n l\u00e9v\u0151 megjegyz\u00e9sben<\/p>\n<p style=\"margin: 0cm; margin-bottom: .0001pt;\">add meg a pontos m\u00e9retet.<\/p>\n","protected":false},"featured_media":973,"comment_status":"open","ping_status":"open","template":"","meta":{"_seopress_robots_primary_cat":"","_seopress_titles_title":"","_seopress_titles_desc":"","_seopress_robots_index":""},"product_brand":[],"product_cat":[17,26,25],"product_tag":[],"class_list":{"0":"post-972","1":"product","2":"type-product","3":"status-publish","4":"has-post-thumbnail","6":"product_cat-asvanykarkoto","7":"product_cat-basic","8":"product_cat-noi-asvanykarkoto","10":"first","11":"instock","12":"shipping-taxable","13":"purchasable","14":"product-type-simple"},"_links":{"self":[{"href":"https:\/\/ujoldal.asvanyekszerek.com\/index.php\/wp-json\/wp\/v2\/product\/972","targetHints":{"allow":["GET"]}}],"collection":[{"href":"https:\/\/ujoldal.asvanyekszerek.com\/index.php\/wp-json\/wp\/v2\/product"}],"about":[{"href":"https:\/\/ujoldal.asvanyekszerek.com\/index.php\/wp-json\/wp\/v2\/types\/product"}],"replies":[{"embeddable":true,"href":"https:\/\/ujoldal.asvanyekszerek.com\/index.php\/wp-json\/wp\/v2\/comments?post=972"}],"wp:featuredmedia":[{"embeddable":true,"href":"https:\/\/ujoldal.asvanyekszerek.com\/index.php\/wp-json\/wp\/v2\/media\/973"}],"wp:attachment":[{"href":"https:\/\/ujoldal.asvanyekszerek.com\/index.php\/wp-json\/wp\/v2\/media?parent=972"}],"wp:term":[{"taxonomy":"product_brand","embeddable":true,"href":"https:\/\/ujoldal.asvanyekszerek.com\/index.php\/wp-json\/wp\/v2\/product_brand?post=972"},{"taxonomy":"product_cat","embeddable":true,"href":"https:\/\/ujoldal.asvanyekszerek.com\/index.php\/wp-json\/wp\/v2\/product_cat?post=972"},{"taxonomy":"product_tag","embeddable":true,"href":"https:\/\/ujoldal.asvanyekszerek.com\/index.php\/wp-json\/wp\/v2\/product_tag?post=972"}],"curies":[{"name":"wp","href":"https:\/\/api.w.org\/{rel}","templated":true}]}}