{"id":936,"date":"2025-09-08T09:41:49","date_gmt":"2025-09-08T07:41:49","guid":{"rendered":"https:\/\/ujoldal.asvanyekszerek.com\/index.php\/termek\/monogramos-paros-szett\/"},"modified":"2025-09-17T12:04:17","modified_gmt":"2025-09-17T10:04:17","slug":"monogramos-paros-szett","status":"publish","type":"product","link":"https:\/\/ujoldal.asvanyekszerek.com\/index.php\/termek\/monogramos-paros-szett\/","title":{"rendered":"Monogramos p\u00e1ros szett"},"content":{"rendered":"","protected":false},"excerpt":{"rendered":"<p>Egyedi design alapj\u00e1n k\u00e9sz\u00fclt monogramos fonott kark\u00f6t\u0151. Egyedi rendel\u00e9s eset\u00e9n a rendel\u00e9s v\u00e9g\u00e9n tal\u00e1lhat\u00f3 megjegyz\u00e9sben t\u00fcntesd fel a kezd\u0151bet\u0171ket vagy az egyedi feliratot.<\/p>\n","protected":false},"featured_media":937,"comment_status":"open","ping_status":"open","template":"","meta":{"_seopress_robots_primary_cat":"","_seopress_titles_title":"","_seopress_titles_desc":"","_seopress_robots_index":""},"product_brand":[],"product_cat":[15],"product_tag":[],"class_list":{"0":"post-936","1":"product","2":"type-product","3":"status-publish","4":"has-post-thumbnail","6":"product_cat-egyeb","8":"first","9":"onbackorder","10":"shipping-taxable","11":"purchasable","12":"product-type-simple"},"_links":{"self":[{"href":"https:\/\/ujoldal.asvanyekszerek.com\/index.php\/wp-json\/wp\/v2\/product\/936","targetHints":{"allow":["GET"]}}],"collection":[{"href":"https:\/\/ujoldal.asvanyekszerek.com\/index.php\/wp-json\/wp\/v2\/product"}],"about":[{"href":"https:\/\/ujoldal.asvanyekszerek.com\/index.php\/wp-json\/wp\/v2\/types\/product"}],"replies":[{"embeddable":true,"href":"https:\/\/ujoldal.asvanyekszerek.com\/index.php\/wp-json\/wp\/v2\/comments?post=936"}],"wp:featuredmedia":[{"embeddable":true,"href":"https:\/\/ujoldal.asvanyekszerek.com\/index.php\/wp-json\/wp\/v2\/media\/937"}],"wp:attachment":[{"href":"https:\/\/ujoldal.asvanyekszerek.com\/index.php\/wp-json\/wp\/v2\/media?parent=936"}],"wp:term":[{"taxonomy":"product_brand","embeddable":true,"href":"https:\/\/ujoldal.asvanyekszerek.com\/index.php\/wp-json\/wp\/v2\/product_brand?post=936"},{"taxonomy":"product_cat","embeddable":true,"href":"https:\/\/ujoldal.asvanyekszerek.com\/index.php\/wp-json\/wp\/v2\/product_cat?post=936"},{"taxonomy":"product_tag","embeddable":true,"href":"https:\/\/ujoldal.asvanyekszerek.com\/index.php\/wp-json\/wp\/v2\/product_tag?post=936"}],"curies":[{"name":"wp","href":"https:\/\/api.w.org\/{rel}","templated":true}]}}