{"id":914,"date":"2025-09-08T09:40:06","date_gmt":"2025-09-08T07:40:06","guid":{"rendered":"https:\/\/ujoldal.asvanyekszerek.com\/index.php\/termek\/cseresznyekvarc-sziv-medalos-nyaklanc\/"},"modified":"2025-09-17T12:03:46","modified_gmt":"2025-09-17T10:03:46","slug":"cseresznyekvarc-sziv-medalos-nyaklanc","status":"publish","type":"product","link":"https:\/\/ujoldal.asvanyekszerek.com\/index.php\/termek\/cseresznyekvarc-sziv-medalos-nyaklanc\/","title":{"rendered":"Cseresznyekvarc sz\u00edv med\u00e1los nyakl\u00e1nc"},"content":{"rendered":"<p><strong>Cseresznyekvarc: <\/strong>Er\u0151s\u00edti az immunrendszert, m\u00e9g a fert\u0151z\u00e9s kezdeti szakasz\u00e1ban, k\u00e9pes megakad\u00e1lyozni a betegs\u00e9g kit\u00f6r\u00e9s\u00e9t, valamint szab\u00e1lyozza a v\u00e9rkering\u00e9st.<\/p>\n","protected":false},"excerpt":{"rendered":"<p style=\"margin: 0cm; margin-bottom: .0001pt;\">Egyedi desing alapj\u00e1n k\u00e9sz\u00fclt \u00e1sv\u00e1ny med\u00e1los nyakl\u00e1nc.<\/p>\n","protected":false},"featured_media":915,"comment_status":"open","ping_status":"open","template":"","meta":{"_seopress_robots_primary_cat":"","_seopress_titles_title":"","_seopress_titles_desc":"","_seopress_robots_index":""},"product_brand":[],"product_cat":[15],"product_tag":[],"class_list":{"0":"post-914","1":"product","2":"type-product","3":"status-publish","4":"has-post-thumbnail","6":"product_cat-egyeb","8":"first","9":"onbackorder","10":"shipping-taxable","11":"purchasable","12":"product-type-simple"},"_links":{"self":[{"href":"https:\/\/ujoldal.asvanyekszerek.com\/index.php\/wp-json\/wp\/v2\/product\/914","targetHints":{"allow":["GET"]}}],"collection":[{"href":"https:\/\/ujoldal.asvanyekszerek.com\/index.php\/wp-json\/wp\/v2\/product"}],"about":[{"href":"https:\/\/ujoldal.asvanyekszerek.com\/index.php\/wp-json\/wp\/v2\/types\/product"}],"replies":[{"embeddable":true,"href":"https:\/\/ujoldal.asvanyekszerek.com\/index.php\/wp-json\/wp\/v2\/comments?post=914"}],"wp:featuredmedia":[{"embeddable":true,"href":"https:\/\/ujoldal.asvanyekszerek.com\/index.php\/wp-json\/wp\/v2\/media\/915"}],"wp:attachment":[{"href":"https:\/\/ujoldal.asvanyekszerek.com\/index.php\/wp-json\/wp\/v2\/media?parent=914"}],"wp:term":[{"taxonomy":"product_brand","embeddable":true,"href":"https:\/\/ujoldal.asvanyekszerek.com\/index.php\/wp-json\/wp\/v2\/product_brand?post=914"},{"taxonomy":"product_cat","embeddable":true,"href":"https:\/\/ujoldal.asvanyekszerek.com\/index.php\/wp-json\/wp\/v2\/product_cat?post=914"},{"taxonomy":"product_tag","embeddable":true,"href":"https:\/\/ujoldal.asvanyekszerek.com\/index.php\/wp-json\/wp\/v2\/product_tag?post=914"}],"curies":[{"name":"wp","href":"https:\/\/api.w.org\/{rel}","templated":true}]}}