{"id":904,"date":"2025-09-08T09:38:23","date_gmt":"2025-09-08T07:38:23","guid":{"rendered":"https:\/\/ujoldal.asvanyekszerek.com\/index.php\/termek\/ezust-kagylos-karkoto\/"},"modified":"2025-09-17T12:03:33","modified_gmt":"2025-09-17T10:03:33","slug":"ezust-kagylos-karkoto","status":"publish","type":"product","link":"https:\/\/ujoldal.asvanyekszerek.com\/index.php\/termek\/ezust-kagylos-karkoto\/","title":{"rendered":"Ez\u00fcst kagyl\u00f3s kark\u00f6t\u0151"},"content":{"rendered":"","protected":false},"excerpt":{"rendered":"<p style=\"margin: 0cm; margin-bottom: .0001pt;\">Egyedi desing alapj\u00e1n k\u00e9sz\u00fclt kagyl\u00f3s makram\u00e9 kark\u00f6t\u0151.<\/p>\n","protected":false},"featured_media":905,"comment_status":"open","ping_status":"open","template":"","meta":{"_seopress_robots_primary_cat":"","_seopress_titles_title":"","_seopress_titles_desc":"","_seopress_robots_index":""},"product_brand":[],"product_cat":[38],"product_tag":[],"class_list":{"0":"post-904","1":"product","2":"type-product","3":"status-publish","4":"has-post-thumbnail","6":"product_cat-kagylos-kollekcio","8":"first","9":"onbackorder","10":"shipping-taxable","11":"purchasable","12":"product-type-simple"},"_links":{"self":[{"href":"https:\/\/ujoldal.asvanyekszerek.com\/index.php\/wp-json\/wp\/v2\/product\/904","targetHints":{"allow":["GET"]}}],"collection":[{"href":"https:\/\/ujoldal.asvanyekszerek.com\/index.php\/wp-json\/wp\/v2\/product"}],"about":[{"href":"https:\/\/ujoldal.asvanyekszerek.com\/index.php\/wp-json\/wp\/v2\/types\/product"}],"replies":[{"embeddable":true,"href":"https:\/\/ujoldal.asvanyekszerek.com\/index.php\/wp-json\/wp\/v2\/comments?post=904"}],"wp:featuredmedia":[{"embeddable":true,"href":"https:\/\/ujoldal.asvanyekszerek.com\/index.php\/wp-json\/wp\/v2\/media\/905"}],"wp:attachment":[{"href":"https:\/\/ujoldal.asvanyekszerek.com\/index.php\/wp-json\/wp\/v2\/media?parent=904"}],"wp:term":[{"taxonomy":"product_brand","embeddable":true,"href":"https:\/\/ujoldal.asvanyekszerek.com\/index.php\/wp-json\/wp\/v2\/product_brand?post=904"},{"taxonomy":"product_cat","embeddable":true,"href":"https:\/\/ujoldal.asvanyekszerek.com\/index.php\/wp-json\/wp\/v2\/product_cat?post=904"},{"taxonomy":"product_tag","embeddable":true,"href":"https:\/\/ujoldal.asvanyekszerek.com\/index.php\/wp-json\/wp\/v2\/product_tag?post=904"}],"curies":[{"name":"wp","href":"https:\/\/api.w.org\/{rel}","templated":true}]}}