{"id":868,"date":"2025-09-08T09:36:42","date_gmt":"2025-09-08T07:36:42","guid":{"rendered":"https:\/\/ujoldal.asvanyekszerek.com\/index.php\/termek\/piros-lohere-gyomgyos-karkoto\/"},"modified":"2025-09-17T12:02:39","modified_gmt":"2025-09-17T10:02:39","slug":"piros-lohere-gyomgyos-karkoto","status":"publish","type":"product","link":"https:\/\/ujoldal.asvanyekszerek.com\/index.php\/termek\/piros-lohere-gyomgyos-karkoto\/","title":{"rendered":"Piros l\u00f3here gy\u00f6ngy\u00f6s kark\u00f6t\u0151"},"content":{"rendered":"<p><strong>L\u00e1vak\u0151:<\/strong> M\u00e9regtelen\u00edt\u0151 hat\u00e1sa van, serkenti a sejtek v\u00edzut\u00e1np\u00f3tl\u00e1s\u00e1t. Er\u0151s\u00edti az inakat, seg\u00edti a k\u00f6t\u0151sz\u00f6vet regener\u00e1l\u00e1s\u00e1t, illetve serkenti a v\u00e9rkering\u00e9st. Biztos\u00edtja az egyens\u00falyt a szervezetben.<\/p>\n<p><strong>Jade:<\/strong> Szerencsehoz\u00f3, vesetiszt\u00edt\u00f3, m\u00e9regtelen\u00edt\u0151, sejtregener\u00e1l\u00f3, lelki b\u00e9k\u00e9t seg\u00edt\u0151, idegrendszer \u00e9s alv\u00e1s jav\u00edt\u00f3, v\u00e9delmez\u0151 \u00e9s term\u00e9kenys\u00e9get seg\u00edt\u0151.<\/p>\n<p><strong>R\u00f3zsakvarc<em>:<\/em><\/strong> A r\u00f3zsakvarc, a felt\u00e9tel n\u00e9lk\u00fcli szeretet \u00e9s a v\u00e9gtelen b\u00e9ke k\u00f6ve.\u00a0Term\u00e9kenys\u00e9gfokoz\u00f3, nyugtat\u00f3, kommunik\u00e1ci\u00f3t er\u0151s\u00edt\u0151, m\u00e9regtelen\u00edt\u0151, vesejav\u00edt\u00f3, v\u00e9rnyom\u00e1s stabiliz\u00e1l\u00f3 \u00e9s b\u0151rregener\u00e1l\u00f3. Figyelem! Visel\u00e9s hat\u00e1s\u00e1ra elsz\u00fcrk\u00fclhet, kifeh\u00e9redhet.<\/p>\n<p>\u00a0<\/p>\n","protected":false},"excerpt":{"rendered":"<p>Egyedi desing alapj\u00e1n k\u00e9sz\u00fclt n\u0151i \u00e1sv\u00e1nykark\u00f6t\u0151 szett, amely l\u00e1vak\u0151b\u0151l, jade-b\u00f3l, \u00e9s r\u00f3zsakvarcb\u00f3l kesz\u00fclt. T\u00f6k\u00e9letes aj\u00e1nd\u00e9k lehet sz\u00fclet\u00e9snapra \u00e9s n\u00e9vnapra. A term\u00e9k k\u00fcl\u00f6nb\u00f6z\u0151 m\u00e9retben rendelhet\u0151, \u00edgy k\u00e9rlek a rendel\u00e9s v\u00e9g\u00e9n l\u00e9v\u0151 megjegyz\u00e9sben add meg a pontos m\u00e9retet.<\/p>\n","protected":false},"featured_media":869,"comment_status":"open","ping_status":"open","template":"","meta":{"_seopress_robots_primary_cat":"","_seopress_titles_title":"","_seopress_titles_desc":"","_seopress_robots_index":""},"product_brand":[],"product_cat":[17,27,25],"product_tag":[],"class_list":{"0":"post-868","1":"product","2":"type-product","3":"status-publish","4":"has-post-thumbnail","6":"product_cat-asvanykarkoto","7":"product_cat-medalos","8":"product_cat-noi-asvanykarkoto","10":"first","11":"instock","12":"shipping-taxable","13":"purchasable","14":"product-type-simple"},"_links":{"self":[{"href":"https:\/\/ujoldal.asvanyekszerek.com\/index.php\/wp-json\/wp\/v2\/product\/868","targetHints":{"allow":["GET"]}}],"collection":[{"href":"https:\/\/ujoldal.asvanyekszerek.com\/index.php\/wp-json\/wp\/v2\/product"}],"about":[{"href":"https:\/\/ujoldal.asvanyekszerek.com\/index.php\/wp-json\/wp\/v2\/types\/product"}],"replies":[{"embeddable":true,"href":"https:\/\/ujoldal.asvanyekszerek.com\/index.php\/wp-json\/wp\/v2\/comments?post=868"}],"wp:featuredmedia":[{"embeddable":true,"href":"https:\/\/ujoldal.asvanyekszerek.com\/index.php\/wp-json\/wp\/v2\/media\/869"}],"wp:attachment":[{"href":"https:\/\/ujoldal.asvanyekszerek.com\/index.php\/wp-json\/wp\/v2\/media?parent=868"}],"wp:term":[{"taxonomy":"product_brand","embeddable":true,"href":"https:\/\/ujoldal.asvanyekszerek.com\/index.php\/wp-json\/wp\/v2\/product_brand?post=868"},{"taxonomy":"product_cat","embeddable":true,"href":"https:\/\/ujoldal.asvanyekszerek.com\/index.php\/wp-json\/wp\/v2\/product_cat?post=868"},{"taxonomy":"product_tag","embeddable":true,"href":"https:\/\/ujoldal.asvanyekszerek.com\/index.php\/wp-json\/wp\/v2\/product_tag?post=868"}],"curies":[{"name":"wp","href":"https:\/\/api.w.org\/{rel}","templated":true}]}}