{"id":760,"date":"2025-09-08T09:26:24","date_gmt":"2025-09-08T07:26:24","guid":{"rendered":"https:\/\/ujoldal.asvanyekszerek.com\/index.php\/termek\/a-vilagnak-csak-egy-anya-vagy-kulcstarto\/"},"modified":"2025-09-17T12:00:09","modified_gmt":"2025-09-17T10:00:09","slug":"a-vilagnak-csak-egy-anya-vagy-kulcstarto","status":"publish","type":"product","link":"https:\/\/ujoldal.asvanyekszerek.com\/index.php\/termek\/a-vilagnak-csak-egy-anya-vagy-kulcstarto\/","title":{"rendered":"A vil\u00e1gnak csak egy Anya vagy de nek\u00fcnk Te vagy a vil\u00e1g!"},"content":{"rendered":"","protected":false},"excerpt":{"rendered":"<p>Egyedi design alapj\u00e1n k\u00e9sz\u00fclt feliratos 25mm-es \u00fcveglencs\u00e9s kulcstart\u00f3.<\/p>\n","protected":false},"featured_media":761,"comment_status":"open","ping_status":"open","template":"","meta":{"_seopress_robots_primary_cat":"","_seopress_titles_title":"","_seopress_titles_desc":"","_seopress_robots_index":""},"product_brand":[],"product_cat":[24,23],"product_tag":[],"class_list":{"0":"post-760","1":"product","2":"type-product","3":"status-publish","4":"has-post-thumbnail","6":"product_cat-feliratos","7":"product_cat-kulcstarto","9":"first","10":"instock","11":"shipping-taxable","12":"purchasable","13":"product-type-simple"},"_links":{"self":[{"href":"https:\/\/ujoldal.asvanyekszerek.com\/index.php\/wp-json\/wp\/v2\/product\/760","targetHints":{"allow":["GET"]}}],"collection":[{"href":"https:\/\/ujoldal.asvanyekszerek.com\/index.php\/wp-json\/wp\/v2\/product"}],"about":[{"href":"https:\/\/ujoldal.asvanyekszerek.com\/index.php\/wp-json\/wp\/v2\/types\/product"}],"replies":[{"embeddable":true,"href":"https:\/\/ujoldal.asvanyekszerek.com\/index.php\/wp-json\/wp\/v2\/comments?post=760"}],"wp:featuredmedia":[{"embeddable":true,"href":"https:\/\/ujoldal.asvanyekszerek.com\/index.php\/wp-json\/wp\/v2\/media\/761"}],"wp:attachment":[{"href":"https:\/\/ujoldal.asvanyekszerek.com\/index.php\/wp-json\/wp\/v2\/media?parent=760"}],"wp:term":[{"taxonomy":"product_brand","embeddable":true,"href":"https:\/\/ujoldal.asvanyekszerek.com\/index.php\/wp-json\/wp\/v2\/product_brand?post=760"},{"taxonomy":"product_cat","embeddable":true,"href":"https:\/\/ujoldal.asvanyekszerek.com\/index.php\/wp-json\/wp\/v2\/product_cat?post=760"},{"taxonomy":"product_tag","embeddable":true,"href":"https:\/\/ujoldal.asvanyekszerek.com\/index.php\/wp-json\/wp\/v2\/product_tag?post=760"}],"curies":[{"name":"wp","href":"https:\/\/api.w.org\/{rel}","templated":true}]}}