{"id":736,"date":"2025-09-08T09:24:41","date_gmt":"2025-09-08T07:24:41","guid":{"rendered":"https:\/\/ujoldal.asvanyekszerek.com\/index.php\/termek\/asvanykarkoto-8mm-4\/"},"modified":"2025-09-17T11:59:31","modified_gmt":"2025-09-17T09:59:31","slug":"asvanykarkoto-8mm-4","status":"publish","type":"product","link":"https:\/\/ujoldal.asvanyekszerek.com\/index.php\/termek\/asvanykarkoto-8mm-4\/","title":{"rendered":"Pink and white kark\u00f6t\u0151"},"content":{"rendered":"<p>\u00c1sv\u00e1nyok hat\u00e1sai:<\/p>\n<p><strong>Hematit<\/strong>: V\u00e9r \u00e9s sejt k\u00e9pz\u0151, gyors\u00edtja a betegs\u00e9gek ut\u00e1ni fel\u00e9p\u00fcl\u00e9st. Stabiliz\u00e1lja a v\u00e9rnyom\u00e1st.<br \/>\nJav\u00edtja az agyi funkci\u00f3kat \u00e9s az oxig\u00e9n ell\u00e1t\u00e1st.<\/p>\n<p><strong>R\u00f3zsakvarc<\/strong>: A r\u00f3zsakvarc, a felt\u00e9tel n\u00e9lk\u00fcli szeretet \u00e9s a v\u00e9gtelen b\u00e9ke k\u00f6ve.<br \/>\nTerm\u00e9kenys\u00e9gfokoz\u00f3, nyugtat\u00f3, kommunik\u00e1ci\u00f3t er\u0151s\u00edt\u0151, m\u00e9regtelen\u00edt\u0151, vesejav\u00edt\u00f3, v\u00e9rnyom\u00e1s stabiliz\u00e1l\u00f3 \u00e9s<br \/>\nb\u0151rregener\u00e1l\u00f3<\/p>\n<p><strong>Howlit<\/strong>: Seg\u00edti a magn\u00e9zium felsz\u00edv\u00f3d\u00e1s\u00e1t. Seg\u00edt a fejf\u00e1j\u00e1s elmulaszt\u00e1s\u00e1ban. Zs\u00edr\u00e9get\u0151, k\u00e1lcium<br \/>\nszint szab\u00e1lyoz\u00f3, m\u00e9regtelen\u00edt\u0151, seg\u00edti a csontok \u00e9s\u00a0fogak er\u0151s\u00edt\u00e9s\u00e9ben, izomlaz\u00edt\u00f3, epegy\u00f3gy\u00edt\u00f3,<br \/>\nizomlaz\u00edt\u00f3.<\/p>\n","protected":false},"excerpt":{"rendered":"<p>Egyedi design alapj\u00e1n k\u00e9sz\u00fclt n\u0151i \u00e1sv\u00e1nykark\u00f6t\u0151, amely r\u00f3zsakvarcb\u00f3l, howlitb\u00f3l \u00e9s rose<br \/>\ngold hematitb\u00f3l \u00e1ll. K\u00f6z\u00e9pen egy csodasz\u00e9p rose gold sz\u00edv d\u00edsz\u00edti.<\/p>\n","protected":false},"featured_media":737,"comment_status":"open","ping_status":"open","template":"","meta":{"_seopress_robots_primary_cat":"","_seopress_titles_title":"","_seopress_titles_desc":"","_seopress_robots_index":""},"product_brand":[],"product_cat":[17,26,25],"product_tag":[],"class_list":{"0":"post-736","1":"product","2":"type-product","3":"status-publish","4":"has-post-thumbnail","6":"product_cat-asvanykarkoto","7":"product_cat-basic","8":"product_cat-noi-asvanykarkoto","10":"first","11":"instock","12":"shipping-taxable","13":"purchasable","14":"product-type-simple"},"_links":{"self":[{"href":"https:\/\/ujoldal.asvanyekszerek.com\/index.php\/wp-json\/wp\/v2\/product\/736","targetHints":{"allow":["GET"]}}],"collection":[{"href":"https:\/\/ujoldal.asvanyekszerek.com\/index.php\/wp-json\/wp\/v2\/product"}],"about":[{"href":"https:\/\/ujoldal.asvanyekszerek.com\/index.php\/wp-json\/wp\/v2\/types\/product"}],"replies":[{"embeddable":true,"href":"https:\/\/ujoldal.asvanyekszerek.com\/index.php\/wp-json\/wp\/v2\/comments?post=736"}],"wp:featuredmedia":[{"embeddable":true,"href":"https:\/\/ujoldal.asvanyekszerek.com\/index.php\/wp-json\/wp\/v2\/media\/737"}],"wp:attachment":[{"href":"https:\/\/ujoldal.asvanyekszerek.com\/index.php\/wp-json\/wp\/v2\/media?parent=736"}],"wp:term":[{"taxonomy":"product_brand","embeddable":true,"href":"https:\/\/ujoldal.asvanyekszerek.com\/index.php\/wp-json\/wp\/v2\/product_brand?post=736"},{"taxonomy":"product_cat","embeddable":true,"href":"https:\/\/ujoldal.asvanyekszerek.com\/index.php\/wp-json\/wp\/v2\/product_cat?post=736"},{"taxonomy":"product_tag","embeddable":true,"href":"https:\/\/ujoldal.asvanyekszerek.com\/index.php\/wp-json\/wp\/v2\/product_tag?post=736"}],"curies":[{"name":"wp","href":"https:\/\/api.w.org\/{rel}","templated":true}]}}