{"id":700,"date":"2025-09-08T09:21:05","date_gmt":"2025-09-08T07:21:05","guid":{"rendered":"https:\/\/ujoldal.asvanyekszerek.com\/index.php\/termek\/anya-lanya-szett-6\/"},"modified":"2025-09-17T11:58:26","modified_gmt":"2025-09-17T09:58:26","slug":"anya-lanya-szett-6","status":"publish","type":"product","link":"https:\/\/ujoldal.asvanyekszerek.com\/index.php\/termek\/anya-lanya-szett-6\/","title":{"rendered":"R\u00f3zsakvarc-hegyikrist\u00e1ly anya-l\u00e1nya szett"},"content":{"rendered":"<p>\u00c1sv\u00e1nyok hat\u00e1sai:<\/p>\n<p><strong>Hegyikrist\u00e1ly<\/strong>: Sejtregener\u00e1l\u00f3, immuner\u0151s\u00edt\u0151, idegrendszer nyugtat\u00f3, m\u00e9regtelen\u00edt\u0151. Serkenti az<br \/>\nagyi funkci\u00f3kat \u00e9s az anyagcser\u00e9t. Egyens\u00falyban tartja a hormonh\u00e1ztart\u00e1st \u00e9s a v\u00e9rcukorszintet.<\/p>\n<p><strong>R\u00f3zsakvarc<\/strong>: A r\u00f3zsakvarc, a felt\u00e9tel n\u00e9lk\u00fcli szeretet \u00e9s a v\u00e9gtelen b\u00e9ke k\u00f6ve.<br \/>\nTerm\u00e9kenys\u00e9gfokoz\u00f3, nyugtat\u00f3, kommunik\u00e1ci\u00f3t er\u0151s\u00edt\u0151, m\u00e9regtelen\u00edt\u0151, vesejav\u00edt\u00f3, v\u00e9rnyom\u00e1s stabiliz\u00e1l\u00f3 \u00e9s<br \/>\nb\u0151rregener\u00e1l\u00f3<\/p>\n","protected":false},"excerpt":{"rendered":"<p>Egyedi design alapj\u00e1n k\u00e9sz\u00fclt n\u0151i \u00e1sv\u00e1nykark\u00f6t\u0151 szett, amely r\u00f3zsakvarcot \u00e9s roppantott<br \/>\nhegyikrist\u00e1lyt tartalmaz melyet ez\u00fcst csillog\u00f3 rondelle d\u00edsz\u00edt. T\u00f6k\u00e9letes aj\u00e1nd\u00e9k lehet sz\u00fclet\u00e9snapra,<br \/>\nn\u00e9vnapra vagy any\u00e1k napj\u00e1ra is.<\/p>\n<p>A term\u00e9k k\u00fcl\u00f6nb\u00f6z\u0151 m\u00e9retben rendelhet\u0151, \u00edgy rendel\u00e9s sor\u00e1n k\u00e9rlek t\u00fcntesd fel a m\u00e9reteket.<\/p>\n","protected":false},"featured_media":701,"comment_status":"open","ping_status":"open","template":"","meta":{"_seopress_robots_primary_cat":"","_seopress_titles_title":"","_seopress_titles_desc":"","_seopress_robots_index":""},"product_brand":[],"product_cat":[21],"product_tag":[],"class_list":{"0":"post-700","1":"product","2":"type-product","3":"status-publish","4":"has-post-thumbnail","6":"product_cat-csaladi-kollekcio","8":"first","9":"instock","10":"shipping-taxable","11":"purchasable","12":"product-type-simple"},"_links":{"self":[{"href":"https:\/\/ujoldal.asvanyekszerek.com\/index.php\/wp-json\/wp\/v2\/product\/700","targetHints":{"allow":["GET"]}}],"collection":[{"href":"https:\/\/ujoldal.asvanyekszerek.com\/index.php\/wp-json\/wp\/v2\/product"}],"about":[{"href":"https:\/\/ujoldal.asvanyekszerek.com\/index.php\/wp-json\/wp\/v2\/types\/product"}],"replies":[{"embeddable":true,"href":"https:\/\/ujoldal.asvanyekszerek.com\/index.php\/wp-json\/wp\/v2\/comments?post=700"}],"wp:featuredmedia":[{"embeddable":true,"href":"https:\/\/ujoldal.asvanyekszerek.com\/index.php\/wp-json\/wp\/v2\/media\/701"}],"wp:attachment":[{"href":"https:\/\/ujoldal.asvanyekszerek.com\/index.php\/wp-json\/wp\/v2\/media?parent=700"}],"wp:term":[{"taxonomy":"product_brand","embeddable":true,"href":"https:\/\/ujoldal.asvanyekszerek.com\/index.php\/wp-json\/wp\/v2\/product_brand?post=700"},{"taxonomy":"product_cat","embeddable":true,"href":"https:\/\/ujoldal.asvanyekszerek.com\/index.php\/wp-json\/wp\/v2\/product_cat?post=700"},{"taxonomy":"product_tag","embeddable":true,"href":"https:\/\/ujoldal.asvanyekszerek.com\/index.php\/wp-json\/wp\/v2\/product_tag?post=700"}],"curies":[{"name":"wp","href":"https:\/\/api.w.org\/{rel}","templated":true}]}}