{"id":692,"date":"2025-09-08T09:21:05","date_gmt":"2025-09-08T07:21:05","guid":{"rendered":"https:\/\/ujoldal.asvanyekszerek.com\/index.php\/termek\/menyasszony-szett-bedugos-fulbevaloval\/"},"modified":"2025-09-17T11:58:13","modified_gmt":"2025-09-17T09:58:13","slug":"menyasszony-szett-bedugos-fulbevaloval","status":"publish","type":"product","link":"https:\/\/ujoldal.asvanyekszerek.com\/index.php\/termek\/menyasszony-szett-bedugos-fulbevaloval\/","title":{"rendered":"Menyasszony szett-bedug\u00f3s f\u00fclbeval\u00f3val"},"content":{"rendered":"","protected":false},"excerpt":{"rendered":"<p>Egyedi desing alapj\u00e1n k\u00e9sz\u00fclt menyasszonyi \u00e9kszer szett akril gy\u00f6ngyb\u0151l, bedug\u00f3s f\u00fclbeval\u00f3val.<\/p>\n","protected":false},"featured_media":693,"comment_status":"open","ping_status":"open","template":"","meta":{"_seopress_robots_primary_cat":"","_seopress_titles_title":"","_seopress_titles_desc":"","_seopress_robots_index":""},"product_brand":[],"product_cat":[20,19],"product_tag":[],"class_list":{"0":"post-692","1":"product","2":"type-product","3":"status-publish","4":"has-post-thumbnail","6":"product_cat-menyasszonyi-szettek","7":"product_cat-menyasszonyoknak","9":"first","10":"onbackorder","11":"shipping-taxable","12":"purchasable","13":"product-type-simple"},"_links":{"self":[{"href":"https:\/\/ujoldal.asvanyekszerek.com\/index.php\/wp-json\/wp\/v2\/product\/692","targetHints":{"allow":["GET"]}}],"collection":[{"href":"https:\/\/ujoldal.asvanyekszerek.com\/index.php\/wp-json\/wp\/v2\/product"}],"about":[{"href":"https:\/\/ujoldal.asvanyekszerek.com\/index.php\/wp-json\/wp\/v2\/types\/product"}],"replies":[{"embeddable":true,"href":"https:\/\/ujoldal.asvanyekszerek.com\/index.php\/wp-json\/wp\/v2\/comments?post=692"}],"wp:featuredmedia":[{"embeddable":true,"href":"https:\/\/ujoldal.asvanyekszerek.com\/index.php\/wp-json\/wp\/v2\/media\/693"}],"wp:attachment":[{"href":"https:\/\/ujoldal.asvanyekszerek.com\/index.php\/wp-json\/wp\/v2\/media?parent=692"}],"wp:term":[{"taxonomy":"product_brand","embeddable":true,"href":"https:\/\/ujoldal.asvanyekszerek.com\/index.php\/wp-json\/wp\/v2\/product_brand?post=692"},{"taxonomy":"product_cat","embeddable":true,"href":"https:\/\/ujoldal.asvanyekszerek.com\/index.php\/wp-json\/wp\/v2\/product_cat?post=692"},{"taxonomy":"product_tag","embeddable":true,"href":"https:\/\/ujoldal.asvanyekszerek.com\/index.php\/wp-json\/wp\/v2\/product_tag?post=692"}],"curies":[{"name":"wp","href":"https:\/\/api.w.org\/{rel}","templated":true}]}}