{"id":1557,"date":"2025-09-08T10:34:33","date_gmt":"2025-09-08T08:34:33","guid":{"rendered":"https:\/\/ujoldal.asvanyekszerek.com\/index.php\/termek\/apro-mezi-illatviasz-vegyes-szinekben-50g-2131\/"},"modified":"2025-09-17T12:18:29","modified_gmt":"2025-09-17T10:18:29","slug":"apro-mezi-illatviasz-vegyes-szinekben-50g-2131","status":"publish","type":"product","link":"https:\/\/ujoldal.asvanyekszerek.com\/index.php\/termek\/apro-mezi-illatviasz-vegyes-szinekben-50g-2131\/","title":{"rendered":"Apr\u00f3 m\u00e9zi illatviasz vegyes sz\u00ednekben 50g"},"content":{"rendered":"","protected":false},"excerpt":{"rendered":"<p>100 % sz\u00f3javiaszb\u00f3l k\u00e9sz\u00fclt illatviasz, amit ker\u00e1mia p\u00e1rologtat\u00f3ban tudsz felolvasztani \u00e9s illata belengi az eg\u00e9sz lak\u00e1st.\u00a0A sz\u00f3javiasz krist\u00e1lyosod\u00e1sa miatt a fel\u00fclet\u00e9n feh\u00e9r foltok jelenhetnek meg, ami egy term\u00e9szetes jelens\u00e9g.\n<\/p>\n<p>K\u00f6rnyezetbar\u00e1t \u00e9s \u00e1llatk\u00eds\u00e9rletmentes term\u00e9k. Vegyes sz\u00ednben k\u00e9sz\u00fclnek, \u00edgy az egyes csomagok k\u00f6z\u00f6tt minim\u00e1lis elt\u00e9r\u00e9s el\u0151fordulhat.\u00a0<\/p>\n","protected":false},"featured_media":1558,"comment_status":"open","ping_status":"open","template":"","meta":{"_seopress_robots_primary_cat":"","_seopress_titles_title":"","_seopress_titles_desc":"","_seopress_robots_index":""},"product_brand":[],"product_cat":[44],"product_tag":[],"class_list":{"0":"post-1557","1":"product","2":"type-product","3":"status-publish","4":"has-post-thumbnail","6":"product_cat-gyertyak","8":"first","9":"onbackorder","10":"shipping-taxable","11":"purchasable","12":"product-type-simple"},"_links":{"self":[{"href":"https:\/\/ujoldal.asvanyekszerek.com\/index.php\/wp-json\/wp\/v2\/product\/1557","targetHints":{"allow":["GET"]}}],"collection":[{"href":"https:\/\/ujoldal.asvanyekszerek.com\/index.php\/wp-json\/wp\/v2\/product"}],"about":[{"href":"https:\/\/ujoldal.asvanyekszerek.com\/index.php\/wp-json\/wp\/v2\/types\/product"}],"replies":[{"embeddable":true,"href":"https:\/\/ujoldal.asvanyekszerek.com\/index.php\/wp-json\/wp\/v2\/comments?post=1557"}],"wp:featuredmedia":[{"embeddable":true,"href":"https:\/\/ujoldal.asvanyekszerek.com\/index.php\/wp-json\/wp\/v2\/media\/1558"}],"wp:attachment":[{"href":"https:\/\/ujoldal.asvanyekszerek.com\/index.php\/wp-json\/wp\/v2\/media?parent=1557"}],"wp:term":[{"taxonomy":"product_brand","embeddable":true,"href":"https:\/\/ujoldal.asvanyekszerek.com\/index.php\/wp-json\/wp\/v2\/product_brand?post=1557"},{"taxonomy":"product_cat","embeddable":true,"href":"https:\/\/ujoldal.asvanyekszerek.com\/index.php\/wp-json\/wp\/v2\/product_cat?post=1557"},{"taxonomy":"product_tag","embeddable":true,"href":"https:\/\/ujoldal.asvanyekszerek.com\/index.php\/wp-json\/wp\/v2\/product_tag?post=1557"}],"curies":[{"name":"wp","href":"https:\/\/api.w.org\/{rel}","templated":true}]}}