{"id":1548,"date":"2025-09-08T10:34:33","date_gmt":"2025-09-08T08:34:33","guid":{"rendered":"https:\/\/ujoldal.asvanyekszerek.com\/index.php\/termek\/kulcstarto-koszonoajandek-ferfiaknak-2120\/"},"modified":"2025-09-17T12:18:23","modified_gmt":"2025-09-17T10:18:23","slug":"kulcstarto-koszonoajandek-ferfiaknak-2120","status":"publish","type":"product","link":"https:\/\/ujoldal.asvanyekszerek.com\/index.php\/termek\/kulcstarto-koszonoajandek-ferfiaknak-2120\/","title":{"rendered":"Kulcstart\u00f3 k\u00f6sz\u00f6n\u0151aj\u00e1nd\u00e9k f\u00e9rfiaknak &#8211; matt \u00f3nix, lapis lazuli"},"content":{"rendered":"<p><b>Lapis lazuli: <\/b>Stressz old\u00f3 hat\u00e1sa van, megsz\u00fcnteti a depresszi\u00f3t, er\u0151s\u00edti az immunrendszert \u00e9s energi\u00e1val t\u00f6lti fel a szervezetet. Cs\u00f6kkenti a magas v\u00e9rnyom\u00e1st \u00e9s nyugtatja a sz\u00edvet. \u00d6nbizalmat biztos\u00edt \u00e9s fejleszti a kommunik\u00e1ci\u00f3t. T\u00e1vol tartja a negat\u00edv energi\u00e1kat. Esetenk\u00e9nt foghat, kophat, engedheti a sz\u00edn\u00e9t!\u00a0\n<\/p>\n<p>\u00a0<strong>\u00d3nix:<\/strong> Energiz\u00e1l\u00f3, v\u00e9d\u0151, stresszold\u00f3, csonter\u0151s\u00edt\u0151 \u00e9s kitart\u00e1st jav\u00edt\u00f3. A fekete sz\u00edn\u0171 \u00f3nix\u00a0\u00e1sv\u00e1ny vulk\u00e1ni \u00fcled\u00e9kes k\u0151zetk\u00e9nt els\u0151sorban Braz\u00edli\u00e1b\u00f3l, Indi\u00e1b\u00f3l \u00e9s Uruguay-b\u00f3l sz\u00e1rmazik. A Nyilas, Bak \u00e9s V\u00edz\u00f6nt\u0151 csillagjegy\u0171ek kedvelt k\u00f6ve. Hatalmas pszich\u00e9s er\u0151t k\u00e9pes visel\u0151j\u00e9nek k\u00f6lcs\u00f6n\u00f6zni.<\/p>\n","protected":false},"excerpt":{"rendered":"<p>Egyedi elk\u00e9pzel\u00e9s alapj\u00e1n k\u00e9sz\u00edtett\u00a0 kulcstart\u00f3 k\u00f6sz\u00f6n\u0151aj\u00e1nd\u00e9k matt \u00f3nixb\u00f3l \u00e9s tigrisszemb\u0151l.<\/p>\n<div class=\"woocommerce-product-details__short-description\">\u201cNagyon \u00f6r\u00fcl\u00fcnk, hogy itt vagy \u00e9s k\u00f6sz\u00f6nj\u00fck, hogy vel\u00fcnk \u00fcnnepelsz\u201d A neveket, valamint a d\u00e1tumot a megjegyz\u00e9s rovatban vagy e-mailben (asvanyekszerek2020@gmail.com) tudod nek\u00fcnk megk\u00fcldeni. A h\u00e1tt\u00e9rk\u00e1rtya mint\u00e1ja v\u00e1ltoztathat\u00f3, ezzel kapcsolatban keress minket e-mailben vagy az INA D&#8217;OR Facebook oldalunkon!\n<\/div>\n","protected":false},"featured_media":1549,"comment_status":"open","ping_status":"open","template":"","meta":{"_seopress_robots_primary_cat":"","_seopress_titles_title":"","_seopress_titles_desc":"","_seopress_robots_index":""},"product_brand":[],"product_cat":[34,19],"product_tag":[],"class_list":{"0":"post-1548","1":"product","2":"type-product","3":"status-publish","4":"has-post-thumbnail","6":"product_cat-koszonoajandek","7":"product_cat-menyasszonyoknak","9":"first","10":"instock","11":"shipping-taxable","12":"purchasable","13":"product-type-simple"},"_links":{"self":[{"href":"https:\/\/ujoldal.asvanyekszerek.com\/index.php\/wp-json\/wp\/v2\/product\/1548","targetHints":{"allow":["GET"]}}],"collection":[{"href":"https:\/\/ujoldal.asvanyekszerek.com\/index.php\/wp-json\/wp\/v2\/product"}],"about":[{"href":"https:\/\/ujoldal.asvanyekszerek.com\/index.php\/wp-json\/wp\/v2\/types\/product"}],"replies":[{"embeddable":true,"href":"https:\/\/ujoldal.asvanyekszerek.com\/index.php\/wp-json\/wp\/v2\/comments?post=1548"}],"wp:featuredmedia":[{"embeddable":true,"href":"https:\/\/ujoldal.asvanyekszerek.com\/index.php\/wp-json\/wp\/v2\/media\/1549"}],"wp:attachment":[{"href":"https:\/\/ujoldal.asvanyekszerek.com\/index.php\/wp-json\/wp\/v2\/media?parent=1548"}],"wp:term":[{"taxonomy":"product_brand","embeddable":true,"href":"https:\/\/ujoldal.asvanyekszerek.com\/index.php\/wp-json\/wp\/v2\/product_brand?post=1548"},{"taxonomy":"product_cat","embeddable":true,"href":"https:\/\/ujoldal.asvanyekszerek.com\/index.php\/wp-json\/wp\/v2\/product_cat?post=1548"},{"taxonomy":"product_tag","embeddable":true,"href":"https:\/\/ujoldal.asvanyekszerek.com\/index.php\/wp-json\/wp\/v2\/product_tag?post=1548"}],"curies":[{"name":"wp","href":"https:\/\/api.w.org\/{rel}","templated":true}]}}