{"id":1540,"date":"2025-09-08T10:32:49","date_gmt":"2025-09-08T08:32:49","guid":{"rendered":"https:\/\/ujoldal.asvanyekszerek.com\/index.php\/termek\/lapis-lazuli-hegyikristaly-jade-es-akvamarin-karkoto-ezust-cirkoniaval-diszitve\/"},"modified":"2025-09-17T12:18:12","modified_gmt":"2025-09-17T10:18:12","slug":"lapis-lazuli-hegyikristaly-jade-es-akvamarin-karkoto-ezust-cirkoniaval-diszitve","status":"publish","type":"product","link":"https:\/\/ujoldal.asvanyekszerek.com\/index.php\/termek\/lapis-lazuli-hegyikristaly-jade-es-akvamarin-karkoto-ezust-cirkoniaval-diszitve\/","title":{"rendered":"Lapis lazuli, hegyikrist\u00e1ly, jade \u00e9s akvamarin kark\u00f6t\u0151, ez\u00fcst cirk\u00f3ni\u00e1val d\u00edsz\u00edtve"},"content":{"rendered":"<p><strong>Hegyikrist\u00e1ly<\/strong>: Sejtregener\u00e1l\u00f3, immuner\u0151s\u00edt\u0151, idegrendszer nyugtat\u00f3, m\u00e9regtelen\u00edt\u0151. Serkenti az agyi funkci\u00f3kat \u00e9s az anyagcser\u00e9t. Egyens\u00falyban tartja a hormonh\u00e1ztart\u00e1st \u00e9s a v\u00e9rcukorszintet. <strong>Lapis lazuli:\u00a0<\/strong>Stressz old\u00f3 hat\u00e1sa van, megsz\u00fcnteti a depresszi\u00f3t, er\u0151s\u00edti az immunrendszert \u00e9s energi\u00e1val t\u00f6lti fel a szervezetet. Cs\u00f6kkenti a magas v\u00e9rnyom\u00e1st \u00e9s nyugtatja a sz\u00edvet. \u00d6nbizalmat biztos\u00edt \u00e9s fejleszti a kommunik\u00e1ci\u00f3t. T\u00e1vol tartja a negat\u00edv energi\u00e1kat. Esetenk\u00e9nt foghat, kophat, engedheti a sz\u00edn\u00e9t! <strong>Akvamarin:<\/strong>\u00a0Jelent\u00e9se tengerv\u00edz. A b\u00e1tors\u00e1g k\u00f6ve. V\u00e9delmet \u00e9s tiszta l\u00e1t\u00e1st biztos\u00edt. felszabad\u00edt m\u00e1s emberek hat\u00e1sa \u00e9s benyom\u00e1sa al\u00f3l. B\u00e1tors\u00e1got \u00e9s er\u0151t sug\u00e1roz, \u00e9s megszabad\u00edt az \u00e1ldozat mentalit\u00e1st\u00f3l. T\u00e1mogatja az immunrendszert. Cs\u00f6kkenti az agresszi\u00f3t. Gy\u00f3gy\u00edtja a l\u00e9g\u00fati betegs\u00e9geket. Csillagjegyei: Halak, Nyilas, Sz\u0171z, M\u00e9rleg, V\u00edz\u00f6nt\u0151, Bika, Ikrek, R\u00e1k <strong>Jade:<\/strong>\u00a0Szerencsehoz\u00f3, vesetiszt\u00edt\u00f3, m\u00e9regtelen\u00edt\u0151, sejtregener\u00e1l\u00f3, lelki b\u00e9k\u00e9t seg\u00edt\u0151, idegrendszer \u00e9s alv\u00e1s jav\u00edt\u00f3, v\u00e9delmez\u0151 \u00e9s term\u00e9kenys\u00e9get seg\u00edt\u0151. \u00a0<\/p>\n","protected":false},"excerpt":{"rendered":"<p>\u00c1sv\u00e1nyai:\u00a0 Lapis lazuli, hegyikrist\u00e1ly, jade, \u00e9s akvamarin, ez\u00fcst cirk\u00f3nia gy\u00f6nggyel d\u00edsz\u00edtve<\/p>\n","protected":false},"featured_media":1541,"comment_status":"open","ping_status":"open","template":"","meta":{"_seopress_robots_primary_cat":"","_seopress_titles_title":"","_seopress_titles_desc":"","_seopress_robots_index":""},"product_brand":[],"product_cat":[17,29,25],"product_tag":[],"class_list":{"0":"post-1540","1":"product","2":"type-product","3":"status-publish","4":"has-post-thumbnail","6":"product_cat-asvanykarkoto","7":"product_cat-cirkonia-koves","8":"product_cat-noi-asvanykarkoto","10":"first","11":"instock","12":"shipping-taxable","13":"purchasable","14":"product-type-simple"},"_links":{"self":[{"href":"https:\/\/ujoldal.asvanyekszerek.com\/index.php\/wp-json\/wp\/v2\/product\/1540","targetHints":{"allow":["GET"]}}],"collection":[{"href":"https:\/\/ujoldal.asvanyekszerek.com\/index.php\/wp-json\/wp\/v2\/product"}],"about":[{"href":"https:\/\/ujoldal.asvanyekszerek.com\/index.php\/wp-json\/wp\/v2\/types\/product"}],"replies":[{"embeddable":true,"href":"https:\/\/ujoldal.asvanyekszerek.com\/index.php\/wp-json\/wp\/v2\/comments?post=1540"}],"wp:featuredmedia":[{"embeddable":true,"href":"https:\/\/ujoldal.asvanyekszerek.com\/index.php\/wp-json\/wp\/v2\/media\/1541"}],"wp:attachment":[{"href":"https:\/\/ujoldal.asvanyekszerek.com\/index.php\/wp-json\/wp\/v2\/media?parent=1540"}],"wp:term":[{"taxonomy":"product_brand","embeddable":true,"href":"https:\/\/ujoldal.asvanyekszerek.com\/index.php\/wp-json\/wp\/v2\/product_brand?post=1540"},{"taxonomy":"product_cat","embeddable":true,"href":"https:\/\/ujoldal.asvanyekszerek.com\/index.php\/wp-json\/wp\/v2\/product_cat?post=1540"},{"taxonomy":"product_tag","embeddable":true,"href":"https:\/\/ujoldal.asvanyekszerek.com\/index.php\/wp-json\/wp\/v2\/product_tag?post=1540"}],"curies":[{"name":"wp","href":"https:\/\/api.w.org\/{rel}","templated":true}]}}