{"id":1532,"date":"2025-09-08T10:32:49","date_gmt":"2025-09-08T08:32:49","guid":{"rendered":"https:\/\/ujoldal.asvanyekszerek.com\/index.php\/termek\/citrin-tigrisszem-es-aventurin-karkoto\/"},"modified":"2025-09-17T12:18:00","modified_gmt":"2025-09-17T10:18:00","slug":"citrin-tigrisszem-es-aventurin-karkoto","status":"publish","type":"product","link":"https:\/\/ujoldal.asvanyekszerek.com\/index.php\/termek\/citrin-tigrisszem-es-aventurin-karkoto\/","title":{"rendered":"Citrin, tigrisszem \u00e9s aventurin kark\u00f6t\u0151"},"content":{"rendered":"<p><strong>Tigrisszem<\/strong>: Az ezoterikus irodalom r\u00e9g\u00f3ta ismeri \u00e9s alkalmazza a tigrisszemet. A legfontosabb kapcsolatban a napfonat csakr\u00e1val \u00e1ss, ez\u00e1ltal hat\u00e1sai a t\u0171z-er\u0151 k\u00f6zpontban \u00e9rv\u00e9nyes\u00fclnek a legjobban. \u00dagy tartj\u00e1k, hogy a tigrisszem energi\u00e1i legink\u00e1bb az Ikrek, az Oroszl\u00e1n, a Sz\u0171z, a Skorpi\u00f3 \u00e9s a Nyilas jegy sz\u00fcl\u0151tteivel harmoniz\u00e1lnak, de egy\u00e9bk\u00e9nt minden ember sz\u00e1m\u00e1ra hasznosak. Hat\u00e1sai<strong>:<\/strong> Csont, \u00edz\u00fclet \u00e9s immun-rendszer er\u0151s\u00edt\u0151, l\u00e9g\u00fat \u00e9s t\u00fcd\u0151 er\u0151s\u00edt\u0151, asztma gy\u00f3gy\u00edt\u00f3 \u00e9s kreativit\u00e1s fejleszt\u0151.<\/p>\n<p><strong>Citrin<\/strong>: \u00c9let\u00f6r\u00f6m\u00f6t k\u00f6zvet\u00edt \u00e9s vonzza a gazdags\u00e1got, b\u0151s\u00e9get.\u00a0Er\u0151s\u00edti az idegrendszert, megsz\u00fcnteti a sz\u00edvprobl\u00e9m\u00e1kat. Visel\u0151je \u00e9let\u00e9ben boldogs\u00e1got hozz.\u00a0Nagyon er\u0151s v\u00e9delmez\u0151 k\u0151. Tiszt\u00edtja, v\u00e9di aur\u00e1nkat, energi\u00e1val t\u00f6lti fel az eg\u00e9sz szervezetet \u00e9s sejtregener\u00e1l\u00f3 hat\u00e1sa van.<\/p>\n<p><strong>Aventurin<\/strong>: Nyugtat\u00f3 hat\u00e1ssal b\u00edr. \u00d6sszek\u00f6t benn\u00fcnket a term\u00e9szet er\u0151ivel. Feloldja a bels\u0151 blokkokat, seg\u00edt elengedni bels\u0151 f\u00e9lelmeinket. Nyugalmat, der\u0171t k\u00f6lcs\u00f6n\u00f6z. Egyens\u00falyban tartja a v\u00e9rnyom\u00e1st,\u00a0serkenti az anyagcser\u00e9t. Gyullad\u00e1scs\u00f6kkent\u0151. Enyh\u00edti a b\u0151r probl\u00e9m\u00e1kat. Csillagjegyei: Bika, R\u00e1k, M\u00e9rleg, Nyilas, V\u00edz\u00f6nt\u0151 Csakr\u00e1ja: Sz\u00edvcsakra<\/p>\n<section class=\"related products\"><\/section>\n<div class=\"woocommerce-tabs wc-tabs-wrapper\">\n<div id=\"tab-description\" class=\"woocommerce-Tabs-panel woocommerce-Tabs-panel--description panel entry-content wc-tab\" role=\"tabpanel\" aria-labelledby=\"tab-title-description\">\n<p>\u00a0<\/p>\n<\/div>\n<\/div>\n<div class=\"woocommerce-tabs wc-tabs-wrapper\">\n<div id=\"tab-description\" class=\"woocommerce-Tabs-panel woocommerce-Tabs-panel--description panel entry-content wc-tab\" role=\"tabpanel\" aria-labelledby=\"tab-title-description\">\n<p>\u00a0<\/p>\n<\/div>\n<\/div>\n","protected":false},"excerpt":{"rendered":"<p>\u00c1sv\u00e1nyai:\u00a0 Citrin, tigrisszem \u00e9s aventurin<\/p>\n","protected":false},"featured_media":1533,"comment_status":"open","ping_status":"open","template":"","meta":{"_seopress_robots_primary_cat":"","_seopress_titles_title":"","_seopress_titles_desc":"","_seopress_robots_index":""},"product_brand":[],"product_cat":[17,26,25],"product_tag":[],"class_list":{"0":"post-1532","1":"product","2":"type-product","3":"status-publish","4":"has-post-thumbnail","6":"product_cat-asvanykarkoto","7":"product_cat-basic","8":"product_cat-noi-asvanykarkoto","10":"first","11":"instock","12":"shipping-taxable","13":"purchasable","14":"product-type-simple"},"_links":{"self":[{"href":"https:\/\/ujoldal.asvanyekszerek.com\/index.php\/wp-json\/wp\/v2\/product\/1532","targetHints":{"allow":["GET"]}}],"collection":[{"href":"https:\/\/ujoldal.asvanyekszerek.com\/index.php\/wp-json\/wp\/v2\/product"}],"about":[{"href":"https:\/\/ujoldal.asvanyekszerek.com\/index.php\/wp-json\/wp\/v2\/types\/product"}],"replies":[{"embeddable":true,"href":"https:\/\/ujoldal.asvanyekszerek.com\/index.php\/wp-json\/wp\/v2\/comments?post=1532"}],"wp:featuredmedia":[{"embeddable":true,"href":"https:\/\/ujoldal.asvanyekszerek.com\/index.php\/wp-json\/wp\/v2\/media\/1533"}],"wp:attachment":[{"href":"https:\/\/ujoldal.asvanyekszerek.com\/index.php\/wp-json\/wp\/v2\/media?parent=1532"}],"wp:term":[{"taxonomy":"product_brand","embeddable":true,"href":"https:\/\/ujoldal.asvanyekszerek.com\/index.php\/wp-json\/wp\/v2\/product_brand?post=1532"},{"taxonomy":"product_cat","embeddable":true,"href":"https:\/\/ujoldal.asvanyekszerek.com\/index.php\/wp-json\/wp\/v2\/product_cat?post=1532"},{"taxonomy":"product_tag","embeddable":true,"href":"https:\/\/ujoldal.asvanyekszerek.com\/index.php\/wp-json\/wp\/v2\/product_tag?post=1532"}],"curies":[{"name":"wp","href":"https:\/\/api.w.org\/{rel}","templated":true}]}}