{"id":1510,"date":"2025-09-08T10:31:07","date_gmt":"2025-09-08T08:31:07","guid":{"rendered":"https:\/\/ujoldal.asvanyekszerek.com\/index.php\/termek\/lavako-dalmata-jaspis-es-barack-holdko-karkoto\/"},"modified":"2025-09-17T12:17:28","modified_gmt":"2025-09-17T10:17:28","slug":"lavako-dalmata-jaspis-es-barack-holdko-karkoto","status":"publish","type":"product","link":"https:\/\/ujoldal.asvanyekszerek.com\/index.php\/termek\/lavako-dalmata-jaspis-es-barack-holdko-karkoto\/","title":{"rendered":"L\u00e1vak\u0151, dalmata j\u00e1spis \u00e9s barack holdk\u0151 kark\u00f6t\u0151"},"content":{"rendered":"<p><strong>Holdk\u0151<\/strong>: A hormonh\u00e1ztart\u00e1ssal k\u00f6zvetve, vagy k\u00f6zvetlen\u00fcl \u00f6sszef\u00fcgg\u0151 probl\u00e9m\u00e1k mindegyike orvosolhat\u00f3 a holdk\u0151 seg\u00edts\u00e9g\u00e9vel: kiegyenl\u00edti a hormonh\u00e1ztart\u00e1st, serkenti a petef\u00e9szek m\u0171k\u00f6d\u00e9s\u00e9t, n\u00f6veli a term\u00e9kenys\u00e9get. Egyar\u00e1nt kezelhet\u0151k vele a menstru\u00e1ci\u00f3s zavarok \u00e9s klimaxos probl\u00e9m\u00e1k. Hat\u00e1ssal van a csontozatra, megel\u0151zi a csontritkul\u00e1st. Hormon\u00e1lis eredet\u0171 hajhull\u00e1s elleni is haszn\u00e1lhatjuk. Jav\u00edtja a nyirokkering\u00e9st, ez\u00e9rt vizeny\u0151 \u00e9s v\u00e9gtag dagad\u00e1s eset\u00e9n is javasolt haszn\u00e1lata.<br \/>\n<u>Csillagjegyei<\/u>: R\u00e1k, Bak, Halak<br \/>\n<u>Csakr\u00e1i<\/u>: Szakr\u00e1lis csakra, Torokcsakra<\/p>\n<p><strong>Dalmata j\u00e1spis:<\/strong> Megfontolts\u00e1got,\u00a0kiegyens\u00falyozotts\u00e1got ad,\u00a0hat\u00e1rozotts\u00e1gra sarkall,\u00a0v\u00e9delmez\u0151\u00a0\u00e9s\u00a0nyugtat\u00f3\u00a0hat\u00e1s\u00fa. Lehet\u0151s\u00e9geink \u00e9s d\u00f6nt\u00e9seink alapos \u00e1tgondol\u00e1s\u00e1ra, higgadt megfontol\u00e1s\u00e1ra ad t\u00e1mogat\u00f3\u00a0er\u0151t, ugyanakkor a hat\u00e1rozott\u00a0cselekv\u0151 er\u0151nk fel\u00e9leszt\u00e9s\u00e9ben is seg\u00edt. \u00c9rzelmileg\u00a0harmoniz\u00e1l\u00f3, f\u00f6ldel\u0151 \u00e1sv\u00e1ny, az\u00a0idegek\u00a0nyugtat\u00e1s\u00e1ra, az\u00a0idegrendszerre gyakorolt hat\u00e1sa \u00e9s sz\u00e9ps\u00e9ge miatt is j\u00f3 v\u00e1laszt\u00e1s, m\u00e1r a l\u00e1tv\u00e1nya is a\u00a0j\u00e1t\u00e9koss\u00e1gra, \u00f6r\u00f6mre, vid\u00e1ms\u00e1gra eml\u00e9keztet. A\u00a0gy\u00f6k\u00e9rcsakra\u00a0harmoniz\u00e1l\u00e1s\u00e1ra, \u00e9s a gy\u00f6k\u00e9rcsakr\u00e1hoz kapcsol\u00f3d\u00f3 t\u00fcnetek kezel\u00e9s\u00e9nek t\u00e1mogat\u00e1s\u00e1ra is haszn\u00e1lhatjuk.<\/p>\n<p><strong>L\u00e1vak\u0151:<\/strong> M\u00e9regtelen\u00edt\u0151 hat\u00e1sa van, serkenti a sejtek v\u00edzut\u00e1np\u00f3tl\u00e1s\u00e1t. Er\u0151s\u00edti az inakat, seg\u00edti a k\u00f6t\u0151sz\u00f6vet regener\u00e1l\u00e1s\u00e1t, illetve serkenti a v\u00e9rkering\u00e9st. Biztos\u00edtja az egyens\u00falyt a szervezetben.<\/p>\n","protected":false},"excerpt":{"rendered":"<p>\u0150szi kollekci\u00f3 gy\u00f6ny\u00f6r\u0171 darabja.<\/p>\n<p>\u00c1sv\u00e1nyai: L\u00e1vak\u0151, dalmata j\u00e1spis, barackholdk\u0151, arany hematittal d\u00edsz\u00edtve<\/p>\n","protected":false},"featured_media":1511,"comment_status":"open","ping_status":"open","template":"","meta":{"_seopress_robots_primary_cat":"","_seopress_titles_title":"","_seopress_titles_desc":"","_seopress_robots_index":""},"product_brand":[],"product_cat":[17,26,25],"product_tag":[],"class_list":{"0":"post-1510","1":"product","2":"type-product","3":"status-publish","4":"has-post-thumbnail","6":"product_cat-asvanykarkoto","7":"product_cat-basic","8":"product_cat-noi-asvanykarkoto","10":"first","11":"instock","12":"shipping-taxable","13":"purchasable","14":"product-type-simple"},"_links":{"self":[{"href":"https:\/\/ujoldal.asvanyekszerek.com\/index.php\/wp-json\/wp\/v2\/product\/1510","targetHints":{"allow":["GET"]}}],"collection":[{"href":"https:\/\/ujoldal.asvanyekszerek.com\/index.php\/wp-json\/wp\/v2\/product"}],"about":[{"href":"https:\/\/ujoldal.asvanyekszerek.com\/index.php\/wp-json\/wp\/v2\/types\/product"}],"replies":[{"embeddable":true,"href":"https:\/\/ujoldal.asvanyekszerek.com\/index.php\/wp-json\/wp\/v2\/comments?post=1510"}],"wp:featuredmedia":[{"embeddable":true,"href":"https:\/\/ujoldal.asvanyekszerek.com\/index.php\/wp-json\/wp\/v2\/media\/1511"}],"wp:attachment":[{"href":"https:\/\/ujoldal.asvanyekszerek.com\/index.php\/wp-json\/wp\/v2\/media?parent=1510"}],"wp:term":[{"taxonomy":"product_brand","embeddable":true,"href":"https:\/\/ujoldal.asvanyekszerek.com\/index.php\/wp-json\/wp\/v2\/product_brand?post=1510"},{"taxonomy":"product_cat","embeddable":true,"href":"https:\/\/ujoldal.asvanyekszerek.com\/index.php\/wp-json\/wp\/v2\/product_cat?post=1510"},{"taxonomy":"product_tag","embeddable":true,"href":"https:\/\/ujoldal.asvanyekszerek.com\/index.php\/wp-json\/wp\/v2\/product_tag?post=1510"}],"curies":[{"name":"wp","href":"https:\/\/api.w.org\/{rel}","templated":true}]}}