{"id":1504,"date":"2025-09-08T10:29:23","date_gmt":"2025-09-08T08:29:23","guid":{"rendered":"https:\/\/ujoldal.asvanyekszerek.com\/index.php\/termek\/nyilas-csillagjegy-lapis-lazuli-amazonit-turkinit-es-voros-jaspis\/"},"modified":"2025-09-17T12:17:21","modified_gmt":"2025-09-17T10:17:21","slug":"nyilas-csillagjegy-lapis-lazuli-amazonit-turkinit-es-voros-jaspis","status":"publish","type":"product","link":"https:\/\/ujoldal.asvanyekszerek.com\/index.php\/termek\/nyilas-csillagjegy-lapis-lazuli-amazonit-turkinit-es-voros-jaspis\/","title":{"rendered":"Nyilas csillagjegy &#8211; lapis lazuli, amazonit, t\u00fcrkinit \u00e9s v\u00f6r\u00f6s j\u00e1spis"},"content":{"rendered":"<p><strong>J\u00e1spis: <\/strong>Szer\u00e9nys\u00e9gre, \u00f6nzetlens\u00e9gre, egy\u00fctt\u00e9rz\u00e9sre \u00e9s t\u00fcrelemre k\u00e9sztet. Jav\u00edtja a kering\u00e9st. Aktiv\u00e1lja a m\u00e1j, epe, l\u00e9p \u00e9s a hasny\u00e1lmirigy m\u0171k\u00f6d\u00e9s\u00e9t.<\/p>\n<p><strong>Lapis lazuli:<\/strong> Stressz old\u00f3 hat\u00e1sa van, megsz\u00fcnteti a depresszi\u00f3t, er\u0151s\u00edti az immunrendszert \u00e9s energi\u00e1val t\u00f6lti fel a szervezetet. Cs\u00f6kkenti a magas v\u00e9rnyom\u00e1st \u00e9s nyugtatja a sz\u00edvet. \u00d6nbizalmat biztos\u00edt \u00e9s fejleszti a kommunik\u00e1ci\u00f3t. T\u00e1vol tartja a negat\u00edv energi\u00e1kat. Esetenk\u00e9nt foghat, kophat, engedheti a sz\u00edn\u00e9t!<\/p>\n<p><strong>T\u00fcrkinit<\/strong>: M\u00e1sn\u00e9ven t\u00fcrk\u00edz howlit\/magnezit. Seg\u00edti a magn\u00e9zium felsz\u00edv\u00f3d\u00e1s\u00e1t. Seg\u00edt a fejf\u00e1j\u00e1s elmulaszt\u00e1s\u00e1ban. Zs\u00edr\u00e9get\u0151, k\u00e1lcium szint szab\u00e1lyoz\u00f3, m\u00e9regtelen\u00edt\u0151, seg\u00edti a csontok \u00e9s\u00a0fogak er\u0151s\u00edt\u00e9s\u00e9ben, izomlaz\u00edt\u00f3, epegy\u00f3gy\u00edt\u00f3, izomlaz\u00edt\u00f3.<\/p>\n<p><strong>Amazonit<\/strong>: Lelkier\u0151, depresszi\u00f3gy\u00f3gy\u00edt\u00f3, pajzsmirigy \u00e9s m\u00e1j er\u0151s\u00edt\u0151, csontritkul\u00e1s, menstru\u00e1ci\u00f3s panaszok kezel\u00e9se, elektrom\u00e1gneses szennyez\u0151d\u00e9sekt\u0151l val\u00f3 v\u00e9delem. Mindennapjaink sor\u00e1n az amazonit seg\u00edt laz\u00e1bbnak lenni, n\u00f6veli a kitart\u00e1sunkat. Seg\u00edt c\u00e9ljaink el\u00e9r\u00e9s\u00e9ben.<br \/>\n<u>Csillagjegyei<\/u>: M\u00e9rleg, Halak<br \/>\n<u>Csakr\u00e1i<\/u>: K\u00f6ld\u00f6kcsakra, Gy\u00f6k\u00e9rcsakra<\/p>\n","protected":false},"excerpt":{"rendered":"<p>Nyilas csillagjegyeiben k\u00e9sz\u00fclt \u00e1sv\u00e1nykark\u00f6t\u0151.<br \/>\n\u00c1sv\u00e1nyai: Lapis lazuli, amazonit, t\u00fcrkinit \u00e9s v\u00f6r\u00f6s j\u00e1spis<\/p>\n","protected":false},"featured_media":1505,"comment_status":"open","ping_status":"open","template":"","meta":{"_seopress_robots_primary_cat":"","_seopress_titles_title":"","_seopress_titles_desc":"","_seopress_robots_index":""},"product_brand":[],"product_cat":[17,43,25],"product_tag":[],"class_list":{"0":"post-1504","1":"product","2":"type-product","3":"status-publish","4":"has-post-thumbnail","6":"product_cat-asvanykarkoto","7":"product_cat-horoszkopos","8":"product_cat-noi-asvanykarkoto","10":"first","11":"onbackorder","12":"shipping-taxable","13":"purchasable","14":"product-type-simple"},"_links":{"self":[{"href":"https:\/\/ujoldal.asvanyekszerek.com\/index.php\/wp-json\/wp\/v2\/product\/1504","targetHints":{"allow":["GET"]}}],"collection":[{"href":"https:\/\/ujoldal.asvanyekszerek.com\/index.php\/wp-json\/wp\/v2\/product"}],"about":[{"href":"https:\/\/ujoldal.asvanyekszerek.com\/index.php\/wp-json\/wp\/v2\/types\/product"}],"replies":[{"embeddable":true,"href":"https:\/\/ujoldal.asvanyekszerek.com\/index.php\/wp-json\/wp\/v2\/comments?post=1504"}],"wp:featuredmedia":[{"embeddable":true,"href":"https:\/\/ujoldal.asvanyekszerek.com\/index.php\/wp-json\/wp\/v2\/media\/1505"}],"wp:attachment":[{"href":"https:\/\/ujoldal.asvanyekszerek.com\/index.php\/wp-json\/wp\/v2\/media?parent=1504"}],"wp:term":[{"taxonomy":"product_brand","embeddable":true,"href":"https:\/\/ujoldal.asvanyekszerek.com\/index.php\/wp-json\/wp\/v2\/product_brand?post=1504"},{"taxonomy":"product_cat","embeddable":true,"href":"https:\/\/ujoldal.asvanyekszerek.com\/index.php\/wp-json\/wp\/v2\/product_cat?post=1504"},{"taxonomy":"product_tag","embeddable":true,"href":"https:\/\/ujoldal.asvanyekszerek.com\/index.php\/wp-json\/wp\/v2\/product_tag?post=1504"}],"curies":[{"name":"wp","href":"https:\/\/api.w.org\/{rel}","templated":true}]}}