{"id":1498,"date":"2025-09-08T10:29:23","date_gmt":"2025-09-08T08:29:23","guid":{"rendered":"https:\/\/ujoldal.asvanyekszerek.com\/index.php\/termek\/rak-csillagjegy-aventurin-achat-jaspis-jade\/"},"modified":"2025-09-17T12:17:13","modified_gmt":"2025-09-17T10:17:13","slug":"rak-csillagjegy-aventurin-achat-jaspis-jade","status":"publish","type":"product","link":"https:\/\/ujoldal.asvanyekszerek.com\/index.php\/termek\/rak-csillagjegy-aventurin-achat-jaspis-jade\/","title":{"rendered":"R\u00e1k csillagjegy &#8211; aventurin, ach\u00e1t, j\u00e1spis, jade"},"content":{"rendered":"<p><strong>J\u00e1spis: <\/strong>Szer\u00e9nys\u00e9gre, \u00f6nzetlens\u00e9gre, egy\u00fctt\u00e9rz\u00e9sre \u00e9s t\u00fcrelemre k\u00e9sztet. Jav\u00edtja a kering\u00e9st. Aktiv\u00e1lja a m\u00e1j, epe, l\u00e9p \u00e9s a hasny\u00e1lmirigy m\u0171k\u00f6d\u00e9s\u00e9t.<\/p>\n<p><strong>Jade:<\/strong> Szerencsehoz\u00f3, vesetiszt\u00edt\u00f3, m\u00e9regtelen\u00edt\u0151, sejtregener\u00e1l\u00f3, lelki b\u00e9k\u00e9t seg\u00edt\u0151, idegrendszer \u00e9s alv\u00e1s jav\u00edt\u00f3, v\u00e9delmez\u0151 \u00e9s term\u00e9kenys\u00e9get seg\u00edt\u0151.<\/p>\n<p><strong>Ach\u00e1t:<\/strong> V\u00e9d\u0151, szerencsehoz\u00f3, auratiszt\u00edt\u00f3 \u00e9s nyugtat\u00f3 hat\u00e1s\u00fa. Az agyi funkci\u00f3k fejleszt\u00e9s\u00e9ben seg\u00edt \u00e9s em\u00e9szt\u00e9s jav\u00edt\u00f3.<\/p>\n<p><strong>Aventurin<\/strong>: Nyugtat\u00f3 hat\u00e1ssal b\u00edr. \u00d6sszek\u00f6t benn\u00fcnket a term\u00e9szet er\u0151ivel. Feloldja a bels\u0151 blokkokat, seg\u00edt elengedni bels\u0151 f\u00e9lelmeinket. Nyugalmat, der\u0171t k\u00f6lcs\u00f6n\u00f6z. Egyens\u00falyban tartja a v\u00e9rnyom\u00e1st,\u00a0serkenti az anyagcser\u00e9t. Gyullad\u00e1scs\u00f6kkent\u0151. Enyh\u00edti a b\u0151r probl\u00e9m\u00e1kat. Csillagjegyei: Bika, R\u00e1k, M\u00e9rleg, Nyilas, V\u00edz\u00f6nt\u0151<br \/>\nCsakr\u00e1ja: Sz\u00edvcsakra<\/p>\n","protected":false},"excerpt":{"rendered":"<p>R\u00e1k csillagjegyeiben k\u00e9sz\u00fclt \u00e1sv\u00e1nykark\u00f6t\u0151.<br \/>\n\u00c1sv\u00e1nyai: Aventurin, Moha ach\u00e1t, Sz\u00fcrke t\u00e9rk\u00e9pj\u00e1spis \u00e9s feh\u00e9r jade<\/p>\n","protected":false},"featured_media":1499,"comment_status":"open","ping_status":"open","template":"","meta":{"_seopress_robots_primary_cat":"","_seopress_titles_title":"","_seopress_titles_desc":"","_seopress_robots_index":""},"product_brand":[],"product_cat":[17,43,25],"product_tag":[],"class_list":{"0":"post-1498","1":"product","2":"type-product","3":"status-publish","4":"has-post-thumbnail","6":"product_cat-asvanykarkoto","7":"product_cat-horoszkopos","8":"product_cat-noi-asvanykarkoto","10":"first","11":"onbackorder","12":"shipping-taxable","13":"purchasable","14":"product-type-simple"},"_links":{"self":[{"href":"https:\/\/ujoldal.asvanyekszerek.com\/index.php\/wp-json\/wp\/v2\/product\/1498","targetHints":{"allow":["GET"]}}],"collection":[{"href":"https:\/\/ujoldal.asvanyekszerek.com\/index.php\/wp-json\/wp\/v2\/product"}],"about":[{"href":"https:\/\/ujoldal.asvanyekszerek.com\/index.php\/wp-json\/wp\/v2\/types\/product"}],"replies":[{"embeddable":true,"href":"https:\/\/ujoldal.asvanyekszerek.com\/index.php\/wp-json\/wp\/v2\/comments?post=1498"}],"wp:featuredmedia":[{"embeddable":true,"href":"https:\/\/ujoldal.asvanyekszerek.com\/index.php\/wp-json\/wp\/v2\/media\/1499"}],"wp:attachment":[{"href":"https:\/\/ujoldal.asvanyekszerek.com\/index.php\/wp-json\/wp\/v2\/media?parent=1498"}],"wp:term":[{"taxonomy":"product_brand","embeddable":true,"href":"https:\/\/ujoldal.asvanyekszerek.com\/index.php\/wp-json\/wp\/v2\/product_brand?post=1498"},{"taxonomy":"product_cat","embeddable":true,"href":"https:\/\/ujoldal.asvanyekszerek.com\/index.php\/wp-json\/wp\/v2\/product_cat?post=1498"},{"taxonomy":"product_tag","embeddable":true,"href":"https:\/\/ujoldal.asvanyekszerek.com\/index.php\/wp-json\/wp\/v2\/product_tag?post=1498"}],"curies":[{"name":"wp","href":"https:\/\/api.w.org\/{rel}","templated":true}]}}