{"id":1484,"date":"2025-09-08T10:27:41","date_gmt":"2025-09-08T08:27:41","guid":{"rendered":"https:\/\/ujoldal.asvanyekszerek.com\/index.php\/termek\/hegyikristaly-tigrisszem-rodonit-es-lavako-karkoto\/"},"modified":"2025-09-17T12:16:52","modified_gmt":"2025-09-17T10:16:52","slug":"hegyikristaly-tigrisszem-rodonit-es-lavako-karkoto","status":"publish","type":"product","link":"https:\/\/ujoldal.asvanyekszerek.com\/index.php\/termek\/hegyikristaly-tigrisszem-rodonit-es-lavako-karkoto\/","title":{"rendered":"Hegyikrist\u00e1ly, tigrisszem, rodonit \u00e9s l\u00e1vak\u0151 kark\u00f6t\u0151"},"content":{"rendered":"<p>Hegyikrist\u00e1ly: Sejtregener\u00e1l\u00f3, immuner\u0151s\u00edt\u0151, idegrendszer nyugtat\u00f3, m\u00e9regtelen\u00edt\u0151. Serkenti az agyi funkci\u00f3kat \u00e9s az anyagcser\u00e9t. Egyens\u00falyban tartja a hormonh\u00e1ztart\u00e1st \u00e9s a v\u00e9rcukorszintet.<\/p>\n<p>L\u00e1vak\u0151: M\u00e9regtelen\u00edt\u0151 hat\u00e1sa van, serkenti a sejtek v\u00edzut\u00e1np\u00f3tl\u00e1s\u00e1t. Er\u0151s\u00edti az inakat, seg\u00edti a k\u00f6t\u0151sz\u00f6vet regener\u00e1l\u00e1s\u00e1t, illetve serkenti a v\u00e9rkering\u00e9st. Biztos\u00edtja az egyens\u00falyt a szervezetben.<\/p>\n<p>Tigrisszem: Csont, \u00edz\u00fclet \u00e9s immunrendszer er\u0151s\u00edt\u0151, l\u00e9g\u00fat \u00e9s t\u00fcd\u0151 er\u0151s\u00edt\u0151, asztma gy\u00f3gy\u00edt\u00f3 \u00e9s kreativit\u00e1s fejleszt\u0151. Az ezoterikus irodalom r\u00e9g\u00f3ta ismeri \u00e9s alkalmazza a tigrisszemet. A legfontosabb kapcsolatban a napfonat csakr\u00e1val \u00e1ss, ez\u00e1ltal hat\u00e1sai a t\u0171z-er\u0151 k\u00f6zpontban \u00e9rv\u00e9nyes\u00fclnek a legjobban. \u00dagy tartj\u00e1k, hogy a tigrisszem energi\u00e1i legink\u00e1bb az Ikrek, az Oroszl\u00e1n, a Sz\u0171z, a Skorpi\u00f3 \u00e9s a Nyilas jegy sz\u00fcl\u0151tteivel harmoniz\u00e1lnak, de egy\u00e9bk\u00e9nt minden ember sz\u00e1m\u00e1ra hasznosak.<\/p>\n<p>Rodonit: A rodonit \u00e9rzelmileg kiegyens\u00falyoz, t\u00e1pl\u00e1lja a szeretetet \u00e9s az embert\u00e1rsaink ir\u00e1nt \u00e9rzett bajt\u00e1rsiass\u00e1got. Megvan a k\u00e9pess\u00e9ge, hogy mindennek megmutatja a k\u00e9t oldal\u00e1t. Serkenti, tiszt\u00edtja \u00e9s hat\u00e9konny\u00e1 teszi a sz\u00edvet \u00e9s a sz\u00edvcsakr\u00e1t. Gy\u00f3gy\u00edtja az \u00e9rzelmi sokkot \u00e9s p\u00e1nikot, mivel t\u00e1mogat\u00f3 er\u0151vel l\u00e1tja el a lelket. Rendk\u00edv\u00fcl j\u00f3t\u00e9konyan hat az \u00e9rzelmi \u00f6npuszt\u00edt\u00e1s ellen, f\u00fcgg\u0151s\u00e9g \u00e9s zaklat\u00e1s eset\u00e9n. Egyens\u00falyban tartja \u00e9s egyes\u00edti a fizikai \u00e9s a szellemi energi\u00e1kat. Magabiztoss\u00e1got ad, \u00e9s csillap\u00edtja a fejetlens\u00e9get. Kiv\u00e1l\u00f3 sebgy\u00f3gy\u00edt\u00f3, \u00e9s j\u00f3l enyh\u00edti a rovarcs\u00edp\u00e9seket. Elhalv\u00e1ny\u00edtja a sebhelyeket. J\u00f3t\u00e9konyan hat a csontn\u00f6veked\u00e9sre \u00e9s a hall\u00f3szervekre. Fokozza a term\u00e9kenys\u00e9get. Gy\u00f3gy\u00edtja a t\u00fcd\u0151t\u00e1gul\u00e1st, az iz\u00fcleti gyullad\u00e1st, az autoimmun betegs\u00e9geket, a gyomorfek\u00e9lyt \u00e9s a sclerosis multiplexet.<\/p>\n","protected":false},"excerpt":{"rendered":"<p>\u00c1sv\u00e1nyai: magenta tigrisszem, l\u00e1vak\u0151, rodonit \u00e9s hegyikrist\u00e1ly<\/p>\n","protected":false},"featured_media":1485,"comment_status":"open","ping_status":"open","template":"","meta":{"_seopress_robots_primary_cat":"","_seopress_titles_title":"","_seopress_titles_desc":"","_seopress_robots_index":""},"product_brand":[],"product_cat":[17,26,25],"product_tag":[],"class_list":{"0":"post-1484","1":"product","2":"type-product","3":"status-publish","4":"has-post-thumbnail","6":"product_cat-asvanykarkoto","7":"product_cat-basic","8":"product_cat-noi-asvanykarkoto","10":"first","11":"instock","12":"shipping-taxable","13":"purchasable","14":"product-type-simple"},"_links":{"self":[{"href":"https:\/\/ujoldal.asvanyekszerek.com\/index.php\/wp-json\/wp\/v2\/product\/1484","targetHints":{"allow":["GET"]}}],"collection":[{"href":"https:\/\/ujoldal.asvanyekszerek.com\/index.php\/wp-json\/wp\/v2\/product"}],"about":[{"href":"https:\/\/ujoldal.asvanyekszerek.com\/index.php\/wp-json\/wp\/v2\/types\/product"}],"replies":[{"embeddable":true,"href":"https:\/\/ujoldal.asvanyekszerek.com\/index.php\/wp-json\/wp\/v2\/comments?post=1484"}],"wp:featuredmedia":[{"embeddable":true,"href":"https:\/\/ujoldal.asvanyekszerek.com\/index.php\/wp-json\/wp\/v2\/media\/1485"}],"wp:attachment":[{"href":"https:\/\/ujoldal.asvanyekszerek.com\/index.php\/wp-json\/wp\/v2\/media?parent=1484"}],"wp:term":[{"taxonomy":"product_brand","embeddable":true,"href":"https:\/\/ujoldal.asvanyekszerek.com\/index.php\/wp-json\/wp\/v2\/product_brand?post=1484"},{"taxonomy":"product_cat","embeddable":true,"href":"https:\/\/ujoldal.asvanyekszerek.com\/index.php\/wp-json\/wp\/v2\/product_cat?post=1484"},{"taxonomy":"product_tag","embeddable":true,"href":"https:\/\/ujoldal.asvanyekszerek.com\/index.php\/wp-json\/wp\/v2\/product_tag?post=1484"}],"curies":[{"name":"wp","href":"https:\/\/api.w.org\/{rel}","templated":true}]}}