{"id":1450,"date":"2025-09-08T10:25:55","date_gmt":"2025-09-08T08:25:55","guid":{"rendered":"https:\/\/ujoldal.asvanyekszerek.com\/index.php\/termek\/jade-hegyikristaly-aventurin-es-hematit-anya-lanya-szett\/"},"modified":"2025-09-17T12:16:09","modified_gmt":"2025-09-17T10:16:09","slug":"jade-hegyikristaly-aventurin-es-hematit-anya-lanya-szett","status":"publish","type":"product","link":"https:\/\/ujoldal.asvanyekszerek.com\/index.php\/termek\/jade-hegyikristaly-aventurin-es-hematit-anya-lanya-szett\/","title":{"rendered":"Jade, hegyikrist\u00e1ly, aventurin \u00e9s hematit anya-l\u00e1nya szett"},"content":{"rendered":"<p>Hematit: V\u00e9r \u00e9s sejt k\u00e9pz\u0151, gyors\u00edtja a betegs\u00e9gek ut\u00e1ni fel\u00e9p\u00fcl\u00e9st. Stabiliz\u00e1lja a v\u00e9rnyom\u00e1st. Jav\u00edtja az agyi funkci\u00f3kat \u00e9s az oxig\u00e9n ell\u00e1t\u00e1st.<\/p>\n<p>Aventurin: Nyitott\u00e1 tesz, \u00e9rzelmi gy\u00f3gyul\u00e1shoz \u00e9s kiegyens\u00falyozotts\u00e1ghoz vezet. Der\u0171t, higgadts\u00e1got \u00e9s bels\u0151 nyugalmat k\u00f6lcs\u00f6n\u00f6z.<\/p>\n<p>Jade: Szerencsehoz\u00f3, vesetiszt\u00edt\u00f3, m\u00e9regtelen\u00edt\u0151, sejtregener\u00e1l\u00f3, lelki b\u00e9k\u00e9t seg\u00edt\u0151, idegrendszer \u00e9s alv\u00e1s jav\u00edt\u00f3, v\u00e9delmez\u0151 \u00e9s term\u00e9kenys\u00e9get seg\u00edt\u0151.<\/p>\n<p>Hegyikrist\u00e1ly: Sejtregener\u00e1l\u00f3, immuner\u0151s\u00edt\u0151, idegrendszer nyugtat\u00f3, m\u00e9regtelen\u00edt\u0151. Serkenti az agyi funkci\u00f3kat \u00e9s az anyagcser\u00e9t. Egyens\u00falyban tartja a hormonh\u00e1ztart\u00e1st \u00e9s a v\u00e9rcukorszintet.<\/p>\n","protected":false},"excerpt":{"rendered":"<p>K\u00fcl\u00f6nleges anya l\u00e1nya szett, magyar feliratos med\u00e1llal.<br \/>\n\u00c1sv\u00e1nyai: hegyikrist\u00e1ly, jade, hematit \u00e9s aventurin<br \/>\nA kark\u00f6t\u0151k m\u00e9ret\u00e9t a rendel\u00e9s v\u00e9g\u00e9n l\u00e9v\u0151 megjegyz\u00e9s rovatban tudod megadni.<br \/>\nAz \u00e1r tartalmazza a d\u00edszcsomagol\u00e1st.<\/p>\n","protected":false},"featured_media":1451,"comment_status":"open","ping_status":"open","template":"","meta":{"_seopress_robots_primary_cat":"","_seopress_titles_title":"","_seopress_titles_desc":"","_seopress_robots_index":""},"product_brand":[],"product_cat":[21],"product_tag":[],"class_list":{"0":"post-1450","1":"product","2":"type-product","3":"status-publish","4":"has-post-thumbnail","6":"product_cat-csaladi-kollekcio","8":"first","9":"onbackorder","10":"shipping-taxable","11":"purchasable","12":"product-type-simple"},"_links":{"self":[{"href":"https:\/\/ujoldal.asvanyekszerek.com\/index.php\/wp-json\/wp\/v2\/product\/1450","targetHints":{"allow":["GET"]}}],"collection":[{"href":"https:\/\/ujoldal.asvanyekszerek.com\/index.php\/wp-json\/wp\/v2\/product"}],"about":[{"href":"https:\/\/ujoldal.asvanyekszerek.com\/index.php\/wp-json\/wp\/v2\/types\/product"}],"replies":[{"embeddable":true,"href":"https:\/\/ujoldal.asvanyekszerek.com\/index.php\/wp-json\/wp\/v2\/comments?post=1450"}],"wp:featuredmedia":[{"embeddable":true,"href":"https:\/\/ujoldal.asvanyekszerek.com\/index.php\/wp-json\/wp\/v2\/media\/1451"}],"wp:attachment":[{"href":"https:\/\/ujoldal.asvanyekszerek.com\/index.php\/wp-json\/wp\/v2\/media?parent=1450"}],"wp:term":[{"taxonomy":"product_brand","embeddable":true,"href":"https:\/\/ujoldal.asvanyekszerek.com\/index.php\/wp-json\/wp\/v2\/product_brand?post=1450"},{"taxonomy":"product_cat","embeddable":true,"href":"https:\/\/ujoldal.asvanyekszerek.com\/index.php\/wp-json\/wp\/v2\/product_cat?post=1450"},{"taxonomy":"product_tag","embeddable":true,"href":"https:\/\/ujoldal.asvanyekszerek.com\/index.php\/wp-json\/wp\/v2\/product_tag?post=1450"}],"curies":[{"name":"wp","href":"https:\/\/api.w.org\/{rel}","templated":true}]}}