{"id":1446,"date":"2025-09-08T10:24:11","date_gmt":"2025-09-08T08:24:11","guid":{"rendered":"https:\/\/ujoldal.asvanyekszerek.com\/index.php\/termek\/jade-hegyikristaly-akvamarin-es-szodalit-karkoto\/"},"modified":"2025-09-17T12:16:01","modified_gmt":"2025-09-17T10:16:01","slug":"jade-hegyikristaly-akvamarin-es-szodalit-karkoto","status":"publish","type":"product","link":"https:\/\/ujoldal.asvanyekszerek.com\/index.php\/termek\/jade-hegyikristaly-akvamarin-es-szodalit-karkoto\/","title":{"rendered":"Jade, hegyikrist\u00e1ly, akvamarin \u00e9s szodalit kark\u00f6t\u0151"},"content":{"rendered":"<p>Szodalit: Egyens\u00falyban tartja az anyagcser\u00e9t, egyar\u00e1nt megsz\u00fcnteti a kalcium t\u00f6bbletet \u00e9s a -hi\u00e1nyt is. Tiszt\u00edtja  nyirokrendszert \u00e9s a szerveket, serkenti az immunrendszert. J\u00f3t\u00e9konyan hat a sug\u00e1rz\u00e1s okozta s\u00e9r\u00fcl\u00e9sekre \u00e9s az \u00e1lmatlans\u00e1gra. Gy\u00f3gy\u00edtja a torkot, a hangsz\u00e1lakat \u00e9s a g\u00e9g\u00e9t. Cs\u00f6kkenti a l\u00e1zat, a v\u00e9rnyom\u00e1st, \u00e9s serkenti a folyad\u00e9kfelsz\u00edv\u00f3d\u00e1st a szervezetben. <\/p>\n<p>Akvamarin: Jelent\u00e9se tengerv\u00edz. A b\u00e1tors\u00e1g k\u00f6ve.  V\u00e9delmet \u00e9s tiszta l\u00e1t\u00e1st biztos\u00edt. felszabad\u00edt m\u00e1s emberek hat\u00e1sa \u00e9s benyom\u00e1sa al\u00f3l. B\u00e1tors\u00e1got \u00e9s er\u0151t sug\u00e1roz, \u00e9s megszabad\u00edt az \u00e1ldozat mentalit\u00e1st\u00f3l. T\u00e1mogatja az immunrendszert. Cs\u00f6kkenti az agresszi\u00f3t. Gy\u00f3gy\u00edtja a l\u00e9g\u00fati betegs\u00e9geket.<br \/>\nCsillagjegyei: Halak, Nyilas, Sz\u0171z, M\u00e9rleg, V\u00edz\u00f6nt\u0151, Bika, Ikrek, R\u00e1k<\/p>\n<p>Jade: Szerencsehoz\u00f3, vesetiszt\u00edt\u00f3, m\u00e9regtelen\u00edt\u0151, sejtregener\u00e1l\u00f3, lelki b\u00e9k\u00e9t seg\u00edt\u0151, idegrendszer \u00e9s alv\u00e1s jav\u00edt\u00f3, v\u00e9delmez\u0151 \u00e9s term\u00e9kenys\u00e9get seg\u00edt\u0151.<\/p>\n<p>Hegyikrist\u00e1ly: Sejtregener\u00e1l\u00f3, immuner\u0151s\u00edt\u0151, idegrendszer nyugtat\u00f3, m\u00e9regtelen\u00edt\u0151. Serkenti az agyi funkci\u00f3kat \u00e9s az anyagcser\u00e9t. Egyens\u00falyban tartja a hormonh\u00e1ztart\u00e1st \u00e9s a v\u00e9rcukorszintet.<\/p>\n","protected":false},"excerpt":{"rendered":"<p>\u00c1sv\u00e1nyai: szodalit, hegyikrist\u00e1ly, jade \u00e9s akvamarin<\/p>\n","protected":false},"featured_media":1447,"comment_status":"open","ping_status":"open","template":"","meta":{"_seopress_robots_primary_cat":"","_seopress_titles_title":"","_seopress_titles_desc":"","_seopress_robots_index":""},"product_brand":[],"product_cat":[17,26,25],"product_tag":[],"class_list":{"0":"post-1446","1":"product","2":"type-product","3":"status-publish","4":"has-post-thumbnail","6":"product_cat-asvanykarkoto","7":"product_cat-basic","8":"product_cat-noi-asvanykarkoto","10":"first","11":"instock","12":"shipping-taxable","13":"purchasable","14":"product-type-simple"},"_links":{"self":[{"href":"https:\/\/ujoldal.asvanyekszerek.com\/index.php\/wp-json\/wp\/v2\/product\/1446","targetHints":{"allow":["GET"]}}],"collection":[{"href":"https:\/\/ujoldal.asvanyekszerek.com\/index.php\/wp-json\/wp\/v2\/product"}],"about":[{"href":"https:\/\/ujoldal.asvanyekszerek.com\/index.php\/wp-json\/wp\/v2\/types\/product"}],"replies":[{"embeddable":true,"href":"https:\/\/ujoldal.asvanyekszerek.com\/index.php\/wp-json\/wp\/v2\/comments?post=1446"}],"wp:featuredmedia":[{"embeddable":true,"href":"https:\/\/ujoldal.asvanyekszerek.com\/index.php\/wp-json\/wp\/v2\/media\/1447"}],"wp:attachment":[{"href":"https:\/\/ujoldal.asvanyekszerek.com\/index.php\/wp-json\/wp\/v2\/media?parent=1446"}],"wp:term":[{"taxonomy":"product_brand","embeddable":true,"href":"https:\/\/ujoldal.asvanyekszerek.com\/index.php\/wp-json\/wp\/v2\/product_brand?post=1446"},{"taxonomy":"product_cat","embeddable":true,"href":"https:\/\/ujoldal.asvanyekszerek.com\/index.php\/wp-json\/wp\/v2\/product_cat?post=1446"},{"taxonomy":"product_tag","embeddable":true,"href":"https:\/\/ujoldal.asvanyekszerek.com\/index.php\/wp-json\/wp\/v2\/product_tag?post=1446"}],"curies":[{"name":"wp","href":"https:\/\/api.w.org\/{rel}","templated":true}]}}