{"id":1436,"date":"2025-09-08T10:24:11","date_gmt":"2025-09-08T08:24:11","guid":{"rendered":"https:\/\/ujoldal.asvanyekszerek.com\/index.php\/termek\/rozsakvarc-hegyikristaly-es-akvamarin-karkoto-ezust-cirkonia-gyonggyel\/"},"modified":"2025-09-17T12:15:48","modified_gmt":"2025-09-17T10:15:48","slug":"rozsakvarc-hegyikristaly-es-akvamarin-karkoto-ezust-cirkonia-gyonggyel","status":"publish","type":"product","link":"https:\/\/ujoldal.asvanyekszerek.com\/index.php\/termek\/rozsakvarc-hegyikristaly-es-akvamarin-karkoto-ezust-cirkonia-gyonggyel\/","title":{"rendered":"R\u00f3zsakvarc, hegyikrist\u00e1ly \u00e9s akvamarin kark\u00f6t\u0151 ez\u00fcst cirk\u00f3nia gy\u00f6nggyel"},"content":{"rendered":"<p>Akvamarin: Jelent\u00e9se tengerv\u00edz. A b\u00e1tors\u00e1g k\u00f6ve. V\u00e9delmet \u00e9s tiszta l\u00e1t\u00e1st biztos\u00edt. felszabad\u00edt m\u00e1s emberek hat\u00e1sa \u00e9s benyom\u00e1sa al\u00f3l. B\u00e1tors\u00e1got \u00e9s er\u0151t sug\u00e1roz, \u00e9s megszabad\u00edt az \u00e1ldozat mentalit\u00e1st\u00f3l. T\u00e1mogatja az immunrendszert. Cs\u00f6kkenti az agresszi\u00f3t. Gy\u00f3gy\u00edtja a l\u00e9g\u00fati betegs\u00e9geket. Csillagjegyei: Halak, Nyilas, Sz\u0171z, M\u00e9rleg, V\u00edz\u00f6nt\u0151, Bika, Ikrek, R\u00e1k Hegyikrist\u00e1ly: Sejtregener\u00e1l\u00f3, immuner\u0151s\u00edt\u0151, idegrendszer nyugtat\u00f3, m\u00e9regtelen\u00edt\u0151. Serkenti az agyi funkci\u00f3kat \u00e9s az anyagcser\u00e9t. Egyens\u00falyban tartja a hormonh\u00e1ztart\u00e1st \u00e9s a v\u00e9rcukorszintet. R\u00f3zsakvarc: A r\u00f3zsakvarc, a felt\u00e9tel n\u00e9lk\u00fcli szeretet \u00e9s a v\u00e9gtelen b\u00e9ke k\u00f6ve. Term\u00e9kenys\u00e9gfokoz\u00f3, nyugtat\u00f3, kommunik\u00e1ci\u00f3t er\u0151s\u00edt\u0151, m\u00e9regtelen\u00edt\u0151, vesejav\u00edt\u00f3, v\u00e9rnyom\u00e1s stabiliz\u00e1l\u00f3 \u00e9s b\u0151rregener\u00e1l\u00f3. Figyelem! Visel\u00e9s hat\u00e1s\u00e1ra elsz\u00fcrk\u00fclhet, kifeh\u00e9redhet.<\/p>\n","protected":false},"excerpt":{"rendered":"<p>\u00c1sv\u00e1nyai: r\u00f3zsakvarc, hegyikrist\u00e1ly \u00e9s akvamarin<\/p>\n","protected":false},"featured_media":1437,"comment_status":"open","ping_status":"open","template":"","meta":{"_seopress_robots_primary_cat":"","_seopress_titles_title":"","_seopress_titles_desc":"","_seopress_robots_index":""},"product_brand":[],"product_cat":[17,29,25],"product_tag":[],"class_list":{"0":"post-1436","1":"product","2":"type-product","3":"status-publish","4":"has-post-thumbnail","6":"product_cat-asvanykarkoto","7":"product_cat-cirkonia-koves","8":"product_cat-noi-asvanykarkoto","10":"first","11":"instock","12":"shipping-taxable","13":"purchasable","14":"product-type-simple"},"_links":{"self":[{"href":"https:\/\/ujoldal.asvanyekszerek.com\/index.php\/wp-json\/wp\/v2\/product\/1436","targetHints":{"allow":["GET"]}}],"collection":[{"href":"https:\/\/ujoldal.asvanyekszerek.com\/index.php\/wp-json\/wp\/v2\/product"}],"about":[{"href":"https:\/\/ujoldal.asvanyekszerek.com\/index.php\/wp-json\/wp\/v2\/types\/product"}],"replies":[{"embeddable":true,"href":"https:\/\/ujoldal.asvanyekszerek.com\/index.php\/wp-json\/wp\/v2\/comments?post=1436"}],"wp:featuredmedia":[{"embeddable":true,"href":"https:\/\/ujoldal.asvanyekszerek.com\/index.php\/wp-json\/wp\/v2\/media\/1437"}],"wp:attachment":[{"href":"https:\/\/ujoldal.asvanyekszerek.com\/index.php\/wp-json\/wp\/v2\/media?parent=1436"}],"wp:term":[{"taxonomy":"product_brand","embeddable":true,"href":"https:\/\/ujoldal.asvanyekszerek.com\/index.php\/wp-json\/wp\/v2\/product_brand?post=1436"},{"taxonomy":"product_cat","embeddable":true,"href":"https:\/\/ujoldal.asvanyekszerek.com\/index.php\/wp-json\/wp\/v2\/product_cat?post=1436"},{"taxonomy":"product_tag","embeddable":true,"href":"https:\/\/ujoldal.asvanyekszerek.com\/index.php\/wp-json\/wp\/v2\/product_tag?post=1436"}],"curies":[{"name":"wp","href":"https:\/\/api.w.org\/{rel}","templated":true}]}}