{"id":1434,"date":"2025-09-08T10:24:11","date_gmt":"2025-09-08T08:24:11","guid":{"rendered":"https:\/\/ujoldal.asvanyekszerek.com\/index.php\/termek\/jade-hegyikristaly-szodalit-rozsakvarc-es-hematit-karkoto\/"},"modified":"2025-09-17T12:15:45","modified_gmt":"2025-09-17T10:15:45","slug":"jade-hegyikristaly-szodalit-rozsakvarc-es-hematit-karkoto","status":"publish","type":"product","link":"https:\/\/ujoldal.asvanyekszerek.com\/index.php\/termek\/jade-hegyikristaly-szodalit-rozsakvarc-es-hematit-karkoto\/","title":{"rendered":"Jade, hegyikrist\u00e1ly, szodalit, r\u00f3zsakvarc \u00e9s hematit kark\u00f6t\u0151"},"content":{"rendered":"<p>Jade: Szerencsehoz\u00f3, vesetiszt\u00edt\u00f3, m\u00e9regtelen\u00edt\u0151, sejtregener\u00e1l\u00f3, lelki b\u00e9k\u00e9t seg\u00edt\u0151, idegrendszer \u00e9s alv\u00e1s jav\u00edt\u00f3, v\u00e9delmez\u0151 \u00e9s term\u00e9kenys\u00e9get seg\u00edt\u0151.<\/p>\n<p>Hegyikrist\u00e1ly: Sejtregener\u00e1l\u00f3, immuner\u0151s\u00edt\u0151, idegrendszer nyugtat\u00f3, m\u00e9regtelen\u00edt\u0151. Serkenti az agyi funkci\u00f3kat \u00e9s az anyagcser\u00e9t. Egyens\u00falyban tartja a hormonh\u00e1ztart\u00e1st \u00e9s a v\u00e9rcukorszintet.<\/p>\n<p>Szodalit: Egyens\u00falyban tartja az anyagcser\u00e9t, egyar\u00e1nt megsz\u00fcnteti a kalcium t\u00f6bbletet \u00e9s a -hi\u00e1nyt is. Tiszt\u00edtja  nyirokrendszert \u00e9s a szerveket, serkenti az immunrendszert. J\u00f3t\u00e9konyan hat a sug\u00e1rz\u00e1s okozta s\u00e9r\u00fcl\u00e9sekre \u00e9s az \u00e1lmatlans\u00e1gra. Gy\u00f3gy\u00edtja a torkot, a hangsz\u00e1lakat \u00e9s a g\u00e9g\u00e9t. Cs\u00f6kkenti a l\u00e1zat, a v\u00e9rnyom\u00e1st, \u00e9s serkenti a folyad\u00e9kfelsz\u00edv\u00f3d\u00e1st a szervezetben. <\/p>\n<p>R\u00f3zsakvarc: A r\u00f3zsakvarc, a felt\u00e9tel n\u00e9lk\u00fcli szeretet \u00e9s a v\u00e9gtelen b\u00e9ke k\u00f6ve. Term\u00e9kenys\u00e9gfokoz\u00f3, nyugtat\u00f3, kommunik\u00e1ci\u00f3t er\u0151s\u00edt\u0151, m\u00e9regtelen\u00edt\u0151, vesejav\u00edt\u00f3, v\u00e9rnyom\u00e1s stabiliz\u00e1l\u00f3 \u00e9s b\u0151rregener\u00e1l\u00f3. Figyelem! Visel\u00e9s hat\u00e1s\u00e1ra elsz\u00fcrk\u00fclhet, kifeh\u00e9redhet.<\/p>\n<p>Hematit: V\u00e9r \u00e9s sejt k\u00e9pz\u0151, gyors\u00edtja a betegs\u00e9gek ut\u00e1ni fel\u00e9p\u00fcl\u00e9st. Stabiliz\u00e1lja a v\u00e9rnyom\u00e1st. Jav\u00edtja az agyi funkci\u00f3kat \u00e9s az oxig\u00e9n ell\u00e1t\u00e1st.<\/p>\n","protected":false},"excerpt":{"rendered":"<p>\u00c1sv\u00e1nyai: szodalit, l\u00e1vak\u0151, hegyikrist\u00e1ly, r\u00f3zsakvarc, hematit<\/p>\n","protected":false},"featured_media":1435,"comment_status":"open","ping_status":"open","template":"","meta":{"_seopress_robots_primary_cat":"","_seopress_titles_title":"","_seopress_titles_desc":"","_seopress_robots_index":""},"product_brand":[],"product_cat":[17,26,25],"product_tag":[],"class_list":{"0":"post-1434","1":"product","2":"type-product","3":"status-publish","4":"has-post-thumbnail","6":"product_cat-asvanykarkoto","7":"product_cat-basic","8":"product_cat-noi-asvanykarkoto","10":"first","11":"instock","12":"shipping-taxable","13":"purchasable","14":"product-type-simple"},"_links":{"self":[{"href":"https:\/\/ujoldal.asvanyekszerek.com\/index.php\/wp-json\/wp\/v2\/product\/1434","targetHints":{"allow":["GET"]}}],"collection":[{"href":"https:\/\/ujoldal.asvanyekszerek.com\/index.php\/wp-json\/wp\/v2\/product"}],"about":[{"href":"https:\/\/ujoldal.asvanyekszerek.com\/index.php\/wp-json\/wp\/v2\/types\/product"}],"replies":[{"embeddable":true,"href":"https:\/\/ujoldal.asvanyekszerek.com\/index.php\/wp-json\/wp\/v2\/comments?post=1434"}],"wp:featuredmedia":[{"embeddable":true,"href":"https:\/\/ujoldal.asvanyekszerek.com\/index.php\/wp-json\/wp\/v2\/media\/1435"}],"wp:attachment":[{"href":"https:\/\/ujoldal.asvanyekszerek.com\/index.php\/wp-json\/wp\/v2\/media?parent=1434"}],"wp:term":[{"taxonomy":"product_brand","embeddable":true,"href":"https:\/\/ujoldal.asvanyekszerek.com\/index.php\/wp-json\/wp\/v2\/product_brand?post=1434"},{"taxonomy":"product_cat","embeddable":true,"href":"https:\/\/ujoldal.asvanyekszerek.com\/index.php\/wp-json\/wp\/v2\/product_cat?post=1434"},{"taxonomy":"product_tag","embeddable":true,"href":"https:\/\/ujoldal.asvanyekszerek.com\/index.php\/wp-json\/wp\/v2\/product_tag?post=1434"}],"curies":[{"name":"wp","href":"https:\/\/api.w.org\/{rel}","templated":true}]}}