{"id":1428,"date":"2025-09-08T10:24:11","date_gmt":"2025-09-08T08:24:11","guid":{"rendered":"https:\/\/ujoldal.asvanyekszerek.com\/index.php\/termek\/onix-jaspis-es-hegyikristaly-karkoto-virag-gyonggyel\/"},"modified":"2025-09-17T12:15:37","modified_gmt":"2025-09-17T10:15:37","slug":"onix-jaspis-es-hegyikristaly-karkoto-virag-gyonggyel","status":"publish","type":"product","link":"https:\/\/ujoldal.asvanyekszerek.com\/index.php\/termek\/onix-jaspis-es-hegyikristaly-karkoto-virag-gyonggyel\/","title":{"rendered":"\u00d3nix, j\u00e1spis \u00e9s hegyikrist\u00e1ly kark\u00f6t\u0151 vir\u00e1g gy\u00f6nggyel"},"content":{"rendered":"<p>Hematit: V\u00e9r \u00e9s sejt k\u00e9pz\u0151, gyors\u00edtja a betegs\u00e9gek ut\u00e1ni fel\u00e9p\u00fcl\u00e9st. Stabiliz\u00e1lja a v\u00e9rnyom\u00e1st. Jav\u00edtja az agyi funkci\u00f3kat \u00e9s az oxig\u00e9n ell\u00e1t\u00e1st.<\/p>\n<p>\u00d3nix: Energiz\u00e1l\u00f3, v\u00e9d\u0151, stresszold\u00f3, csonter\u0151s\u00edt\u0151 \u00e9s kitart\u00e1st jav\u00edt\u00f3. A fekete sz\u00edn\u0171 \u00f3nix \u00e1sv\u00e1ny vulk\u00e1ni \u00fcled\u00e9kes k\u0151zetk\u00e9nt els\u0151sorban Braz\u00edli\u00e1b\u00f3l, Indi\u00e1b\u00f3l \u00e9s Uruguay-b\u00f3l sz\u00e1rmazik. A Nyilas, Bak \u00e9s V\u00edz\u00f6nt\u0151 csillagjegy\u0171ek kedvelt k\u00f6ve. Hatalmas pszich\u00e9s er\u0151t k\u00e9pes visel\u0151j\u00e9nek k\u00f6lcs\u00f6n\u00f6zni.<\/p>\n<p>J\u00e1spis: Szer\u00e9nys\u00e9gre, \u00f6nzetlens\u00e9gre, egy\u00fctt\u00e9rz\u00e9sre \u00e9s t\u00fcrelemre k\u00e9sztet. Jav\u00edtja a kering\u00e9st. Aktiv\u00e1lja a m\u00e1j, epe, l\u00e9p \u00e9s a hasny\u00e1lmirigy m\u0171k\u00f6d\u00e9s\u00e9t.<\/p>\n<p>Hegyikrist\u00e1ly: Sejtregener\u00e1l\u00f3, immuner\u0151s\u00edt\u0151, idegrendszer nyugtat\u00f3, m\u00e9regtelen\u00edt\u0151. Serkenti az agyi funkci\u00f3kat \u00e9s az anyagcser\u00e9t. Egyens\u00falyban tartja a hormonh\u00e1ztart\u00e1st \u00e9s a v\u00e9rcukorszintet.<\/p>\n","protected":false},"excerpt":{"rendered":"<p>K\u00fcl\u00f6nleges ez\u00fcst kisvir\u00e1g gy\u00f6nggyel d\u00edsz\u00edtett \u00e1sv\u00e1nykark\u00f6t\u0151.<br \/>\n\u00c1sv\u00e1nyai: matt \u00f3nix, sz\u00fcrke t\u00e9rk\u00e9pj\u00e1spis, hegyikrist\u00e1ly \u00e9s hematit<\/p>\n","protected":false},"featured_media":1429,"comment_status":"open","ping_status":"open","template":"","meta":{"_seopress_robots_primary_cat":"","_seopress_titles_title":"","_seopress_titles_desc":"","_seopress_robots_index":""},"product_brand":[],"product_cat":[17,26,25],"product_tag":[],"class_list":{"0":"post-1428","1":"product","2":"type-product","3":"status-publish","4":"has-post-thumbnail","6":"product_cat-asvanykarkoto","7":"product_cat-basic","8":"product_cat-noi-asvanykarkoto","10":"first","11":"instock","12":"shipping-taxable","13":"purchasable","14":"product-type-simple"},"_links":{"self":[{"href":"https:\/\/ujoldal.asvanyekszerek.com\/index.php\/wp-json\/wp\/v2\/product\/1428","targetHints":{"allow":["GET"]}}],"collection":[{"href":"https:\/\/ujoldal.asvanyekszerek.com\/index.php\/wp-json\/wp\/v2\/product"}],"about":[{"href":"https:\/\/ujoldal.asvanyekszerek.com\/index.php\/wp-json\/wp\/v2\/types\/product"}],"replies":[{"embeddable":true,"href":"https:\/\/ujoldal.asvanyekszerek.com\/index.php\/wp-json\/wp\/v2\/comments?post=1428"}],"wp:featuredmedia":[{"embeddable":true,"href":"https:\/\/ujoldal.asvanyekszerek.com\/index.php\/wp-json\/wp\/v2\/media\/1429"}],"wp:attachment":[{"href":"https:\/\/ujoldal.asvanyekszerek.com\/index.php\/wp-json\/wp\/v2\/media?parent=1428"}],"wp:term":[{"taxonomy":"product_brand","embeddable":true,"href":"https:\/\/ujoldal.asvanyekszerek.com\/index.php\/wp-json\/wp\/v2\/product_brand?post=1428"},{"taxonomy":"product_cat","embeddable":true,"href":"https:\/\/ujoldal.asvanyekszerek.com\/index.php\/wp-json\/wp\/v2\/product_cat?post=1428"},{"taxonomy":"product_tag","embeddable":true,"href":"https:\/\/ujoldal.asvanyekszerek.com\/index.php\/wp-json\/wp\/v2\/product_tag?post=1428"}],"curies":[{"name":"wp","href":"https:\/\/api.w.org\/{rel}","templated":true}]}}