{"id":1414,"date":"2025-09-08T10:22:25","date_gmt":"2025-09-08T08:22:25","guid":{"rendered":"https:\/\/ujoldal.asvanyekszerek.com\/index.php\/termek\/fekete-ezust-karkoto-ezust-buddhaval\/"},"modified":"2025-09-17T12:15:20","modified_gmt":"2025-09-17T10:15:20","slug":"fekete-ezust-karkoto-ezust-buddhaval","status":"publish","type":"product","link":"https:\/\/ujoldal.asvanyekszerek.com\/index.php\/termek\/fekete-ezust-karkoto-ezust-buddhaval\/","title":{"rendered":"Fekete-ez\u00fcst kark\u00f6t\u0151 ez\u00fcst buddh\u00e1val"},"content":{"rendered":"<p>\u00d3nix: Energiz\u00e1l\u00f3, v\u00e9d\u0151, stresszold\u00f3, csonter\u0151s\u00edt\u0151 \u00e9s kitart\u00e1st jav\u00edt\u00f3. A fekete sz\u00edn\u0171 \u00f3nix \u00e1sv\u00e1ny vulk\u00e1ni \u00fcled\u00e9kes k\u0151zetk\u00e9nt els\u0151sorban Braz\u00edli\u00e1b\u00f3l, Indi\u00e1b\u00f3l \u00e9s Uruguay-b\u00f3l sz\u00e1rmazik. A Nyilas, Bak \u00e9s V\u00edz\u00f6nt\u0151 csillagjegy\u0171ek kedvelt k\u00f6ve. Hatalmas pszich\u00e9s er\u0151t k\u00e9pes visel\u0151j\u00e9nek k\u00f6lcs\u00f6n\u00f6zni.<\/p>\n<p>J\u00e1spis: Szer\u00e9nys\u00e9gre, \u00f6nzetlens\u00e9gre, egy\u00fctt\u00e9rz\u00e9sre \u00e9s t\u00fcrelemre k\u00e9sztet. Jav\u00edtja a kering\u00e9st. Aktiv\u00e1lja a m\u00e1j, epe, l\u00e9p \u00e9s a hasny\u00e1lmirigy m\u0171k\u00f6d\u00e9s\u00e9t.<\/p>\n<p>Hematit: V\u00e9r \u00e9s sejt k\u00e9pz\u0151, gyors\u00edtja a betegs\u00e9gek ut\u00e1ni fel\u00e9p\u00fcl\u00e9st. Stabiliz\u00e1lja a v\u00e9rnyom\u00e1st. Jav\u00edtja az agyi funkci\u00f3kat \u00e9s az oxig\u00e9n ell\u00e1t\u00e1st.<\/p>\n","protected":false},"excerpt":{"rendered":"<p>K\u00fcl\u00f6nleges, eleg\u00e1ns f\u00e9rfi kark\u00f6t\u0151, ez\u00fcst buddhafejjel d\u00edsz\u00edtve.<br \/>\n\u00c1sv\u00e1nyai: matt \u00f3nix, sz\u00fcrke t\u00e9rk\u00e9pj\u00e1spis, ez\u00fcst hematit<br \/>\nA kark\u00f6t\u0151 m\u00e9ret\u00e9t a rendel\u00e9s v\u00e9g\u00e9n l\u00e9v\u0151 megjegyz\u00e9s rovatban tudod megadni.<\/p>\n","protected":false},"featured_media":1415,"comment_status":"open","ping_status":"open","template":"","meta":{"_seopress_robots_primary_cat":"","_seopress_titles_title":"","_seopress_titles_desc":"","_seopress_robots_index":""},"product_brand":[],"product_cat":[17,18],"product_tag":[],"class_list":{"0":"post-1414","1":"product","2":"type-product","3":"status-publish","4":"has-post-thumbnail","6":"product_cat-asvanykarkoto","7":"product_cat-ferfi-asvanykarkoto","9":"first","10":"instock","11":"shipping-taxable","12":"purchasable","13":"product-type-simple"},"_links":{"self":[{"href":"https:\/\/ujoldal.asvanyekszerek.com\/index.php\/wp-json\/wp\/v2\/product\/1414","targetHints":{"allow":["GET"]}}],"collection":[{"href":"https:\/\/ujoldal.asvanyekszerek.com\/index.php\/wp-json\/wp\/v2\/product"}],"about":[{"href":"https:\/\/ujoldal.asvanyekszerek.com\/index.php\/wp-json\/wp\/v2\/types\/product"}],"replies":[{"embeddable":true,"href":"https:\/\/ujoldal.asvanyekszerek.com\/index.php\/wp-json\/wp\/v2\/comments?post=1414"}],"wp:featuredmedia":[{"embeddable":true,"href":"https:\/\/ujoldal.asvanyekszerek.com\/index.php\/wp-json\/wp\/v2\/media\/1415"}],"wp:attachment":[{"href":"https:\/\/ujoldal.asvanyekszerek.com\/index.php\/wp-json\/wp\/v2\/media?parent=1414"}],"wp:term":[{"taxonomy":"product_brand","embeddable":true,"href":"https:\/\/ujoldal.asvanyekszerek.com\/index.php\/wp-json\/wp\/v2\/product_brand?post=1414"},{"taxonomy":"product_cat","embeddable":true,"href":"https:\/\/ujoldal.asvanyekszerek.com\/index.php\/wp-json\/wp\/v2\/product_cat?post=1414"},{"taxonomy":"product_tag","embeddable":true,"href":"https:\/\/ujoldal.asvanyekszerek.com\/index.php\/wp-json\/wp\/v2\/product_tag?post=1414"}],"curies":[{"name":"wp","href":"https:\/\/api.w.org\/{rel}","templated":true}]}}