{"id":1400,"date":"2025-09-08T10:20:44","date_gmt":"2025-09-08T08:20:44","guid":{"rendered":"https:\/\/ujoldal.asvanyekszerek.com\/index.php\/termek\/oromanya-karkoto-szett-howlitbol\/"},"modified":"2025-09-17T12:14:58","modified_gmt":"2025-09-17T10:14:58","slug":"oromanya-karkoto-szett-howlitbol","status":"publish","type":"product","link":"https:\/\/ujoldal.asvanyekszerek.com\/index.php\/termek\/oromanya-karkoto-szett-howlitbol\/","title":{"rendered":"\u00d6r\u00f6manya kark\u00f6t\u0151 szett howlitb\u00f3l"},"content":{"rendered":"<p>Howlit: Seg\u00edti a magn\u00e9zium felsz\u00edv\u00f3d\u00e1s\u00e1t. Seg\u00edt a fejf\u00e1j\u00e1s elmulaszt\u00e1s\u00e1ban. Zs\u00edr\u00e9get\u0151, k\u00e1lcium szint szab\u00e1lyoz\u00f3, m\u00e9regtelen\u00edt\u0151, seg\u00edti a csontok \u00e9s fogak er\u0151s\u00edt\u00e9s\u00e9ben, izomlaz\u00edt\u00f3, epegy\u00f3gy\u00edt\u00f3, izomlaz\u00edt\u00f3.<\/p>\n","protected":false},"excerpt":{"rendered":"<p>Egyedi elk\u00e9pzel\u00e9s alapj\u00e1n k\u00e9sz\u00edtett \u00d6r\u00f6manya kark\u00f6t\u0151k howlitb\u00f3l, d\u00edszdobozban, k\u00eds\u00e9r\u0151 k\u00e1rty\u00e1val.<br \/>\nA kark\u00f6t\u0151k m\u00e9ret\u00e9t a rendel\u00e9s v\u00e9g\u00e9n l\u00e9v\u0151 megjegyz\u00e9sben tudod megadni.<br \/>\nHa m\u00e1s kark\u00f6t\u0151vel szeretn\u00e9d a szettet akkor keress minket e-mailben (asvanyekszerek2020@gmail.com) vagy a JewelleryByDori Facebook oldalon.<\/p>\n","protected":false},"featured_media":1401,"comment_status":"open","ping_status":"open","template":"","meta":{"_seopress_robots_primary_cat":"","_seopress_titles_title":"","_seopress_titles_desc":"","_seopress_robots_index":""},"product_brand":[],"product_cat":[19,42],"product_tag":[],"class_list":{"0":"post-1400","1":"product","2":"type-product","3":"status-publish","4":"has-post-thumbnail","6":"product_cat-menyasszonyoknak","7":"product_cat-oromanya-szettek","9":"first","10":"instock","11":"shipping-taxable","12":"purchasable","13":"product-type-simple"},"_links":{"self":[{"href":"https:\/\/ujoldal.asvanyekszerek.com\/index.php\/wp-json\/wp\/v2\/product\/1400","targetHints":{"allow":["GET"]}}],"collection":[{"href":"https:\/\/ujoldal.asvanyekszerek.com\/index.php\/wp-json\/wp\/v2\/product"}],"about":[{"href":"https:\/\/ujoldal.asvanyekszerek.com\/index.php\/wp-json\/wp\/v2\/types\/product"}],"replies":[{"embeddable":true,"href":"https:\/\/ujoldal.asvanyekszerek.com\/index.php\/wp-json\/wp\/v2\/comments?post=1400"}],"wp:featuredmedia":[{"embeddable":true,"href":"https:\/\/ujoldal.asvanyekszerek.com\/index.php\/wp-json\/wp\/v2\/media\/1401"}],"wp:attachment":[{"href":"https:\/\/ujoldal.asvanyekszerek.com\/index.php\/wp-json\/wp\/v2\/media?parent=1400"}],"wp:term":[{"taxonomy":"product_brand","embeddable":true,"href":"https:\/\/ujoldal.asvanyekszerek.com\/index.php\/wp-json\/wp\/v2\/product_brand?post=1400"},{"taxonomy":"product_cat","embeddable":true,"href":"https:\/\/ujoldal.asvanyekszerek.com\/index.php\/wp-json\/wp\/v2\/product_cat?post=1400"},{"taxonomy":"product_tag","embeddable":true,"href":"https:\/\/ujoldal.asvanyekszerek.com\/index.php\/wp-json\/wp\/v2\/product_tag?post=1400"}],"curies":[{"name":"wp","href":"https:\/\/api.w.org\/{rel}","templated":true}]}}