{"id":1356,"date":"2025-09-08T10:17:23","date_gmt":"2025-09-08T08:17:23","guid":{"rendered":"https:\/\/ujoldal.asvanyekszerek.com\/index.php\/termek\/moha-achat-szurke-jaspis-matt-onix-karkoto-ezust-buddhafejjel\/"},"modified":"2025-09-17T12:13:56","modified_gmt":"2025-09-17T10:13:56","slug":"moha-achat-szurke-jaspis-matt-onix-karkoto-ezust-buddhafejjel","status":"publish","type":"product","link":"https:\/\/ujoldal.asvanyekszerek.com\/index.php\/termek\/moha-achat-szurke-jaspis-matt-onix-karkoto-ezust-buddhafejjel\/","title":{"rendered":"Moha ach\u00e1t &#8211; sz\u00fcrke j\u00e1spis &#8211; matt \u00f3nix kark\u00f6t\u0151, ez\u00fcst buddhafejjel"},"content":{"rendered":"<p>Ach\u00e1t: V\u00e9d\u0151, szerencsehoz\u00f3, auratiszt\u00edt\u00f3 \u00e9s nyugtat\u00f3 hat\u00e1s\u00fa. Az agyi funkci\u00f3k fejleszt\u00e9s\u00e9ben seg\u00edt \u00e9s em\u00e9szt\u00e9s jav\u00edt\u00f3. <\/p>\n<p>J\u00e1spis: Szer\u00e9nys\u00e9gre, \u00f6nzetlens\u00e9gre, egy\u00fctt\u00e9rz\u00e9sre \u00e9s t\u00fcrelemre k\u00e9sztet. Jav\u00edtja a kering\u00e9st. Aktiv\u00e1lja a m\u00e1j, epe, l\u00e9p \u00e9s a hasny\u00e1lmirigy m\u0171k\u00f6d\u00e9s\u00e9t.<\/p>\n<p>\u00d3nix: Energiz\u00e1l\u00f3, v\u00e9d\u0151, stresszold\u00f3, csonter\u0151s\u00edt\u0151 \u00e9s kitart\u00e1st jav\u00edt\u00f3. A fekete sz\u00edn\u0171 \u00f3nix \u00e1sv\u00e1ny vulk\u00e1ni \u00fcled\u00e9kes k\u0151zetk\u00e9nt els\u0151sorban Braz\u00edli\u00e1b\u00f3l, Indi\u00e1b\u00f3l \u00e9s Uruguay-b\u00f3l sz\u00e1rmazik. A Nyilas, Bak \u00e9s V\u00edz\u00f6nt\u0151 csillagjegy\u0171ek kedvelt k\u00f6ve. Hatalmas pszich\u00e9s er\u0151t k\u00e9pes visel\u0151j\u00e9nek k\u00f6lcs\u00f6n\u00f6zni.<\/p>\n","protected":false},"excerpt":{"rendered":"<p>Gy\u00f6ny\u00f6r\u0171 k\u00e9zzel k\u00e9sz\u00edtett n\u0151in \u00e1sv\u00e1nykark\u00f6t\u0151, mely moha ach\u00e1tb\u00f3l, sz\u00fcrke t\u00e9rk\u00e9pj\u00e1spisb\u00f3l \u00e9s matt \u00f3nixb\u00f3l k\u00e9sz\u00fclt, amit ez\u00fcst buddhafej d\u00edsz\u00edt.<br \/>\nA kark\u00f6t\u0151 m\u00e9ret\u00e9t a rendel\u00e9s v\u00e9g\u00e9n l\u00e9v\u0151 megjegyz\u00e9s rovatban tudod megadni.<\/p>\n","protected":false},"featured_media":1357,"comment_status":"open","ping_status":"open","template":"","meta":{"_seopress_robots_primary_cat":"","_seopress_titles_title":"","_seopress_titles_desc":"","_seopress_robots_index":""},"product_brand":[],"product_cat":[17,26,27,25],"product_tag":[],"class_list":{"0":"post-1356","1":"product","2":"type-product","3":"status-publish","4":"has-post-thumbnail","6":"product_cat-asvanykarkoto","7":"product_cat-basic","8":"product_cat-medalos","9":"product_cat-noi-asvanykarkoto","11":"first","12":"instock","13":"shipping-taxable","14":"purchasable","15":"product-type-simple"},"_links":{"self":[{"href":"https:\/\/ujoldal.asvanyekszerek.com\/index.php\/wp-json\/wp\/v2\/product\/1356","targetHints":{"allow":["GET"]}}],"collection":[{"href":"https:\/\/ujoldal.asvanyekszerek.com\/index.php\/wp-json\/wp\/v2\/product"}],"about":[{"href":"https:\/\/ujoldal.asvanyekszerek.com\/index.php\/wp-json\/wp\/v2\/types\/product"}],"replies":[{"embeddable":true,"href":"https:\/\/ujoldal.asvanyekszerek.com\/index.php\/wp-json\/wp\/v2\/comments?post=1356"}],"wp:featuredmedia":[{"embeddable":true,"href":"https:\/\/ujoldal.asvanyekszerek.com\/index.php\/wp-json\/wp\/v2\/media\/1357"}],"wp:attachment":[{"href":"https:\/\/ujoldal.asvanyekszerek.com\/index.php\/wp-json\/wp\/v2\/media?parent=1356"}],"wp:term":[{"taxonomy":"product_brand","embeddable":true,"href":"https:\/\/ujoldal.asvanyekszerek.com\/index.php\/wp-json\/wp\/v2\/product_brand?post=1356"},{"taxonomy":"product_cat","embeddable":true,"href":"https:\/\/ujoldal.asvanyekszerek.com\/index.php\/wp-json\/wp\/v2\/product_cat?post=1356"},{"taxonomy":"product_tag","embeddable":true,"href":"https:\/\/ujoldal.asvanyekszerek.com\/index.php\/wp-json\/wp\/v2\/product_tag?post=1356"}],"curies":[{"name":"wp","href":"https:\/\/api.w.org\/{rel}","templated":true}]}}