{"id":1320,"date":"2025-09-08T10:14:18","date_gmt":"2025-09-08T08:14:18","guid":{"rendered":"https:\/\/ujoldal.asvanyekszerek.com\/index.php\/termek\/hegyikristaly-es-aventurin-angyalka-csomag-5db\/"},"modified":"2025-09-17T12:13:03","modified_gmt":"2025-09-17T10:13:03","slug":"hegyikristaly-es-aventurin-angyalka-csomag-5db","status":"publish","type":"product","link":"https:\/\/ujoldal.asvanyekszerek.com\/index.php\/termek\/hegyikristaly-es-aventurin-angyalka-csomag-5db\/","title":{"rendered":"Hegyikrist\u00e1ly \u00e9s aventurin angyalka csomag (5db)"},"content":{"rendered":"<p><strong>Hegyikrist\u00e1ly<\/strong>: Sejtregener\u00e1l\u00f3, immuner\u0151s\u00edt\u0151, idegrendszer nyugtat\u00f3, m\u00e9regtelen\u00edt\u0151. Serkenti az agyi funkci\u00f3kat \u00e9s az anyagcser\u00e9t. Egyens\u00falyban tartja a hormonh\u00e1ztart\u00e1st \u00e9s a v\u00e9rcukorszintet.<\/p>\n<p><strong>Aventurin<\/strong>: Nyitott\u00e1 tesz, \u00e9rzelmi gy\u00f3gyul\u00e1shoz \u00e9s kiegyens\u00falyozotts\u00e1ghoz vezet. Der\u0171t, higgadts\u00e1got \u00e9s bels\u0151 nyugalmat k\u00f6lcs\u00f6n\u00f6z.<\/p>\n","protected":false},"excerpt":{"rendered":"<p>Hegyikrist\u00e1ly \u00e9s aventurin angyalka. Egy csomag 5db angyalt tartalmaz, vegyes angyalsz\u00e1rnnyal, &#8222;Szeretettel!&#8221; feliratos k\u00e1rty\u00e1val. A k\u00e1rtya egyedi felirattal is rendelhet\u0151, melyet a rendel\u00e9s v\u00e9g\u00e9n l\u00e9v\u0151 megjegyz\u00e9sben tudsz megadni. T\u00f6k\u00e9letes apr\u00f3 aj\u00e1nd\u00e9k lehet vend\u00e9geidnek \/ koll\u00e9g\u00e1idnak \/ ismer\u0151seidnek \/ bar\u00e1taidnak vagy csal\u00e1dtagjaidnak.<\/p>\n","protected":false},"featured_media":1321,"comment_status":"open","ping_status":"open","template":"","meta":{"_seopress_robots_primary_cat":"","_seopress_titles_title":"","_seopress_titles_desc":"","_seopress_robots_index":""},"product_brand":[],"product_cat":[28],"product_tag":[],"class_list":{"0":"post-1320","1":"product","2":"type-product","3":"status-publish","4":"has-post-thumbnail","6":"product_cat-angyalka","8":"first","9":"instock","10":"shipping-taxable","11":"purchasable","12":"product-type-simple"},"_links":{"self":[{"href":"https:\/\/ujoldal.asvanyekszerek.com\/index.php\/wp-json\/wp\/v2\/product\/1320","targetHints":{"allow":["GET"]}}],"collection":[{"href":"https:\/\/ujoldal.asvanyekszerek.com\/index.php\/wp-json\/wp\/v2\/product"}],"about":[{"href":"https:\/\/ujoldal.asvanyekszerek.com\/index.php\/wp-json\/wp\/v2\/types\/product"}],"replies":[{"embeddable":true,"href":"https:\/\/ujoldal.asvanyekszerek.com\/index.php\/wp-json\/wp\/v2\/comments?post=1320"}],"wp:featuredmedia":[{"embeddable":true,"href":"https:\/\/ujoldal.asvanyekszerek.com\/index.php\/wp-json\/wp\/v2\/media\/1321"}],"wp:attachment":[{"href":"https:\/\/ujoldal.asvanyekszerek.com\/index.php\/wp-json\/wp\/v2\/media?parent=1320"}],"wp:term":[{"taxonomy":"product_brand","embeddable":true,"href":"https:\/\/ujoldal.asvanyekszerek.com\/index.php\/wp-json\/wp\/v2\/product_brand?post=1320"},{"taxonomy":"product_cat","embeddable":true,"href":"https:\/\/ujoldal.asvanyekszerek.com\/index.php\/wp-json\/wp\/v2\/product_cat?post=1320"},{"taxonomy":"product_tag","embeddable":true,"href":"https:\/\/ujoldal.asvanyekszerek.com\/index.php\/wp-json\/wp\/v2\/product_tag?post=1320"}],"curies":[{"name":"wp","href":"https:\/\/api.w.org\/{rel}","templated":true}]}}