{"id":1296,"date":"2025-09-08T10:12:48","date_gmt":"2025-09-08T08:12:48","guid":{"rendered":"https:\/\/ujoldal.asvanyekszerek.com\/index.php\/termek\/rozsaszin-feher-ezust-koszoruslanyfelkero-diszdobozban\/"},"modified":"2025-09-17T12:12:31","modified_gmt":"2025-09-17T10:12:31","slug":"rozsaszin-feher-ezust-koszoruslanyfelkero-diszdobozban","status":"publish","type":"product","link":"https:\/\/ujoldal.asvanyekszerek.com\/index.php\/termek\/rozsaszin-feher-ezust-koszoruslanyfelkero-diszdobozban\/","title":{"rendered":"R\u00f3zsasz\u00edn-feh\u00e9r-ez\u00fcst koszor\u00fasl\u00e1nyfelk\u00e9r\u0151 d\u00edszdobozban"},"content":{"rendered":"<p><strong>L\u00e1vak\u0151:<\/strong> M\u00e9regtelen\u00edt\u0151 hat\u00e1sa van, serkenti a sejtek v\u00edzut\u00e1np\u00f3tl\u00e1s\u00e1t. Er\u0151s\u00edti az inakat, seg\u00edti a k\u00f6t\u0151sz\u00f6vet regener\u00e1l\u00e1s\u00e1t, illetve serkenti a v\u00e9rkering\u00e9st. Biztos\u00edtja az egyens\u00falyt a szervezetben.<\/p>\n<p><strong>R\u00f3zsakvarc<em>:<\/em><\/strong> A r\u00f3zsakvarc, a felt\u00e9tel n\u00e9lk\u00fcli szeretet \u00e9s a v\u00e9gtelen b\u00e9ke k\u00f6ve.\u00a0Term\u00e9kenys\u00e9gfokoz\u00f3, nyugtat\u00f3, kommunik\u00e1ci\u00f3t er\u0151s\u00edt\u0151, m\u00e9regtelen\u00edt\u0151, vesejav\u00edt\u00f3, v\u00e9rnyom\u00e1s stabiliz\u00e1l\u00f3 \u00e9s b\u0151rregener\u00e1l\u00f3. Figyelem! Visel\u00e9s hat\u00e1s\u00e1ra elsz\u00fcrk\u00fclhet, kifeh\u00e9redhet.<\/p>\n<p><strong>Hegyikrist\u00e1ly<\/strong>: Sejtregener\u00e1l\u00f3, immuner\u0151s\u00edt\u0151, idegrendszer nyugtat\u00f3, m\u00e9regtelen\u00edt\u0151. Serkenti az agyi funkci\u00f3kat \u00e9s az anyagcser\u00e9t. Egyens\u00falyban tartja a hormonh\u00e1ztart\u00e1st \u00e9s a v\u00e9rcukorszintet.<\/p>\n<p><strong>Hematit: <\/strong>V\u00e9r \u00e9s sejt k\u00e9pz\u0151, gyors\u00edtja a betegs\u00e9gek ut\u00e1ni fel\u00e9p\u00fcl\u00e9st. Stabiliz\u00e1lja a v\u00e9rnyom\u00e1st. Jav\u00edtja az agyi funkci\u00f3kat \u00e9s az oxig\u00e9n ell\u00e1t\u00e1st.<\/p>\n","protected":false},"excerpt":{"rendered":"<p>Hamarosan itt az esk\u00fcv\u0151 \u00e9s valami k\u00fcl\u00f6nlegess\u00e9ggel szeretn\u00e9d felk\u00e9rni koszor\u00fasl\u00e1nyaidat? V\u00e1laszt gy\u00f6ny\u00f6r\u0171 kark\u00f6t\u0151inket, ak\u00e1r n\u00e9vre sz\u00f3l\u00f3 k\u00e1rty\u00e1val. \u00c1sv\u00e1nyai: Hegyikrist\u00e1ly, r\u00f3zsakvarc, l\u00e1vak\u0151, hematit<\/p>\n<p>Ak\u00e1r n\u00e9vre sz\u00f3l\u00f3an is eltudjuk k\u00e9sz\u00edteni a k\u00e1rty\u00e1kat. Ezt az inform\u00e1ci\u00f3t a rendel\u00e9s v\u00e9g\u00e9n l\u00e9v\u0151 megjegyz\u00e9s rovatban tudod megadni. A d\u00edszdobozt is tartalmazza az \u00e1r, melynek sz\u00edne f\u00fcgg az aktu\u00e1lis k\u00e9szlett\u0151l!<\/p>\n","protected":false},"featured_media":1297,"comment_status":"open","ping_status":"open","template":"","meta":{"_seopress_robots_primary_cat":"","_seopress_titles_title":"","_seopress_titles_desc":"","_seopress_robots_index":""},"product_brand":[],"product_cat":[35,19],"product_tag":[],"class_list":{"0":"post-1296","1":"product","2":"type-product","3":"status-publish","4":"has-post-thumbnail","6":"product_cat-koszoruslany-karkotok","7":"product_cat-menyasszonyoknak","9":"first","10":"instock","11":"shipping-taxable","12":"purchasable","13":"product-type-simple"},"_links":{"self":[{"href":"https:\/\/ujoldal.asvanyekszerek.com\/index.php\/wp-json\/wp\/v2\/product\/1296","targetHints":{"allow":["GET"]}}],"collection":[{"href":"https:\/\/ujoldal.asvanyekszerek.com\/index.php\/wp-json\/wp\/v2\/product"}],"about":[{"href":"https:\/\/ujoldal.asvanyekszerek.com\/index.php\/wp-json\/wp\/v2\/types\/product"}],"replies":[{"embeddable":true,"href":"https:\/\/ujoldal.asvanyekszerek.com\/index.php\/wp-json\/wp\/v2\/comments?post=1296"}],"wp:featuredmedia":[{"embeddable":true,"href":"https:\/\/ujoldal.asvanyekszerek.com\/index.php\/wp-json\/wp\/v2\/media\/1297"}],"wp:attachment":[{"href":"https:\/\/ujoldal.asvanyekszerek.com\/index.php\/wp-json\/wp\/v2\/media?parent=1296"}],"wp:term":[{"taxonomy":"product_brand","embeddable":true,"href":"https:\/\/ujoldal.asvanyekszerek.com\/index.php\/wp-json\/wp\/v2\/product_brand?post=1296"},{"taxonomy":"product_cat","embeddable":true,"href":"https:\/\/ujoldal.asvanyekszerek.com\/index.php\/wp-json\/wp\/v2\/product_cat?post=1296"},{"taxonomy":"product_tag","embeddable":true,"href":"https:\/\/ujoldal.asvanyekszerek.com\/index.php\/wp-json\/wp\/v2\/product_tag?post=1296"}],"curies":[{"name":"wp","href":"https:\/\/api.w.org\/{rel}","templated":true}]}}