{"id":1292,"date":"2025-09-08T10:12:48","date_gmt":"2025-09-08T08:12:48","guid":{"rendered":"https:\/\/ujoldal.asvanyekszerek.com\/index.php\/termek\/karacsony-angyal_vegyesen\/"},"modified":"2025-09-17T12:12:26","modified_gmt":"2025-09-17T10:12:26","slug":"karacsony-angyal_vegyesen","status":"publish","type":"product","link":"https:\/\/ujoldal.asvanyekszerek.com\/index.php\/termek\/karacsony-angyal_vegyesen\/","title":{"rendered":"Kar\u00e1csony angyal_vegyesen"},"content":{"rendered":"","protected":false},"excerpt":{"rendered":"<p>\u00a0<\/p>\n<p><img alt=\"\" fetchpriority=\"high\" decoding=\"async\" class=\"alignnone  wp-image-2091\" src=\"https:\/\/asvanyekszerek.com\/wp-content\/uploads\/2022\/10\/311433561_502800831844853_2082008460623240837_n-300x184.jpg\" alt=\"\" width=\"352\" height=\"216\" \/><\/p>\n<p>Szeretn\u00e9d meglepni koll\u00e9g\u00e1idat \/ vend\u00e9geidet \/ bar\u00e1taidat valami apr\u00f3s\u00e1ggal? V\u00e1laszd k\u00fcl\u00f6nleges angyalk\u00e1inkat, rengeteg f\u00e9le \u00e1sv\u00e1nnyal. Ahogy a n\u00e9vben is benne van vegyesen k\u00fcldj\u00fck, de megadhatod milyen \u00e1sv\u00e1nyokb\u00f3l legyen a csomag. A sz\u00f6veget \u00e9s a v\u00e1lasztott angyalk\u00e1kat is a rendel\u00e9s v\u00e9g\u00e9n a megjegyz\u00e9s dobozba tudod megadni.<\/p>\n<p>V\u00e1laszthat\u00f3 angyalk\u00e1kat a k\u00e9pen tal\u00e1lod. \u00c1sv\u00e1nyok: r\u00f3zsakvarc, hegyikrist\u00e1ly, jade (t\u00f6bbf\u00e9le sz\u00ednben), aventurin, barna tigrissszem, l\u00e1vak\u0151, p\u00f3kh\u00e1l\u00f3 j\u00e1spis, sz\u00fcrke j\u00e1spis, faach\u00e1t, matt \u00f3nix.<\/p>\n<p>\u00a0<\/p>\n","protected":false},"featured_media":1293,"comment_status":"open","ping_status":"open","template":"","meta":{"_seopress_robots_primary_cat":"","_seopress_titles_title":"","_seopress_titles_desc":"","_seopress_robots_index":""},"product_brand":[],"product_cat":[28],"product_tag":[],"class_list":{"0":"post-1292","1":"product","2":"type-product","3":"status-publish","4":"has-post-thumbnail","6":"product_cat-angyalka","8":"first","9":"instock","10":"shipping-taxable","11":"purchasable","12":"product-type-simple"},"_links":{"self":[{"href":"https:\/\/ujoldal.asvanyekszerek.com\/index.php\/wp-json\/wp\/v2\/product\/1292","targetHints":{"allow":["GET"]}}],"collection":[{"href":"https:\/\/ujoldal.asvanyekszerek.com\/index.php\/wp-json\/wp\/v2\/product"}],"about":[{"href":"https:\/\/ujoldal.asvanyekszerek.com\/index.php\/wp-json\/wp\/v2\/types\/product"}],"replies":[{"embeddable":true,"href":"https:\/\/ujoldal.asvanyekszerek.com\/index.php\/wp-json\/wp\/v2\/comments?post=1292"}],"wp:featuredmedia":[{"embeddable":true,"href":"https:\/\/ujoldal.asvanyekszerek.com\/index.php\/wp-json\/wp\/v2\/media\/1293"}],"wp:attachment":[{"href":"https:\/\/ujoldal.asvanyekszerek.com\/index.php\/wp-json\/wp\/v2\/media?parent=1292"}],"wp:term":[{"taxonomy":"product_brand","embeddable":true,"href":"https:\/\/ujoldal.asvanyekszerek.com\/index.php\/wp-json\/wp\/v2\/product_brand?post=1292"},{"taxonomy":"product_cat","embeddable":true,"href":"https:\/\/ujoldal.asvanyekszerek.com\/index.php\/wp-json\/wp\/v2\/product_cat?post=1292"},{"taxonomy":"product_tag","embeddable":true,"href":"https:\/\/ujoldal.asvanyekszerek.com\/index.php\/wp-json\/wp\/v2\/product_tag?post=1292"}],"curies":[{"name":"wp","href":"https:\/\/api.w.org\/{rel}","templated":true}]}}