{"id":1286,"date":"2025-09-08T10:11:08","date_gmt":"2025-09-08T08:11:08","guid":{"rendered":"https:\/\/ujoldal.asvanyekszerek.com\/index.php\/termek\/roppantott-hegyikristaly-angyal-rozsas-kartyaval-kulcstarto-karikan\/"},"modified":"2025-09-17T12:12:17","modified_gmt":"2025-09-17T10:12:17","slug":"roppantott-hegyikristaly-angyal-rozsas-kartyaval-kulcstarto-karikan","status":"publish","type":"product","link":"https:\/\/ujoldal.asvanyekszerek.com\/index.php\/termek\/roppantott-hegyikristaly-angyal-rozsas-kartyaval-kulcstarto-karikan\/","title":{"rendered":"Roppantott hegyikrist\u00e1ly angyal, r\u00f3zs\u00e1s k\u00e1rty\u00e1val, kulcstart\u00f3 karik\u00e1n"},"content":{"rendered":"<p><strong>Hegyikrist\u00e1ly<\/strong>: Sejtregener\u00e1l\u00f3, immuner\u0151s\u00edt\u0151, idegrendszer nyugtat\u00f3, m\u00e9regtelen\u00edt\u0151. Serkenti az agyi funkci\u00f3kat \u00e9s az anyagcser\u00e9t. Egyens\u00falyban tartja a hormonh\u00e1ztart\u00e1st \u00e9s a v\u00e9rcukorszintet.<\/p>\n","protected":false},"excerpt":{"rendered":"<p>Egyedi elk\u00e9pzel\u00e9s alapj\u00e1n k\u00e9sz\u00edtett l\u00e1nyb\u00facs\u00fas angyalka, roppantott hegyikrist\u00e1lyb\u00f3l, ez\u00fcst angyalsz\u00e1rnnyal, kulcstart\u00f3 karik\u00e1n.<\/p>\n<p>Rendel\u00e9s sor\u00e1n a megjegyz\u00e9sbe tudod felt\u00fcntetni a neveket, a l\u00e1nyb\u00facs\u00fad d\u00e1tum\u00e1t, valamint, hogy a neved hogyan szerepeljen rajta!<\/p>\n","protected":false},"featured_media":1287,"comment_status":"open","ping_status":"open","template":"","meta":{"_seopress_robots_primary_cat":"","_seopress_titles_title":"","_seopress_titles_desc":"","_seopress_robots_index":""},"product_brand":[],"product_cat":[40,19],"product_tag":[],"class_list":{"0":"post-1286","1":"product","2":"type-product","3":"status-publish","4":"has-post-thumbnail","6":"product_cat-lanybucsus-ajandekok","7":"product_cat-menyasszonyoknak","9":"first","10":"instock","11":"shipping-taxable","12":"purchasable","13":"product-type-simple"},"_links":{"self":[{"href":"https:\/\/ujoldal.asvanyekszerek.com\/index.php\/wp-json\/wp\/v2\/product\/1286","targetHints":{"allow":["GET"]}}],"collection":[{"href":"https:\/\/ujoldal.asvanyekszerek.com\/index.php\/wp-json\/wp\/v2\/product"}],"about":[{"href":"https:\/\/ujoldal.asvanyekszerek.com\/index.php\/wp-json\/wp\/v2\/types\/product"}],"replies":[{"embeddable":true,"href":"https:\/\/ujoldal.asvanyekszerek.com\/index.php\/wp-json\/wp\/v2\/comments?post=1286"}],"wp:featuredmedia":[{"embeddable":true,"href":"https:\/\/ujoldal.asvanyekszerek.com\/index.php\/wp-json\/wp\/v2\/media\/1287"}],"wp:attachment":[{"href":"https:\/\/ujoldal.asvanyekszerek.com\/index.php\/wp-json\/wp\/v2\/media?parent=1286"}],"wp:term":[{"taxonomy":"product_brand","embeddable":true,"href":"https:\/\/ujoldal.asvanyekszerek.com\/index.php\/wp-json\/wp\/v2\/product_brand?post=1286"},{"taxonomy":"product_cat","embeddable":true,"href":"https:\/\/ujoldal.asvanyekszerek.com\/index.php\/wp-json\/wp\/v2\/product_cat?post=1286"},{"taxonomy":"product_tag","embeddable":true,"href":"https:\/\/ujoldal.asvanyekszerek.com\/index.php\/wp-json\/wp\/v2\/product_tag?post=1286"}],"curies":[{"name":"wp","href":"https:\/\/api.w.org\/{rel}","templated":true}]}}