{"id":1284,"date":"2025-09-08T10:11:08","date_gmt":"2025-09-08T08:11:08","guid":{"rendered":"https:\/\/ujoldal.asvanyekszerek.com\/index.php\/termek\/roppantott-hegyikristaly-angyal-kek-rozsaszin-kartyaval\/"},"modified":"2025-09-17T12:12:14","modified_gmt":"2025-09-17T10:12:14","slug":"roppantott-hegyikristaly-angyal-kek-rozsaszin-kartyaval","status":"publish","type":"product","link":"https:\/\/ujoldal.asvanyekszerek.com\/index.php\/termek\/roppantott-hegyikristaly-angyal-kek-rozsaszin-kartyaval\/","title":{"rendered":"Roppantott hegyikrist\u00e1ly angyal, k\u00e9k-r\u00f3zsasz\u00edn k\u00e1rty\u00e1val"},"content":{"rendered":"<p><strong>Hegyikrist\u00e1ly<\/strong>: Sejtregener\u00e1l\u00f3, immuner\u0151s\u00edt\u0151, idegrendszer nyugtat\u00f3, m\u00e9regtelen\u00edt\u0151. Serkenti az agyi funkci\u00f3kat \u00e9s az anyagcser\u00e9t. Egyens\u00falyban tartja a hormonh\u00e1ztart\u00e1st \u00e9s a v\u00e9rcukorszintet.<\/p>\n","protected":false},"excerpt":{"rendered":"<p>Egyedi elk\u00e9pzel\u00e9s alapj\u00e1n k\u00e9sz\u00edtett l\u00e1nyb\u00facs\u00fas aj\u00e1nd\u00e9kok, roppantott hegyikrist\u00e1lyb\u00f3l ez\u00fcst angyalsz\u00e1rnnyal.<\/p>\n<p>\u201cK\u00f6sz\u00f6n\u00f6m, hogy a l\u00e1nyos \u00e9veimet velem b\u00facs\u00faztatod el!\u201d id\u00e9zettel<\/p>\n<p>Rendel\u00e9s sor\u00e1n a megjegyz\u00e9sbe tudod felt\u00fcntetni a neveket, valamint a l\u00e1nyb\u00facs\u00fad d\u00e1tum\u00e1t. Az angyalsz\u00e1rny f\u00fcgg az aktu\u00e1lis k\u00e9szlett\u0151l!<\/p>\n","protected":false},"featured_media":1285,"comment_status":"open","ping_status":"open","template":"","meta":{"_seopress_robots_primary_cat":"","_seopress_titles_title":"","_seopress_titles_desc":"","_seopress_robots_index":""},"product_brand":[],"product_cat":[40,19],"product_tag":[],"class_list":{"0":"post-1284","1":"product","2":"type-product","3":"status-publish","4":"has-post-thumbnail","6":"product_cat-lanybucsus-ajandekok","7":"product_cat-menyasszonyoknak","9":"first","10":"instock","11":"shipping-taxable","12":"purchasable","13":"product-type-simple"},"_links":{"self":[{"href":"https:\/\/ujoldal.asvanyekszerek.com\/index.php\/wp-json\/wp\/v2\/product\/1284","targetHints":{"allow":["GET"]}}],"collection":[{"href":"https:\/\/ujoldal.asvanyekszerek.com\/index.php\/wp-json\/wp\/v2\/product"}],"about":[{"href":"https:\/\/ujoldal.asvanyekszerek.com\/index.php\/wp-json\/wp\/v2\/types\/product"}],"replies":[{"embeddable":true,"href":"https:\/\/ujoldal.asvanyekszerek.com\/index.php\/wp-json\/wp\/v2\/comments?post=1284"}],"wp:featuredmedia":[{"embeddable":true,"href":"https:\/\/ujoldal.asvanyekszerek.com\/index.php\/wp-json\/wp\/v2\/media\/1285"}],"wp:attachment":[{"href":"https:\/\/ujoldal.asvanyekszerek.com\/index.php\/wp-json\/wp\/v2\/media?parent=1284"}],"wp:term":[{"taxonomy":"product_brand","embeddable":true,"href":"https:\/\/ujoldal.asvanyekszerek.com\/index.php\/wp-json\/wp\/v2\/product_brand?post=1284"},{"taxonomy":"product_cat","embeddable":true,"href":"https:\/\/ujoldal.asvanyekszerek.com\/index.php\/wp-json\/wp\/v2\/product_cat?post=1284"},{"taxonomy":"product_tag","embeddable":true,"href":"https:\/\/ujoldal.asvanyekszerek.com\/index.php\/wp-json\/wp\/v2\/product_tag?post=1284"}],"curies":[{"name":"wp","href":"https:\/\/api.w.org\/{rel}","templated":true}]}}