{"id":1278,"date":"2025-09-08T10:11:08","date_gmt":"2025-09-08T08:11:08","guid":{"rendered":"https:\/\/ujoldal.asvanyekszerek.com\/index.php\/termek\/gyongyszem-karkoto\/"},"modified":"2025-09-17T12:12:06","modified_gmt":"2025-09-17T10:12:06","slug":"gyongyszem-karkoto","status":"publish","type":"product","link":"https:\/\/ujoldal.asvanyekszerek.com\/index.php\/termek\/gyongyszem-karkoto\/","title":{"rendered":"Gy\u00f6ngyszem kark\u00f6t\u0151"},"content":{"rendered":"<p><strong>Hegyikrist\u00e1ly<\/strong>: Sejtregener\u00e1l\u00f3, immuner\u0151s\u00edt\u0151, idegrendszer nyugtat\u00f3, m\u00e9regtelen\u00edt\u0151. Serkenti az<br \/>\nagyi funkci\u00f3kat \u00e9s az anyagcser\u00e9t. Egyens\u00falyban tartja a hormonh\u00e1ztart\u00e1st \u00e9s a v\u00e9rcukorszintet.<\/p>\n<p><strong>Hematit<\/strong>: V\u00e9r \u00e9s sejt k\u00e9pz\u0151, gyors\u00edtja a betegs\u00e9gek ut\u00e1ni fel\u00e9p\u00fcl\u00e9st. Stabiliz\u00e1lja a v\u00e9rnyom\u00e1st.<br \/>\nJav\u00edtja az agyi funkci\u00f3kat \u00e9s az oxig\u00e9n ell\u00e1t\u00e1st.<\/p>\n<p><strong>Rodonit<\/strong>: A rodonit \u00e9rzelmileg kiegyens\u00falyoz, t\u00e1pl\u00e1lja a szeretetet \u00e9s az embert\u00e1rsaink ir\u00e1nt \u00e9rzett bajt\u00e1rsiass\u00e1got. Megvan a k\u00e9pess\u00e9ge, hogy mindennek megmutatja a k\u00e9t oldal\u00e1t. Serkenti, tiszt\u00edtja \u00e9s hat\u00e9konny\u00e1 teszi a sz\u00edvet \u00e9s a sz\u00edvcsakr\u00e1t. Gy\u00f3gy\u00edtja az \u00e9rzelmi sokkot \u00e9s p\u00e1nikot, mivel t\u00e1mogat\u00f3 er\u0151vel l\u00e1tja el a lelket. Rendk\u00edv\u00fcl j\u00f3t\u00e9konyan hat az \u00e9rzelmi \u00f6npuszt\u00edt\u00e1s ellen, f\u00fcgg\u0151s\u00e9g \u00e9s zaklat\u00e1s eset\u00e9n. Egyens\u00falyban tartja \u00e9s egyes\u00edti a fizikai \u00e9s a szellemi energi\u00e1kat. Magabiztoss\u00e1got ad, \u00e9s csillap\u00edtja a fejetlens\u00e9get. Kiv\u00e1l\u00f3 sebgy\u00f3gy\u00edt\u00f3, \u00e9s j\u00f3l enyh\u00edti a rovarcs\u00edp\u00e9seket. Elhalv\u00e1ny\u00edtja a sebhelyeket. J\u00f3t\u00e9konyan hat a csontn\u00f6veked\u00e9sre \u00e9s a hall\u00f3szervekre. Fokozza a term\u00e9kenys\u00e9get. Gy\u00f3gy\u00edtja a t\u00fcd\u0151t\u00e1gul\u00e1st, az iz\u00fcleti gyullad\u00e1st, az autoimmun betegs\u00e9geket, a gyomorfek\u00e9lyt \u00e9s a sclerosis multiplexet.<\/p>\n<p><strong>Jade:<\/strong>\u00a0Szerencsehoz\u00f3, vesetiszt\u00edt\u00f3, m\u00e9regtelen\u00edt\u0151, sejtregener\u00e1l\u00f3, lelki b\u00e9k\u00e9t seg\u00edt\u0151, idegrendszer \u00e9s alv\u00e1s jav\u00edt\u00f3, v\u00e9delmez\u0151 \u00e9s term\u00e9kenys\u00e9get seg\u00edt\u0151.<\/p>\n<p><strong>Szintetikus napk\u0151:\u00a0<\/strong>Gy\u00f3gy\u00edt\u00f3, energiz\u00e1l\u00f3 hat\u00e1s, v\u00e9delem a sug\u00e1rz\u00e1sokkal szemben.<\/p>\n","protected":false},"excerpt":{"rendered":"<p>Egyszer\u0171, k\u00fcl\u00f6nleges kark\u00f6t\u0151, mely rodonitb\u00f3l, jade-b\u00f3l, hegyikrist\u00e1lyb\u00f3l \u00e9s szintetikus napk\u0151b\u0151l k\u00e9sz\u00fclt n\u00e9h\u00e1ny rose gold hametittal d\u00edsz\u00edtve.<\/p>\n","protected":false},"featured_media":1279,"comment_status":"open","ping_status":"open","template":"","meta":{"_seopress_robots_primary_cat":"","_seopress_titles_title":"","_seopress_titles_desc":"","_seopress_robots_index":""},"product_brand":[],"product_cat":[17,26,25],"product_tag":[],"class_list":{"0":"post-1278","1":"product","2":"type-product","3":"status-publish","4":"has-post-thumbnail","6":"product_cat-asvanykarkoto","7":"product_cat-basic","8":"product_cat-noi-asvanykarkoto","10":"first","11":"onbackorder","12":"shipping-taxable","13":"purchasable","14":"product-type-simple"},"_links":{"self":[{"href":"https:\/\/ujoldal.asvanyekszerek.com\/index.php\/wp-json\/wp\/v2\/product\/1278","targetHints":{"allow":["GET"]}}],"collection":[{"href":"https:\/\/ujoldal.asvanyekszerek.com\/index.php\/wp-json\/wp\/v2\/product"}],"about":[{"href":"https:\/\/ujoldal.asvanyekszerek.com\/index.php\/wp-json\/wp\/v2\/types\/product"}],"replies":[{"embeddable":true,"href":"https:\/\/ujoldal.asvanyekszerek.com\/index.php\/wp-json\/wp\/v2\/comments?post=1278"}],"wp:featuredmedia":[{"embeddable":true,"href":"https:\/\/ujoldal.asvanyekszerek.com\/index.php\/wp-json\/wp\/v2\/media\/1279"}],"wp:attachment":[{"href":"https:\/\/ujoldal.asvanyekszerek.com\/index.php\/wp-json\/wp\/v2\/media?parent=1278"}],"wp:term":[{"taxonomy":"product_brand","embeddable":true,"href":"https:\/\/ujoldal.asvanyekszerek.com\/index.php\/wp-json\/wp\/v2\/product_brand?post=1278"},{"taxonomy":"product_cat","embeddable":true,"href":"https:\/\/ujoldal.asvanyekszerek.com\/index.php\/wp-json\/wp\/v2\/product_cat?post=1278"},{"taxonomy":"product_tag","embeddable":true,"href":"https:\/\/ujoldal.asvanyekszerek.com\/index.php\/wp-json\/wp\/v2\/product_tag?post=1278"}],"curies":[{"name":"wp","href":"https:\/\/api.w.org\/{rel}","templated":true}]}}