{"id":1258,"date":"2025-09-08T10:09:27","date_gmt":"2025-09-08T08:09:27","guid":{"rendered":"https:\/\/ujoldal.asvanyekszerek.com\/index.php\/termek\/team-bride-arany-zold-keretes-kartyaval\/"},"modified":"2025-09-17T12:11:37","modified_gmt":"2025-09-17T10:11:37","slug":"team-bride-arany-zold-keretes-kartyaval","status":"publish","type":"product","link":"https:\/\/ujoldal.asvanyekszerek.com\/index.php\/termek\/team-bride-arany-zold-keretes-kartyaval\/","title":{"rendered":"TEAM BRIDE arany, z\u00f6ld keretes k\u00e1rty\u00e1val"},"content":{"rendered":"","protected":false},"excerpt":{"rendered":"<p>K\u00fcl\u00f6nleges l\u00e1nyb\u00facs\u00fas aj\u00e1nd\u00e9k, arany \u201cTeam Bride\u201d felirattal.<\/p>\n<p>A l\u00e1nyb\u00facs\u00fa r\u00e9sztvev\u0151k neveit, a d\u00e1tumot a rendel\u00e9s v\u00e9g\u00e9n tal\u00e1lhat\u00f3 megjegyz\u00e9s rovatban tudod felt\u00fcntetni.<\/p>\n","protected":false},"featured_media":1259,"comment_status":"open","ping_status":"open","template":"","meta":{"_seopress_robots_primary_cat":"","_seopress_titles_title":"","_seopress_titles_desc":"","_seopress_robots_index":""},"product_brand":[],"product_cat":[40,19],"product_tag":[],"class_list":{"0":"post-1258","1":"product","2":"type-product","3":"status-publish","4":"has-post-thumbnail","6":"product_cat-lanybucsus-ajandekok","7":"product_cat-menyasszonyoknak","9":"first","10":"instock","11":"shipping-taxable","12":"purchasable","13":"product-type-simple"},"_links":{"self":[{"href":"https:\/\/ujoldal.asvanyekszerek.com\/index.php\/wp-json\/wp\/v2\/product\/1258","targetHints":{"allow":["GET"]}}],"collection":[{"href":"https:\/\/ujoldal.asvanyekszerek.com\/index.php\/wp-json\/wp\/v2\/product"}],"about":[{"href":"https:\/\/ujoldal.asvanyekszerek.com\/index.php\/wp-json\/wp\/v2\/types\/product"}],"replies":[{"embeddable":true,"href":"https:\/\/ujoldal.asvanyekszerek.com\/index.php\/wp-json\/wp\/v2\/comments?post=1258"}],"wp:featuredmedia":[{"embeddable":true,"href":"https:\/\/ujoldal.asvanyekszerek.com\/index.php\/wp-json\/wp\/v2\/media\/1259"}],"wp:attachment":[{"href":"https:\/\/ujoldal.asvanyekszerek.com\/index.php\/wp-json\/wp\/v2\/media?parent=1258"}],"wp:term":[{"taxonomy":"product_brand","embeddable":true,"href":"https:\/\/ujoldal.asvanyekszerek.com\/index.php\/wp-json\/wp\/v2\/product_brand?post=1258"},{"taxonomy":"product_cat","embeddable":true,"href":"https:\/\/ujoldal.asvanyekszerek.com\/index.php\/wp-json\/wp\/v2\/product_cat?post=1258"},{"taxonomy":"product_tag","embeddable":true,"href":"https:\/\/ujoldal.asvanyekszerek.com\/index.php\/wp-json\/wp\/v2\/product_tag?post=1258"}],"curies":[{"name":"wp","href":"https:\/\/api.w.org\/{rel}","templated":true}]}}