{"id":1242,"date":"2025-09-08T10:07:49","date_gmt":"2025-09-08T08:07:49","guid":{"rendered":"https:\/\/ujoldal.asvanyekszerek.com\/index.php\/termek\/kagylos-bokalanc-rozsaszin-kagyloval-diszitve\/"},"modified":"2025-09-17T12:11:14","modified_gmt":"2025-09-17T10:11:14","slug":"kagylos-bokalanc-rozsaszin-kagyloval-diszitve","status":"publish","type":"product","link":"https:\/\/ujoldal.asvanyekszerek.com\/index.php\/termek\/kagylos-bokalanc-rozsaszin-kagyloval-diszitve\/","title":{"rendered":"Kagyl\u00f3s bokal\u00e1nc r\u00f3zsasz\u00edn kagyl\u00f3val d\u00edsz\u00edtve"},"content":{"rendered":"","protected":false},"excerpt":{"rendered":"<p>A nyaral\u00e1s elmaradhatatlan kieg\u00e9sz\u00edt\u0151je ez a gy\u00f6ny\u00f6r\u0171 bokal\u00e1nc, dobd fel vele a szetted.<\/p>\n","protected":false},"featured_media":1243,"comment_status":"open","ping_status":"open","template":"","meta":{"_seopress_robots_primary_cat":"","_seopress_titles_title":"","_seopress_titles_desc":"","_seopress_robots_index":""},"product_brand":[],"product_cat":[38],"product_tag":[],"class_list":{"0":"post-1242","1":"product","2":"type-product","3":"status-publish","4":"has-post-thumbnail","6":"product_cat-kagylos-kollekcio","8":"first","9":"onbackorder","10":"shipping-taxable","11":"purchasable","12":"product-type-simple"},"_links":{"self":[{"href":"https:\/\/ujoldal.asvanyekszerek.com\/index.php\/wp-json\/wp\/v2\/product\/1242","targetHints":{"allow":["GET"]}}],"collection":[{"href":"https:\/\/ujoldal.asvanyekszerek.com\/index.php\/wp-json\/wp\/v2\/product"}],"about":[{"href":"https:\/\/ujoldal.asvanyekszerek.com\/index.php\/wp-json\/wp\/v2\/types\/product"}],"replies":[{"embeddable":true,"href":"https:\/\/ujoldal.asvanyekszerek.com\/index.php\/wp-json\/wp\/v2\/comments?post=1242"}],"wp:featuredmedia":[{"embeddable":true,"href":"https:\/\/ujoldal.asvanyekszerek.com\/index.php\/wp-json\/wp\/v2\/media\/1243"}],"wp:attachment":[{"href":"https:\/\/ujoldal.asvanyekszerek.com\/index.php\/wp-json\/wp\/v2\/media?parent=1242"}],"wp:term":[{"taxonomy":"product_brand","embeddable":true,"href":"https:\/\/ujoldal.asvanyekszerek.com\/index.php\/wp-json\/wp\/v2\/product_brand?post=1242"},{"taxonomy":"product_cat","embeddable":true,"href":"https:\/\/ujoldal.asvanyekszerek.com\/index.php\/wp-json\/wp\/v2\/product_cat?post=1242"},{"taxonomy":"product_tag","embeddable":true,"href":"https:\/\/ujoldal.asvanyekszerek.com\/index.php\/wp-json\/wp\/v2\/product_tag?post=1242"}],"curies":[{"name":"wp","href":"https:\/\/api.w.org\/{rel}","templated":true}]}}