{"id":1222,"date":"2025-09-08T10:06:00","date_gmt":"2025-09-08T08:06:00","guid":{"rendered":"https:\/\/ujoldal.asvanyekszerek.com\/index.php\/termek\/kek-feher-alomfogo-kulcstarto\/"},"modified":"2025-09-17T12:10:46","modified_gmt":"2025-09-17T10:10:46","slug":"kek-feher-alomfogo-kulcstarto","status":"publish","type":"product","link":"https:\/\/ujoldal.asvanyekszerek.com\/index.php\/termek\/kek-feher-alomfogo-kulcstarto\/","title":{"rendered":"K\u00e9k-feh\u00e9r \u00e1lomfog\u00f3 kulcstart\u00f3"},"content":{"rendered":"<p><strong>L\u00e1vak\u0151:<\/strong> M\u00e9regtelen\u00edt\u0151 hat\u00e1sa van, serkenti a sejtek v\u00edzut\u00e1np\u00f3tl\u00e1s\u00e1t. Er\u0151s\u00edti az inakat, seg\u00edti a k\u00f6t\u0151sz\u00f6vet regener\u00e1l\u00e1s\u00e1t, illetve serkenti a v\u00e9rkering\u00e9st. Biztos\u00edtja az egyens\u00falyt a szervezetben.<\/p>\n<p><strong>Ach\u00e1t:<\/strong> V\u00e9d\u0151, szerencsehoz\u00f3, auratiszt\u00edt\u00f3 \u00e9s nyugtat\u00f3 hat\u00e1s\u00fa. Az agyi funkci\u00f3k fejleszt\u00e9s\u00e9ben seg\u00edt \u00e9s em\u00e9szt\u00e9s jav\u00edt\u00f3.<\/p>\n<p><strong>Hegyikrist\u00e1ly<\/strong>: Sejtregener\u00e1l\u00f3, immuner\u0151s\u00edt\u0151, idegrendszer nyugtat\u00f3, m\u00e9regtelen\u00edt\u0151. Serkenti az agyi funkci\u00f3kat \u00e9s az anyagcser\u00e9t. Egyens\u00falyban tartja a hormonh\u00e1ztart\u00e1st \u00e9s a v\u00e9rcukorszintet.<\/p>\n","protected":false},"excerpt":{"rendered":"<p>\u00c1lomfog\u00f3 kulcstart\u00f3 k\u00e9k l\u00e1vak\u0151b\u0151l, ach\u00e1tb\u00f3l \u00e9s roppantott hegyikrist\u00e1lyb\u00f3l.<\/p>\n","protected":false},"featured_media":1223,"comment_status":"open","ping_status":"open","template":"","meta":{"_seopress_robots_primary_cat":"","_seopress_titles_title":"","_seopress_titles_desc":"","_seopress_robots_index":""},"product_brand":[],"product_cat":[31,23],"product_tag":[],"class_list":{"0":"post-1222","1":"product","2":"type-product","3":"status-publish","4":"has-post-thumbnail","6":"product_cat-alomfogo","7":"product_cat-kulcstarto","9":"first","10":"instock","11":"shipping-taxable","12":"purchasable","13":"product-type-simple"},"_links":{"self":[{"href":"https:\/\/ujoldal.asvanyekszerek.com\/index.php\/wp-json\/wp\/v2\/product\/1222","targetHints":{"allow":["GET"]}}],"collection":[{"href":"https:\/\/ujoldal.asvanyekszerek.com\/index.php\/wp-json\/wp\/v2\/product"}],"about":[{"href":"https:\/\/ujoldal.asvanyekszerek.com\/index.php\/wp-json\/wp\/v2\/types\/product"}],"replies":[{"embeddable":true,"href":"https:\/\/ujoldal.asvanyekszerek.com\/index.php\/wp-json\/wp\/v2\/comments?post=1222"}],"wp:featuredmedia":[{"embeddable":true,"href":"https:\/\/ujoldal.asvanyekszerek.com\/index.php\/wp-json\/wp\/v2\/media\/1223"}],"wp:attachment":[{"href":"https:\/\/ujoldal.asvanyekszerek.com\/index.php\/wp-json\/wp\/v2\/media?parent=1222"}],"wp:term":[{"taxonomy":"product_brand","embeddable":true,"href":"https:\/\/ujoldal.asvanyekszerek.com\/index.php\/wp-json\/wp\/v2\/product_brand?post=1222"},{"taxonomy":"product_cat","embeddable":true,"href":"https:\/\/ujoldal.asvanyekszerek.com\/index.php\/wp-json\/wp\/v2\/product_cat?post=1222"},{"taxonomy":"product_tag","embeddable":true,"href":"https:\/\/ujoldal.asvanyekszerek.com\/index.php\/wp-json\/wp\/v2\/product_tag?post=1222"}],"curies":[{"name":"wp","href":"https:\/\/api.w.org\/{rel}","templated":true}]}}