{"id":1198,"date":"2025-09-08T10:04:16","date_gmt":"2025-09-08T08:04:16","guid":{"rendered":"https:\/\/ujoldal.asvanyekszerek.com\/index.php\/termek\/koszonoajandek-howlitbol-pezsgos-kartyaval\/"},"modified":"2025-09-17T12:10:13","modified_gmt":"2025-09-17T10:10:13","slug":"koszonoajandek-howlitbol-pezsgos-kartyaval","status":"publish","type":"product","link":"https:\/\/ujoldal.asvanyekszerek.com\/index.php\/termek\/koszonoajandek-howlitbol-pezsgos-kartyaval\/","title":{"rendered":"K\u00f6sz\u00f6n\u0151aj\u00e1nd\u00e9k howlitb\u00f3l &#8211; pezsg\u0151s k\u00e1rty\u00e1val"},"content":{"rendered":"<p><strong>Howlit:<\/strong> Seg\u00edti a magn\u00e9zium felsz\u00edv\u00f3d\u00e1s\u00e1t. Seg\u00edt a fejf\u00e1j\u00e1s elmulaszt\u00e1s\u00e1ban. Zs\u00edr\u00e9get\u0151, k\u00e1lcium szint szab\u00e1lyoz\u00f3, m\u00e9regtelen\u00edt\u0151, seg\u00edti a csontok \u00e9s\u00a0fogak er\u0151s\u00edt\u00e9s\u00e9ben, izomlaz\u00edt\u00f3, epegy\u00f3gy\u00edt\u00f3, izomlaz\u00edt\u00f3.<\/p>\n","protected":false},"excerpt":{"rendered":"<p>Egyedi elk\u00e9pzel\u00e9s alapj\u00e1n k\u00e9sz\u00edtett esk\u00fcv\u0151i k\u00f6sz\u00f6n\u0151aj\u00e1nd\u00e9k howlitb\u00f3l.<\/p>\n<p>\u201cK\u00f6sz\u00f6nj\u00fck, hogy vel\u00fcnk \u00fcnnepelsz\u201d<\/p>\n<p>A neveteket, valamint a d\u00e1tumot a megjegyz\u00e9s rovatban tudod felt\u00fcntetni. Amennyiben szeretn\u00e9tek \u00fcltet\u0151k\u00e1rty\u00e1nak is haszn\u00e1lni, a n\u00e9vsort e-mailben (asvanyekszerek2020@gmail.com) tudod nek\u00fcnk elk\u00fcldeni. A h\u00e1tt\u00e9rk\u00e1rtya mint\u00e1ja v\u00e1ltoztathat\u00f3, ezzel kapcsolatban keress minket e-mailben vagy a Jewellerybydori Facebook oldalunkon.<\/p>\n","protected":false},"featured_media":1199,"comment_status":"open","ping_status":"open","template":"","meta":{"_seopress_robots_primary_cat":"","_seopress_titles_title":"","_seopress_titles_desc":"","_seopress_robots_index":""},"product_brand":[],"product_cat":[34,19],"product_tag":[],"class_list":{"0":"post-1198","1":"product","2":"type-product","3":"status-publish","4":"has-post-thumbnail","6":"product_cat-koszonoajandek","7":"product_cat-menyasszonyoknak","9":"first","10":"instock","11":"shipping-taxable","12":"purchasable","13":"product-type-simple"},"_links":{"self":[{"href":"https:\/\/ujoldal.asvanyekszerek.com\/index.php\/wp-json\/wp\/v2\/product\/1198","targetHints":{"allow":["GET"]}}],"collection":[{"href":"https:\/\/ujoldal.asvanyekszerek.com\/index.php\/wp-json\/wp\/v2\/product"}],"about":[{"href":"https:\/\/ujoldal.asvanyekszerek.com\/index.php\/wp-json\/wp\/v2\/types\/product"}],"replies":[{"embeddable":true,"href":"https:\/\/ujoldal.asvanyekszerek.com\/index.php\/wp-json\/wp\/v2\/comments?post=1198"}],"wp:featuredmedia":[{"embeddable":true,"href":"https:\/\/ujoldal.asvanyekszerek.com\/index.php\/wp-json\/wp\/v2\/media\/1199"}],"wp:attachment":[{"href":"https:\/\/ujoldal.asvanyekszerek.com\/index.php\/wp-json\/wp\/v2\/media?parent=1198"}],"wp:term":[{"taxonomy":"product_brand","embeddable":true,"href":"https:\/\/ujoldal.asvanyekszerek.com\/index.php\/wp-json\/wp\/v2\/product_brand?post=1198"},{"taxonomy":"product_cat","embeddable":true,"href":"https:\/\/ujoldal.asvanyekszerek.com\/index.php\/wp-json\/wp\/v2\/product_cat?post=1198"},{"taxonomy":"product_tag","embeddable":true,"href":"https:\/\/ujoldal.asvanyekszerek.com\/index.php\/wp-json\/wp\/v2\/product_tag?post=1198"}],"curies":[{"name":"wp","href":"https:\/\/api.w.org\/{rel}","templated":true}]}}