{"id":1176,"date":"2025-09-08T10:02:40","date_gmt":"2025-09-08T08:02:40","guid":{"rendered":"https:\/\/ujoldal.asvanyekszerek.com\/index.php\/termek\/jaspis-jade-hegyikristaly-anya-lanya-szett\/"},"modified":"2025-09-17T12:09:44","modified_gmt":"2025-09-17T10:09:44","slug":"jaspis-jade-hegyikristaly-anya-lanya-szett","status":"publish","type":"product","link":"https:\/\/ujoldal.asvanyekszerek.com\/index.php\/termek\/jaspis-jade-hegyikristaly-anya-lanya-szett\/","title":{"rendered":"J\u00e1spis, jade, hegyikrist\u00e1ly anya-l\u00e1nya szett"},"content":{"rendered":"<p><strong>Hegyikrist\u00e1ly<\/strong>: Sejtregener\u00e1l\u00f3, immuner\u0151s\u00edt\u0151, idegrendszer nyugtat\u00f3, m\u00e9regtelen\u00edt\u0151. Serkenti az agyi funkci\u00f3kat \u00e9s az anyagcser\u00e9t. Egyens\u00falyban tartja a hormonh\u00e1ztart\u00e1st \u00e9s a v\u00e9rcukorszintet.<\/p>\n<p><strong>J\u00e1spis: <\/strong>Szer\u00e9nys\u00e9gre, \u00f6nzetlens\u00e9gre, egy\u00fctt\u00e9rz\u00e9sre \u00e9s t\u00fcrelemre k\u00e9sztet. Jav\u00edtja a kering\u00e9st. Aktiv\u00e1lja a m\u00e1j, epe, l\u00e9p \u00e9s a hasny\u00e1lmirigy m\u0171k\u00f6d\u00e9s\u00e9t.<\/p>\n<p><strong>Jade:<\/strong> Szerencsehoz\u00f3, vesetiszt\u00edt\u00f3, m\u00e9regtelen\u00edt\u0151, sejtregener\u00e1l\u00f3, lelki b\u00e9k\u00e9t seg\u00edt\u0151, idegrendszer \u00e9s alv\u00e1s jav\u00edt\u00f3, v\u00e9delmez\u0151 \u00e9s term\u00e9kenys\u00e9get seg\u00edt\u0151.<\/p>\n","protected":false},"excerpt":{"rendered":"<p>Ha szeretn\u00e9d \u00c9desany\u00e1dat meglepni, valami igazi k\u00fcl\u00f6nleges aj\u00e1nd\u00e9kkal, akkor v\u00e1laszd ezt a gy\u00f6ny\u00f6r\u0171 szettet, amely jadeb\u00f3l hegyikrist\u00e1lyb\u00f3l \u00e9s j\u00e1spisb\u00f3l k\u00e9sz\u00fclt.<\/p>\n<p>A kark\u00f6t\u0151k norm\u00e1l m\u00e9ret\u0171 csukl\u00f3ra k\u00e9sz\u00fcltek, a m\u00e9retet a rendel\u00e9s v\u00e9g\u00e9n a megjegyz\u00e9s rovatban tudod megadni. A szett d\u00edszdobozban ker\u00fcl sz\u00e1ll\u00edt\u00e1sra.<\/p>\n","protected":false},"featured_media":1177,"comment_status":"open","ping_status":"open","template":"","meta":{"_seopress_robots_primary_cat":"","_seopress_titles_title":"","_seopress_titles_desc":"","_seopress_robots_index":""},"product_brand":[],"product_cat":[21],"product_tag":[],"class_list":{"0":"post-1176","1":"product","2":"type-product","3":"status-publish","4":"has-post-thumbnail","6":"product_cat-csaladi-kollekcio","8":"first","9":"onbackorder","10":"shipping-taxable","11":"purchasable","12":"product-type-simple"},"_links":{"self":[{"href":"https:\/\/ujoldal.asvanyekszerek.com\/index.php\/wp-json\/wp\/v2\/product\/1176","targetHints":{"allow":["GET"]}}],"collection":[{"href":"https:\/\/ujoldal.asvanyekszerek.com\/index.php\/wp-json\/wp\/v2\/product"}],"about":[{"href":"https:\/\/ujoldal.asvanyekszerek.com\/index.php\/wp-json\/wp\/v2\/types\/product"}],"replies":[{"embeddable":true,"href":"https:\/\/ujoldal.asvanyekszerek.com\/index.php\/wp-json\/wp\/v2\/comments?post=1176"}],"wp:featuredmedia":[{"embeddable":true,"href":"https:\/\/ujoldal.asvanyekszerek.com\/index.php\/wp-json\/wp\/v2\/media\/1177"}],"wp:attachment":[{"href":"https:\/\/ujoldal.asvanyekszerek.com\/index.php\/wp-json\/wp\/v2\/media?parent=1176"}],"wp:term":[{"taxonomy":"product_brand","embeddable":true,"href":"https:\/\/ujoldal.asvanyekszerek.com\/index.php\/wp-json\/wp\/v2\/product_brand?post=1176"},{"taxonomy":"product_cat","embeddable":true,"href":"https:\/\/ujoldal.asvanyekszerek.com\/index.php\/wp-json\/wp\/v2\/product_cat?post=1176"},{"taxonomy":"product_tag","embeddable":true,"href":"https:\/\/ujoldal.asvanyekszerek.com\/index.php\/wp-json\/wp\/v2\/product_tag?post=1176"}],"curies":[{"name":"wp","href":"https:\/\/api.w.org\/{rel}","templated":true}]}}