{"id":1154,"date":"2025-09-08T10:00:56","date_gmt":"2025-09-08T08:00:56","guid":{"rendered":"https:\/\/ujoldal.asvanyekszerek.com\/index.php\/termek\/koszonoajandek-rozsakvarcbol\/"},"modified":"2025-09-17T12:09:14","modified_gmt":"2025-09-17T10:09:14","slug":"koszonoajandek-rozsakvarcbol","status":"publish","type":"product","link":"https:\/\/ujoldal.asvanyekszerek.com\/index.php\/termek\/koszonoajandek-rozsakvarcbol\/","title":{"rendered":"K\u00f6sz\u00f6n\u0151aj\u00e1nd\u00e9k r\u00f3zsakvarcb\u00f3l"},"content":{"rendered":"<p><strong>R\u00f3zsakvarc<em>:<\/em><\/strong> A r\u00f3zsakvarc, a felt\u00e9tel n\u00e9lk\u00fcli szeretet \u00e9s a v\u00e9gtelen b\u00e9ke k\u00f6ve.\u00a0Term\u00e9kenys\u00e9gfokoz\u00f3, nyugtat\u00f3, kommunik\u00e1ci\u00f3t er\u0151s\u00edt\u0151, m\u00e9regtelen\u00edt\u0151, vesejav\u00edt\u00f3, v\u00e9rnyom\u00e1s stabiliz\u00e1l\u00f3 \u00e9s b\u0151rregener\u00e1l\u00f3. Figyelem! Visel\u00e9s hat\u00e1s\u00e1ra elsz\u00fcrk\u00fclhet, kifeh\u00e9redhet.<\/p>\n","protected":false},"excerpt":{"rendered":"<p>Egyedi elk\u00e9pzel\u00e9s alapj\u00e1n k\u00e9sz\u00edtett esk\u00fcv\u0151i k\u00f6sz\u00f6n\u0151aj\u00e1nd\u00e9k r\u00f3zsakvarcb\u00f3l.<\/p>\n<p>&#8222;K\u00f6sz\u00f6nj\u00fck, hogy vel\u00fcnk \u00fcnnepelsz&#8221;<\/p>\n<p>A neveket, valamint a d\u00e1tumot a megjegyz\u00e9s rovatban vagy e-mailben (asvanyekszerek2020@gmail.com) tudod nek\u00fcnk megk\u00fcldeni. A h\u00e1tt\u00e9rk\u00e1rtya mint\u00e1ja v\u00e1ltoztathat\u00f3, ezzel kapcsolatban keress minket e-mailben vagy a Jewellerybydori Facebook oldalunkon!<\/p>\n","protected":false},"featured_media":1155,"comment_status":"open","ping_status":"open","template":"","meta":{"_seopress_robots_primary_cat":"","_seopress_titles_title":"","_seopress_titles_desc":"","_seopress_robots_index":""},"product_brand":[],"product_cat":[34,19],"product_tag":[],"class_list":{"0":"post-1154","1":"product","2":"type-product","3":"status-publish","4":"has-post-thumbnail","6":"product_cat-koszonoajandek","7":"product_cat-menyasszonyoknak","9":"first","10":"instock","11":"shipping-taxable","12":"purchasable","13":"product-type-simple"},"_links":{"self":[{"href":"https:\/\/ujoldal.asvanyekszerek.com\/index.php\/wp-json\/wp\/v2\/product\/1154","targetHints":{"allow":["GET"]}}],"collection":[{"href":"https:\/\/ujoldal.asvanyekszerek.com\/index.php\/wp-json\/wp\/v2\/product"}],"about":[{"href":"https:\/\/ujoldal.asvanyekszerek.com\/index.php\/wp-json\/wp\/v2\/types\/product"}],"replies":[{"embeddable":true,"href":"https:\/\/ujoldal.asvanyekszerek.com\/index.php\/wp-json\/wp\/v2\/comments?post=1154"}],"wp:featuredmedia":[{"embeddable":true,"href":"https:\/\/ujoldal.asvanyekszerek.com\/index.php\/wp-json\/wp\/v2\/media\/1155"}],"wp:attachment":[{"href":"https:\/\/ujoldal.asvanyekszerek.com\/index.php\/wp-json\/wp\/v2\/media?parent=1154"}],"wp:term":[{"taxonomy":"product_brand","embeddable":true,"href":"https:\/\/ujoldal.asvanyekszerek.com\/index.php\/wp-json\/wp\/v2\/product_brand?post=1154"},{"taxonomy":"product_cat","embeddable":true,"href":"https:\/\/ujoldal.asvanyekszerek.com\/index.php\/wp-json\/wp\/v2\/product_cat?post=1154"},{"taxonomy":"product_tag","embeddable":true,"href":"https:\/\/ujoldal.asvanyekszerek.com\/index.php\/wp-json\/wp\/v2\/product_tag?post=1154"}],"curies":[{"name":"wp","href":"https:\/\/api.w.org\/{rel}","templated":true}]}}