{"id":1124,"date":"2025-09-08T09:57:23","date_gmt":"2025-09-08T07:57:23","guid":{"rendered":"https:\/\/ujoldal.asvanyekszerek.com\/index.php\/termek\/legenybucsu-ajandek\/"},"modified":"2025-09-17T12:08:32","modified_gmt":"2025-09-17T10:08:32","slug":"legenybucsu-ajandek","status":"publish","type":"product","link":"https:\/\/ujoldal.asvanyekszerek.com\/index.php\/termek\/legenybucsu-ajandek\/","title":{"rendered":"Leg\u00e9nyb\u00facs\u00fa aj\u00e1nd\u00e9k"},"content":{"rendered":"<p><strong>\u00d3nix:<\/strong> Energiz\u00e1l\u00f3, v\u00e9d\u0151, stresszold\u00f3, csonter\u0151s\u00edt\u0151 \u00e9s kitart\u00e1st jav\u00edt\u00f3. A fekete sz\u00edn\u0171 \u00f3nix\u00a0\u00e1sv\u00e1ny vulk\u00e1ni \u00fcled\u00e9kes k\u0151zetk\u00e9nt els\u0151sorban Braz\u00edli\u00e1b\u00f3l, Indi\u00e1b\u00f3l \u00e9s Uruguay-b\u00f3l sz\u00e1rmazik. A Nyilas, Bak \u00e9s V\u00edz\u00f6nt\u0151 csillagjegy\u0171ek kedvelt k\u00f6ve. Hatalmas pszich\u00e9s er\u0151t k\u00e9pes visel\u0151j\u00e9nek k\u00f6lcs\u00f6n\u00f6zni.<\/p>\n","protected":false},"excerpt":{"rendered":"<p>Egyedi elk\u00e9pzel\u00e9s alapj\u00e1n k\u00e9sz\u00edtett leg\u00e9nyb\u00facs\u00fas aj\u00e1nd\u00e9k angyalk\u00e1k. Rendel\u00e9s sor\u00e1n a megjegyz\u00e9sbe tudod felt\u00fcntetni a neveket, valamint a leg\u00e9nyb\u00facs\u00fa d\u00e1tum\u00e1t.<\/p>\n","protected":false},"featured_media":1125,"comment_status":"open","ping_status":"open","template":"","meta":{"_seopress_robots_primary_cat":"","_seopress_titles_title":"","_seopress_titles_desc":"","_seopress_robots_index":""},"product_brand":[],"product_cat":[39,19],"product_tag":[],"class_list":{"0":"post-1124","1":"product","2":"type-product","3":"status-publish","4":"has-post-thumbnail","6":"product_cat-legenybucsus-ajandekok","7":"product_cat-menyasszonyoknak","9":"first","10":"instock","11":"shipping-taxable","12":"purchasable","13":"product-type-simple"},"_links":{"self":[{"href":"https:\/\/ujoldal.asvanyekszerek.com\/index.php\/wp-json\/wp\/v2\/product\/1124","targetHints":{"allow":["GET"]}}],"collection":[{"href":"https:\/\/ujoldal.asvanyekszerek.com\/index.php\/wp-json\/wp\/v2\/product"}],"about":[{"href":"https:\/\/ujoldal.asvanyekszerek.com\/index.php\/wp-json\/wp\/v2\/types\/product"}],"replies":[{"embeddable":true,"href":"https:\/\/ujoldal.asvanyekszerek.com\/index.php\/wp-json\/wp\/v2\/comments?post=1124"}],"wp:featuredmedia":[{"embeddable":true,"href":"https:\/\/ujoldal.asvanyekszerek.com\/index.php\/wp-json\/wp\/v2\/media\/1125"}],"wp:attachment":[{"href":"https:\/\/ujoldal.asvanyekszerek.com\/index.php\/wp-json\/wp\/v2\/media?parent=1124"}],"wp:term":[{"taxonomy":"product_brand","embeddable":true,"href":"https:\/\/ujoldal.asvanyekszerek.com\/index.php\/wp-json\/wp\/v2\/product_brand?post=1124"},{"taxonomy":"product_cat","embeddable":true,"href":"https:\/\/ujoldal.asvanyekszerek.com\/index.php\/wp-json\/wp\/v2\/product_cat?post=1124"},{"taxonomy":"product_tag","embeddable":true,"href":"https:\/\/ujoldal.asvanyekszerek.com\/index.php\/wp-json\/wp\/v2\/product_tag?post=1124"}],"curies":[{"name":"wp","href":"https:\/\/api.w.org\/{rel}","templated":true}]}}