{"id":1110,"date":"2025-09-08T09:57:23","date_gmt":"2025-09-08T07:57:23","guid":{"rendered":"https:\/\/ujoldal.asvanyekszerek.com\/index.php\/termek\/matt-hegyikristaly-es-magenta-tigrisszem-karkoto\/"},"modified":"2025-09-17T12:08:14","modified_gmt":"2025-09-17T10:08:14","slug":"matt-hegyikristaly-es-magenta-tigrisszem-karkoto","status":"publish","type":"product","link":"https:\/\/ujoldal.asvanyekszerek.com\/index.php\/termek\/matt-hegyikristaly-es-magenta-tigrisszem-karkoto\/","title":{"rendered":"Matt hegyikrist\u00e1ly \u00e9s magenta tigrisszem kark\u00f6t\u0151"},"content":{"rendered":"<p><strong>Hegyikrist\u00e1ly<\/strong>: Sejtregener\u00e1l\u00f3, immuner\u0151s\u00edt\u0151, idegrendszer nyugtat\u00f3, m\u00e9regtelen\u00edt\u0151. Serkenti az agyi funkci\u00f3kat \u00e9s az anyagcser\u00e9t. Egyens\u00falyban tartja a hormonh\u00e1ztart\u00e1st \u00e9s a v\u00e9rcukorszintet.<\/p>\n<p><strong>Tigrisszem<\/strong>: Az ezoterikus irodalom r\u00e9g\u00f3ta ismeri \u00e9s alkalmazza a tigrisszemet. A legfontosabb kapcsolatban a napfonat csakr\u00e1val \u00e1ss, ez\u00e1ltal hat\u00e1sai a t\u0171z-er\u0151 k\u00f6zpontban \u00e9rv\u00e9nyes\u00fclnek a legjobban. \u00dagy tartj\u00e1k, hogy a tigrisszem energi\u00e1i legink\u00e1bb az Ikrek, az Oroszl\u00e1n, a Sz\u0171z, a Skorpi\u00f3 \u00e9s a Nyilas jegy sz\u00fcl\u0151tteivel harmoniz\u00e1lnak, de egy\u00e9bk\u00e9nt minden ember sz\u00e1m\u00e1ra hasznosak.<\/p>\n<p><strong>Hat\u00e1sai:<\/strong> Csont, \u00edz\u00fclet \u00e9s immun-rendszer er\u0151s\u00edt\u0151, l\u00e9g\u00fat \u00e9s t\u00fcd\u0151 er\u0151s\u00edt\u0151, asztma gy\u00f3gy\u00edt\u00f3 \u00e9s kreativit\u00e1s fejleszt\u0151.<\/p>\n","protected":false},"excerpt":{"rendered":"<p>Egyedi elk\u00e9pzel\u00e9s alapj\u00e1n k\u00e9sz\u00edtett n\u0151i \u00e1sv\u00e1nykark\u00f6t\u0151, amely matt hegyikrist\u00e1lyb\u00f3l \u00e9s magenta tigrisszemb\u0151l k\u00e9sz\u00fclt. T\u00f6k\u00e9letes aj\u00e1nd\u00e9k lehet sz\u00fclet\u00e9snapra, n\u00e9vnapra vagy ha csak egyszer\u0171en szeretn\u00e9d magad vagy valamelyik szereteted meglepni egy k\u00fcl\u00f6nleges kark\u00f6t\u0151vel.<\/p>\n","protected":false},"featured_media":1111,"comment_status":"open","ping_status":"open","template":"","meta":{"_seopress_robots_primary_cat":"","_seopress_titles_title":"","_seopress_titles_desc":"","_seopress_robots_index":""},"product_brand":[],"product_cat":[17,26,25],"product_tag":[],"class_list":{"0":"post-1110","1":"product","2":"type-product","3":"status-publish","4":"has-post-thumbnail","6":"product_cat-asvanykarkoto","7":"product_cat-basic","8":"product_cat-noi-asvanykarkoto","10":"first","11":"instock","12":"shipping-taxable","13":"purchasable","14":"product-type-simple"},"_links":{"self":[{"href":"https:\/\/ujoldal.asvanyekszerek.com\/index.php\/wp-json\/wp\/v2\/product\/1110","targetHints":{"allow":["GET"]}}],"collection":[{"href":"https:\/\/ujoldal.asvanyekszerek.com\/index.php\/wp-json\/wp\/v2\/product"}],"about":[{"href":"https:\/\/ujoldal.asvanyekszerek.com\/index.php\/wp-json\/wp\/v2\/types\/product"}],"replies":[{"embeddable":true,"href":"https:\/\/ujoldal.asvanyekszerek.com\/index.php\/wp-json\/wp\/v2\/comments?post=1110"}],"wp:featuredmedia":[{"embeddable":true,"href":"https:\/\/ujoldal.asvanyekszerek.com\/index.php\/wp-json\/wp\/v2\/media\/1111"}],"wp:attachment":[{"href":"https:\/\/ujoldal.asvanyekszerek.com\/index.php\/wp-json\/wp\/v2\/media?parent=1110"}],"wp:term":[{"taxonomy":"product_brand","embeddable":true,"href":"https:\/\/ujoldal.asvanyekszerek.com\/index.php\/wp-json\/wp\/v2\/product_brand?post=1110"},{"taxonomy":"product_cat","embeddable":true,"href":"https:\/\/ujoldal.asvanyekszerek.com\/index.php\/wp-json\/wp\/v2\/product_cat?post=1110"},{"taxonomy":"product_tag","embeddable":true,"href":"https:\/\/ujoldal.asvanyekszerek.com\/index.php\/wp-json\/wp\/v2\/product_tag?post=1110"}],"curies":[{"name":"wp","href":"https:\/\/api.w.org\/{rel}","templated":true}]}}