{"id":1070,"date":"2025-09-08T09:53:57","date_gmt":"2025-09-08T07:53:57","guid":{"rendered":"https:\/\/ujoldal.asvanyekszerek.com\/index.php\/termek\/annie-karkoto-ezust-cirkoniaval\/"},"modified":"2025-09-17T12:07:20","modified_gmt":"2025-09-17T10:07:20","slug":"annie-karkoto-ezust-cirkoniaval","status":"publish","type":"product","link":"https:\/\/ujoldal.asvanyekszerek.com\/index.php\/termek\/annie-karkoto-ezust-cirkoniaval\/","title":{"rendered":"Annie kark\u00f6t\u0151 ez\u00fcst cirkoni\u00e1val"},"content":{"rendered":"<p><strong>Hegyikrist\u00e1ly<\/strong>: Sejtregener\u00e1l\u00f3, immuner\u0151s\u00edt\u0151, idegrendszer nyugtat\u00f3, m\u00e9regtelen\u00edt\u0151. Serkenti az agyi funkci\u00f3kat \u00e9s az anyagcser\u00e9t. Egyens\u00falyban tartja a hormonh\u00e1ztart\u00e1st \u00e9s a v\u00e9rcukorszintet.\n<\/p>\n<p><strong>Tigrisszem<\/strong>: Az ezoterikus irodalom r\u00e9g\u00f3ta ismeri \u00e9s alkalmazza a tigrisszemet. A legfontosabb kapcsolatban a napfonat csakr\u00e1val \u00e1ss, ez\u00e1ltal hat\u00e1sai a t\u0171z-er\u0151 k\u00f6zpontban \u00e9rv\u00e9nyes\u00fclnek a legjobban. \u00dagy tartj\u00e1k, hogy a tigrisszem energi\u00e1i legink\u00e1bb az Ikrek, az Oroszl\u00e1n, a Sz\u0171z, a Skorpi\u00f3 \u00e9s a Nyilas jegy sz\u00fcl\u0151tteivel harmoniz\u00e1lnak, de egy\u00e9bk\u00e9nt minden ember sz\u00e1m\u00e1ra hasznosak.<\/p>\n","protected":false},"excerpt":{"rendered":"<p>Az Annie kark\u00f6t\u0151 egy eleg\u00e1ns \u00e9s st\u00edlusos kieg\u00e9sz\u00edt\u0151, melyet ez\u00fcstb\u0151l k\u00e9sz\u00edtettek \u00e9s cirk\u00f3nia d\u00edsz\u00edti. Csillog\u00f3 k\u00f6vei miatt remek v\u00e1laszt\u00e1s lehet mindennapi viseletre vagy alkalmi esem\u00e9nyekre is. Egyed\u00fcl\u00e1ll\u00f3 designja \u00e9s kiv\u00e1l\u00f3 min\u0151s\u00e9ge miatt garant\u00e1ltan elnyeri a visel\u0151k tetsz\u00e9s\u00e9t \u00e9s d\u00edsz\u00edt\u0151 elemk\u00e9nt is mutat\u00f3s kieg\u00e9sz\u00edt\u0151je lehet szem\u00e9lyes st\u00edlusunknak.<\/p>\n","protected":false},"featured_media":1071,"comment_status":"open","ping_status":"open","template":"","meta":{"_seopress_robots_primary_cat":"","_seopress_titles_title":"","_seopress_titles_desc":"","_seopress_robots_index":""},"product_brand":[],"product_cat":[17,29,25],"product_tag":[],"class_list":{"0":"post-1070","1":"product","2":"type-product","3":"status-publish","4":"has-post-thumbnail","6":"product_cat-asvanykarkoto","7":"product_cat-cirkonia-koves","8":"product_cat-noi-asvanykarkoto","10":"first","11":"instock","12":"shipping-taxable","13":"purchasable","14":"product-type-simple"},"_links":{"self":[{"href":"https:\/\/ujoldal.asvanyekszerek.com\/index.php\/wp-json\/wp\/v2\/product\/1070","targetHints":{"allow":["GET"]}}],"collection":[{"href":"https:\/\/ujoldal.asvanyekszerek.com\/index.php\/wp-json\/wp\/v2\/product"}],"about":[{"href":"https:\/\/ujoldal.asvanyekszerek.com\/index.php\/wp-json\/wp\/v2\/types\/product"}],"replies":[{"embeddable":true,"href":"https:\/\/ujoldal.asvanyekszerek.com\/index.php\/wp-json\/wp\/v2\/comments?post=1070"}],"wp:featuredmedia":[{"embeddable":true,"href":"https:\/\/ujoldal.asvanyekszerek.com\/index.php\/wp-json\/wp\/v2\/media\/1071"}],"wp:attachment":[{"href":"https:\/\/ujoldal.asvanyekszerek.com\/index.php\/wp-json\/wp\/v2\/media?parent=1070"}],"wp:term":[{"taxonomy":"product_brand","embeddable":true,"href":"https:\/\/ujoldal.asvanyekszerek.com\/index.php\/wp-json\/wp\/v2\/product_brand?post=1070"},{"taxonomy":"product_cat","embeddable":true,"href":"https:\/\/ujoldal.asvanyekszerek.com\/index.php\/wp-json\/wp\/v2\/product_cat?post=1070"},{"taxonomy":"product_tag","embeddable":true,"href":"https:\/\/ujoldal.asvanyekszerek.com\/index.php\/wp-json\/wp\/v2\/product_tag?post=1070"}],"curies":[{"name":"wp","href":"https:\/\/api.w.org\/{rel}","templated":true}]}}