{"id":1018,"date":"2025-09-08T09:48:43","date_gmt":"2025-09-08T07:48:43","guid":{"rendered":"https:\/\/ujoldal.asvanyekszerek.com\/index.php\/termek\/akvamarin-chips-karkoto\/"},"modified":"2025-09-17T12:06:10","modified_gmt":"2025-09-17T10:06:10","slug":"akvamarin-chips-karkoto","status":"publish","type":"product","link":"https:\/\/ujoldal.asvanyekszerek.com\/index.php\/termek\/akvamarin-chips-karkoto\/","title":{"rendered":"Akvamarin chips kark\u00f6t\u0151"},"content":{"rendered":"<p><strong>Akvamarin: <\/strong>A boldogs\u00e1g, a rem\u00e9ny \u00e9s a hossz\u00fa fiatals\u00e1g k\u00f6ve. Nyugalmat, harm\u00f3ni\u00e1t, kiegyens\u00falyozotts\u00e1got hordoz. Cs\u00f6kkenti az agresszi\u00f3t. Seg\u00edti regener\u00e1l\u00f3dni a f\u00e1radt, meger\u0151ltetett szemet. Hasznos pajzsmirigyprobl\u00e9m\u00e1k kezel\u00e9s\u00e9ben. Er\u0151s\u00edti az immunrendszert, seg\u00edt az allergi\u00e1s megbeteged\u00e9sekben.<\/p>\n","protected":false},"excerpt":{"rendered":"<p>Egyedi desing alapj\u00e1n k\u00e9sz\u00fclt n\u0151i \u00e1sv\u00e1nykark\u00f6t\u0151, amely akvamarinb\u00f3l k\u00e9sz\u00fclt. T\u00f6k\u00e9letes aj\u00e1nd\u00e9k lehet sz\u00fclet\u00e9snapra \u00e9s n\u00e9vnapra. A term\u00e9k k\u00fcl\u00f6nb\u00f6z\u0151 m\u00e9retben rendelhet\u0151, \u00edgy k\u00e9rlek a rendel\u00e9s v\u00e9g\u00e9n l\u00e9v\u0151 megjegyz\u00e9sben add meg a pontos m\u00e9retet.<\/p>\n","protected":false},"featured_media":1019,"comment_status":"open","ping_status":"open","template":"","meta":{"_seopress_robots_primary_cat":"","_seopress_titles_title":"","_seopress_titles_desc":"","_seopress_robots_index":""},"product_brand":[],"product_cat":[36],"product_tag":[],"class_list":{"0":"post-1018","1":"product","2":"type-product","3":"status-publish","4":"has-post-thumbnail","6":"product_cat-chips-karkotok","8":"first","9":"instock","10":"shipping-taxable","11":"purchasable","12":"product-type-simple"},"_links":{"self":[{"href":"https:\/\/ujoldal.asvanyekszerek.com\/index.php\/wp-json\/wp\/v2\/product\/1018","targetHints":{"allow":["GET"]}}],"collection":[{"href":"https:\/\/ujoldal.asvanyekszerek.com\/index.php\/wp-json\/wp\/v2\/product"}],"about":[{"href":"https:\/\/ujoldal.asvanyekszerek.com\/index.php\/wp-json\/wp\/v2\/types\/product"}],"replies":[{"embeddable":true,"href":"https:\/\/ujoldal.asvanyekszerek.com\/index.php\/wp-json\/wp\/v2\/comments?post=1018"}],"wp:featuredmedia":[{"embeddable":true,"href":"https:\/\/ujoldal.asvanyekszerek.com\/index.php\/wp-json\/wp\/v2\/media\/1019"}],"wp:attachment":[{"href":"https:\/\/ujoldal.asvanyekszerek.com\/index.php\/wp-json\/wp\/v2\/media?parent=1018"}],"wp:term":[{"taxonomy":"product_brand","embeddable":true,"href":"https:\/\/ujoldal.asvanyekszerek.com\/index.php\/wp-json\/wp\/v2\/product_brand?post=1018"},{"taxonomy":"product_cat","embeddable":true,"href":"https:\/\/ujoldal.asvanyekszerek.com\/index.php\/wp-json\/wp\/v2\/product_cat?post=1018"},{"taxonomy":"product_tag","embeddable":true,"href":"https:\/\/ujoldal.asvanyekszerek.com\/index.php\/wp-json\/wp\/v2\/product_tag?post=1018"}],"curies":[{"name":"wp","href":"https:\/\/api.w.org\/{rel}","templated":true}]}}