{"id":1741,"date":"2025-09-25T15:15:50","date_gmt":"2025-09-25T13:15:50","guid":{"rendered":"https:\/\/ujoldal.asvanyekszerek.com\/?page_id=1741"},"modified":"2025-09-25T15:18:29","modified_gmt":"2025-09-25T13:18:29","slug":"merettablazat","status":"publish","type":"page","link":"https:\/\/ujoldal.asvanyekszerek.com\/index.php\/merettablazat\/","title":{"rendered":"M\u00e9rett\u00e1bl\u00e1zat"},"content":{"rendered":"\t\t<div data-elementor-type=\"wp-page\" data-elementor-id=\"1741\" class=\"elementor elementor-1741\" data-elementor-post-type=\"page\">\n\t\t\t\t<div class=\"elementor-element elementor-element-b00ab21 e-flex e-con-boxed e-con e-parent\" data-id=\"b00ab21\" data-element_type=\"container\">\n\t\t\t\t\t<div class=\"e-con-inner\">\n\t\t\t\t<div class=\"elementor-element elementor-element-70665bd elementor-widget elementor-widget-text-editor\" data-id=\"70665bd\" data-element_type=\"widget\" data-widget_type=\"text-editor.default\">\n\t\t\t\t\t\t\t\t\t<h2><b>M\u00e9rett\u00e1bl\u00e1zat<\/b><\/h2><p>Az \u00e9kszereket egyedileg, m\u00e9retre k\u00e9sz\u00fclnek, teh\u00e1t minden esetben v\u00e1laszd ki a sz\u00e1modra megfelel\u0151 m\u00e9retet.<br \/>A legegyszer\u0171bb m\u00f3dja a kark\u00f6t\u0151m\u00e9reted meghat\u00e1roz\u00e1s\u00e1nak, ha egy puha m\u00e9r\u0151szalagot a csukl\u00f3d k\u00f6r\u00e9 tekersz, (semmik\u00e9ppen se a merev m\u00e9r\u0151szalagot haszn\u00e1ld a m\u00e9r\u00e9sn\u00e9l). Ha nincs m\u00e9r\u0151szalagod, akkor egy c\u00e9rnasz\u00e1lat vagy egy pap\u00edrcs\u00edkot tekerj a csukl\u00f3d k\u00f6r\u00e9, jel\u00f6ld meg, vagy v\u00e1gd el, majd azt egy vonalz\u00f3 seg\u00edts\u00e9g\u00e9vel m\u00e9rd le.<\/p><p>Ha szorosan m\u00e9red, \u00fagy nincs r\u00e9s a centi \u00e9s a csukl\u00f3d k\u00f6z\u00f6tt, akkor lesz pont j\u00f3 a kark\u00f6t\u0151.<br \/>Ha azt szereted, hogy forog, cs\u00faszk\u00e1l a kark\u00f6t\u0151, akkor kell 1 centivel nagyobb.<\/p>\t\t\t\t\t\t\t\t<\/div>\n\t\t\t\t\t<\/div>\n\t\t\t\t<\/div>\n\t\t<div class=\"elementor-element elementor-element-94fa2ef e-flex e-con-boxed e-con e-parent\" data-id=\"94fa2ef\" data-element_type=\"container\">\n\t\t\t\t\t<div class=\"e-con-inner\">\n\t\t<div class=\"elementor-element elementor-element-5180377 e-con-full e-flex e-con e-child\" data-id=\"5180377\" data-element_type=\"container\">\n\t\t\t\t<div class=\"elementor-element elementor-element-8e5286d elementor-widget elementor-widget-text-editor\" data-id=\"8e5286d\" data-element_type=\"widget\" data-widget_type=\"text-editor.default\">\n\t\t\t\t\t\t\t\t\t<p>N\u0150I m\u00e9retek: \u00a0 \u00a0 \u00a0 \u00a0 \u00a0 \u00a0 \u00a0 \u00a0 \u00a0 \u00a0 \u00a0 \u00a0 \u00a0 \u00a0 <br \/>XS &#8211; 14 cm<br \/>S &#8211; 15 cm<br \/>M &#8211; 16 cm<br \/>L &#8211; 17 cm<br \/>XL &#8211; 18 cm<br \/>XXL &#8211; 19 cm<\/p><p>F\u00c9RFI m\u00e9retek:<br \/>XS &#8211; 16 cm<br \/>S &#8211; 17 cm<br \/>M &#8211; 18 cm<br \/>L &#8211; 19 cm<br \/>XL &#8211; 20 cm<br \/>XXL &#8211; 21 cm<\/p>\t\t\t\t\t\t\t\t<\/div>\n\t\t\t\t<\/div>\n\t\t<div class=\"elementor-element elementor-element-37b8567 e-con-full e-flex e-con e-child\" data-id=\"37b8567\" data-element_type=\"container\">\n\t\t\t\t<div class=\"elementor-element elementor-element-83ab989 elementor-widget elementor-widget-image\" data-id=\"83ab989\" data-element_type=\"widget\" data-widget_type=\"image.default\">\n\t\t\t\t\t\t\t\t\t\t\t\t\t\t\t<img alt=\"\" fetchpriority=\"high\" decoding=\"async\" width=\"267\" height=\"200\" src=\"https:\/\/ujoldal.asvanyekszerek.com\/wp-content\/uploads\/2025\/09\/inador.jpg\" class=\"attachment-full size-full wp-image-1743\" alt=\"\" \/>\t\t\t\t\t\t\t\t\t\t\t\t\t\t\t<\/div>\n\t\t\t\t<\/div>\n\t\t\t\t\t<\/div>\n\t\t\t\t<\/div>\n\t\t\t\t<\/div>\n\t\t","protected":false},"excerpt":{"rendered":"<p>M\u00e9rett\u00e1bl\u00e1zat Az \u00e9kszereket egyedileg, m\u00e9retre k\u00e9sz\u00fclnek, teh\u00e1t minden esetben v\u00e1laszd ki a sz\u00e1modra megfelel\u0151 m\u00e9retet.A legegyszer\u0171bb m\u00f3dja a kark\u00f6t\u0151m\u00e9reted meghat\u00e1roz\u00e1s\u00e1nak, ha egy puha m\u00e9r\u0151szalagot a csukl\u00f3d k\u00f6r\u00e9 tekersz, (semmik\u00e9ppen se a merev m\u00e9r\u0151szalagot haszn\u00e1ld a m\u00e9r\u00e9sn\u00e9l). Ha nincs m\u00e9r\u0151szalagod, akkor egy c\u00e9rnasz\u00e1lat vagy egy pap\u00edrcs\u00edkot tekerj a csukl\u00f3d k\u00f6r\u00e9, jel\u00f6ld meg, vagy v\u00e1gd el, majd [&hellip;]<\/p>\n","protected":false},"author":1,"featured_media":0,"parent":0,"menu_order":0,"comment_status":"closed","ping_status":"closed","template":"","meta":{"_seopress_robots_primary_cat":"","_seopress_titles_title":"","_seopress_titles_desc":"","_seopress_robots_index":"","footnotes":""},"class_list":["post-1741","page","type-page","status-publish","hentry"],"_links":{"self":[{"href":"https:\/\/ujoldal.asvanyekszerek.com\/index.php\/wp-json\/wp\/v2\/pages\/1741","targetHints":{"allow":["GET"]}}],"collection":[{"href":"https:\/\/ujoldal.asvanyekszerek.com\/index.php\/wp-json\/wp\/v2\/pages"}],"about":[{"href":"https:\/\/ujoldal.asvanyekszerek.com\/index.php\/wp-json\/wp\/v2\/types\/page"}],"author":[{"embeddable":true,"href":"https:\/\/ujoldal.asvanyekszerek.com\/index.php\/wp-json\/wp\/v2\/users\/1"}],"replies":[{"embeddable":true,"href":"https:\/\/ujoldal.asvanyekszerek.com\/index.php\/wp-json\/wp\/v2\/comments?post=1741"}],"version-history":[{"count":4,"href":"https:\/\/ujoldal.asvanyekszerek.com\/index.php\/wp-json\/wp\/v2\/pages\/1741\/revisions"}],"predecessor-version":[{"id":1746,"href":"https:\/\/ujoldal.asvanyekszerek.com\/index.php\/wp-json\/wp\/v2\/pages\/1741\/revisions\/1746"}],"wp:attachment":[{"href":"https:\/\/ujoldal.asvanyekszerek.com\/index.php\/wp-json\/wp\/v2\/media?parent=1741"}],"curies":[{"name":"wp","href":"https:\/\/api.w.org\/{rel}","templated":true}]}}